{"id":8766,"date":"2025-04-17T10:50:15","date_gmt":"2025-04-17T10:50:15","guid":{"rendered":"https:\/\/ecobnb.es\/blog\/?page_id=8766"},"modified":"2025-04-19T17:32:08","modified_gmt":"2025-04-19T17:32:08","slug":"tarifas-estacionales","status":"publish","type":"page","link":"https:\/\/ecobnb.es\/blog\/tarifas-estacionales\/","title":{"rendered":"C\u00f3mo usar las Tarifas Estacionales para gestionar f\u00e1cilmente los precios de tu alojamiento en Ecobnb"},"content":{"rendered":"\n<p>Gestionar los <strong>precios<\/strong> de tu alojamiento a lo largo del a\u00f1o puede ser un desaf\u00edo, especialmente con las <strong>temporadas altas y bajas<\/strong>, feriados, eventos locales o fines de semana especiales. Para simplificar esta tarea y ayudarte a <strong>ahorrar tiempo<\/strong>, Ecobnb ha creado la funci\u00f3n de <strong>Tarifas Estacionales<\/strong>, una herramienta intuitiva que te permite <strong>establecer f\u00e1cilmente precios diferentes seg\u00fan la \u00e9poca del a\u00f1o<\/strong>.<\/p>\n\n\n\n<h2>\u00bfQu\u00e9 es la funci\u00f3n <em>Tarifas Estacionales<\/em>?<\/h2>\n\n\n\n<figure class=\"wp-block-image size-large\"><img width=\"870\" height=\"490\" src=\"https:\/\/ecobnb.es\/blog\/app\/uploads\/sites\/6\/2025\/04\/tariffe-stagionali-ecobnb-870x490.jpg\" alt=\"\u00bfQu\u00e9 es la funci\u00f3n Tarifas Estacionales?\" class=\"wp-image-8769\" srcset=\"https:\/\/ecobnb.es\/blog\/app\/uploads\/sites\/6\/2025\/04\/tariffe-stagionali-ecobnb.jpg 870w, https:\/\/ecobnb.es\/blog\/app\/uploads\/sites\/6\/2025\/04\/tariffe-stagionali-ecobnb-536x302.jpg 536w, https:\/\/ecobnb.es\/blog\/app\/uploads\/sites\/6\/2025\/04\/tariffe-stagionali-ecobnb-768x433.jpg 768w, https:\/\/ecobnb.es\/blog\/app\/uploads\/sites\/6\/2025\/04\/tariffe-stagionali-ecobnb-570x320.jpg 570w, https:\/\/ecobnb.es\/blog\/app\/uploads\/sites\/6\/2025\/04\/tariffe-stagionali-ecobnb-344x194.jpg 344w\" sizes=\"(max-width: 870px) 100vw, 870px\" \/><\/figure>\n\n\n\n<p>Las <strong>Tarifas Estacionales<\/strong> te permiten crear listas de precios personalizadas para <strong>diferentes \u00e9pocas del a\u00f1o<\/strong>, con precios que difieren de los est\u00e1ndar.<\/p>\n\n\n\n<p>Puedes ajustar f\u00e1cilmente tus precios seg\u00fan la temporada (verano, invierno, primavera, etc.), o para feriados, puentes largos o eventos en tu zona.<\/p>\n\n\n\n<p>Cada Tarifa Estacional puede incluir:<\/p>\n\n\n\n<ul><li>Un <strong>nombre identificable<\/strong> (por ejemplo: \u201cTemporada Alta\u201d, \u201cNavidad\u201d, \u201cVerano 2025\u201d)<\/li><li>Un <strong>color personalizado<\/strong> para identificarla f\u00e1cilmente en tu calendario<\/li><li>Un <strong>per\u00edodo de validez<\/strong> (por ejemplo, del 1 de julio al 31 de agosto)<\/li><li>La opci\u00f3n de establecer <strong>precios distintos para los fines de semana<\/strong><\/li><li>Precios espec\u00edficos para cada <strong>Espacio en Alquiler<\/strong><\/li><\/ul>\n\n\n\n<h2>\u00bfC\u00f3mo crear una Tarifa Estacional?<\/h2>\n\n\n\n<figure class=\"wp-block-image size-full\"><img src=\"https:\/\/ecobnb.it\/blog\/app\/uploads\/sites\/2\/2025\/04\/tariffe-stagionali-come-accedere.png\" alt=\"Ve a la secci\u00f3n Calendario y Precios &gt; Tarifas Estacionales para establecer f\u00e1cilmente precios seg\u00fan las fechas\" class=\"wp-image-84813\"\/><\/figure>\n\n\n\n<p>Estos son los pasos sencillos para configurar una Tarifa Estacional en Ecobnb:<\/p>\n\n\n\n<ol><li><strong>Inicia sesi\u00f3n en el perfil de tu alojamiento<\/strong> en Ecobnb.<\/li><li>Ve a <strong>Calendario y Precios &gt; Tarifas Estacionales<\/strong>.<\/li><li>Haz clic en <strong>\u201cA\u00f1adir Tarifa Estacional\u201d<\/strong>.<\/li><li><strong>Asigna un nombre<\/strong> a la tarifa (por ejemplo, \u201cTemporada Alta\u201d).<\/li><li><strong>Elige un color<\/strong> para reconocerla f\u00e1cilmente en tu calendario.<\/li><li><strong>Define las fechas de inicio y fin<\/strong> del per\u00edodo.<\/li><li>Selecciona los <strong>d\u00edas que consideras fines de semana<\/strong> (por ejemplo: check-in viernes, check-out domingo).<\/li><li>Introduce tus <strong>precios personalizados<\/strong> para cada Espacio en Alquiler:<ul><li>Precio base por noche<\/li><li>Precio de fin de semana<\/li><li>Precio por cama adicional<\/li><li>Precio reducido para ni\u00f1os\/adolescentes<\/li><li>Tarifa de limpieza<\/li><li>Estancia m\u00ednima<\/li><\/ul><\/li><\/ol>\n\n\n\n<p>\u26a0\ufe0f Si dejas alg\u00fan campo en blanco, el sistema aplicar\u00e1 los precios est\u00e1ndar que ya has configurado para ese espacio.<\/p>\n\n\n\n<figure class=\"wp-block-image size-large\"><img src=\"https:\/\/ecobnb.it\/blog\/app\/uploads\/sites\/2\/2025\/04\/inserisci-tariffa-stagionale-870x490.png\" alt=\"Pasos para configurar una Tarifa Estacional en Ecobnb\" class=\"wp-image-84812\"\/><\/figure>\n\n\n\n<h2>\u00bfPor qu\u00e9 usar las Tarifas Estacionales?<\/h2>\n\n\n\n<ul><li><strong>Ahorra tiempo<\/strong>: configura los precios una sola vez por per\u00edodo y el calendario se actualiza autom\u00e1ticamente.<\/li><li><strong>Evita errores<\/strong>: con precios claros y predefinidos, reduces el riesgo de malentendidos con los hu\u00e9spedes.<\/li><li><strong>Adapta los precios a la demanda<\/strong>: aumenta los precios en per\u00edodos de alta demanda y b\u00e1jalos en temporada baja.<\/li><li><strong>M\u00e1s control y flexibilidad<\/strong>: puedes a\u00f1adir, modificar o eliminar tarifas estacionales en cualquier momento.<\/li><\/ul>\n\n\n\n<figure class=\"wp-block-image size-large\"><img width=\"870\" height=\"490\" src=\"https:\/\/ecobnb.es\/blog\/app\/uploads\/sites\/6\/2025\/04\/\u00bfPor-que-usar-las-Tarifas-Estacionales-870x490.jpg\" alt=\"\u00bfPor qu\u00e9 usar las Tarifas Estacionales?\" class=\"wp-image-8771\" srcset=\"https:\/\/ecobnb.es\/blog\/app\/uploads\/sites\/6\/2025\/04\/\u00bfPor-que-usar-las-Tarifas-Estacionales.jpg 870w, https:\/\/ecobnb.es\/blog\/app\/uploads\/sites\/6\/2025\/04\/\u00bfPor-que-usar-las-Tarifas-Estacionales-536x302.jpg 536w, https:\/\/ecobnb.es\/blog\/app\/uploads\/sites\/6\/2025\/04\/\u00bfPor-que-usar-las-Tarifas-Estacionales-768x433.jpg 768w, https:\/\/ecobnb.es\/blog\/app\/uploads\/sites\/6\/2025\/04\/\u00bfPor-que-usar-las-Tarifas-Estacionales-570x320.jpg 570w, https:\/\/ecobnb.es\/blog\/app\/uploads\/sites\/6\/2025\/04\/\u00bfPor-que-usar-las-Tarifas-Estacionales-344x194.jpg 344w\" sizes=\"(max-width: 870px) 100vw, 870px\" \/><\/figure>\n\n\n\n<h2>\u00a1Empieza ahora!<\/h2>\n\n\n\n<p><a href=\"https:\/\/ecobnb.it\/login\" target=\"_blank\" rel=\"noreferrer noopener\">Inicia sesi\u00f3n en tu cuenta de Ecobnb<\/a> y crea tu primera <strong>Tarifa Estacional<\/strong>: solo necesitas unos minutos para optimizar tu calendario y ofrecer a tus hu\u00e9spedes <strong>precios claros y actualizados<\/strong>. <strong>Un paso fundamental para <a href=\"https:\/\/ecobnb.it\/blog\/2024\/05\/consigli-migliorare-visibilita-aumentare-prenotazioni-struttura\/\" target=\"_blank\" rel=\"noreferrer noopener\">aumentar la visibilidad de tu alojamiento en Ecobnb y recibir m\u00e1s reservas<\/a><\/strong>.<\/p>\n\n\n\n<p>\u00bfNecesitas ayuda? \u00a1Nuestro equipo est\u00e1 siempre disponible para ayudarte!<\/p>\n","protected":false},"excerpt":{"rendered":"<p>Gestionar los precios de tu alojamiento a lo largo del a\u00f1o puede ser un desaf\u00edo, especialmente con las temporadas altas y bajas, feriados, eventos locales o fines de semana especiales. Para simplificar esta tarea y ayudarte a ahorrar tiempo, Ecobnb ha creado la funci\u00f3n de Tarifas Estacionales, una herramienta intuitiva que te permite establecer f\u00e1cilmente [&hellip;]<\/p>\n","protected":false},"author":3,"featured_media":8767,"parent":0,"menu_order":0,"comment_status":"closed","ping_status":"closed","template":"","meta":[],"acf":[],"yoast_head":"<!-- This site is optimized with the Yoast SEO plugin v19.9 - https:\/\/yoast.com\/wordpress\/plugins\/seo\/ -->\n<title>Tarifas Estacionales: c\u00f3mo gestionar los precios por temporada<\/title>\n<meta name=\"description\" content=\"Descubre c\u00f3mo usar las Tarifas Estacionales en Ecobnb para establecer precios diferentes en temporada alta y baja y gestionar tu calendario.\" \/>\n<meta name=\"robots\" content=\"index, follow, max-snippet:-1, max-image-preview:large, max-video-preview:-1\" \/>\n<link rel=\"canonical\" href=\"https:\/\/ecobnb.es\/blog\/tarifas-estacionales\/\" \/>\n<meta property=\"og:locale\" content=\"es_ES\" \/>\n<meta property=\"og:type\" content=\"article\" \/>\n<meta property=\"og:title\" content=\"Tarifas Estacionales: c\u00f3mo gestionar los precios por temporada\" \/>\n<meta property=\"og:description\" content=\"Descubre c\u00f3mo usar las Tarifas Estacionales en Ecobnb para establecer precios diferentes en temporada alta y baja y gestionar tu calendario.\" \/>\n<meta property=\"og:url\" content=\"https:\/\/ecobnb.es\/blog\/tarifas-estacionales\/\" \/>\n<meta property=\"og:site_name\" content=\"Ecobnb\" \/>\n<meta property=\"article:modified_time\" content=\"2025-04-19T17:32:08+00:00\" \/>\n<meta property=\"og:image\" content=\"https:\/\/ecobnb.es\/blog\/app\/uploads\/sites\/6\/2025\/04\/Come-Creare-le-Tariffe-Stagionali-su-Ecobnb.jpg\" \/>\n\t<meta property=\"og:image:width\" content=\"1170\" \/>\n\t<meta property=\"og:image:height\" content=\"490\" \/>\n\t<meta property=\"og:image:type\" content=\"image\/jpeg\" \/>\n<meta name=\"twitter:card\" content=\"summary_large_image\" \/>\n<meta name=\"twitter:label1\" content=\"Est. reading time\" \/>\n\t<meta name=\"twitter:data1\" content=\"3 minutes\" \/>\n<!-- \/ Yoast SEO plugin. -->","yoast_head_json":{"title":"Tarifas Estacionales: c\u00f3mo gestionar los precios por temporada","description":"Descubre c\u00f3mo usar las Tarifas Estacionales en Ecobnb para establecer precios diferentes en temporada alta y baja y gestionar tu calendario.","robots":{"index":"index","follow":"follow","max-snippet":"max-snippet:-1","max-image-preview":"max-image-preview:large","max-video-preview":"max-video-preview:-1"},"canonical":"https:\/\/ecobnb.es\/blog\/tarifas-estacionales\/","og_locale":"es_ES","og_type":"article","og_title":"Tarifas Estacionales: c\u00f3mo gestionar los precios por temporada","og_description":"Descubre c\u00f3mo usar las Tarifas Estacionales en Ecobnb para establecer precios diferentes en temporada alta y baja y gestionar tu calendario.","og_url":"https:\/\/ecobnb.es\/blog\/tarifas-estacionales\/","og_site_name":"Ecobnb","article_modified_time":"2025-04-19T17:32:08+00:00","og_image":[{"width":1170,"height":490,"url":"https:\/\/ecobnb.es\/blog\/app\/uploads\/sites\/6\/2025\/04\/Come-Creare-le-Tariffe-Stagionali-su-Ecobnb.jpg","type":"image\/jpeg"}],"twitter_card":"summary_large_image","twitter_misc":{"Est. reading time":"3 minutes"},"schema":{"@context":"https:\/\/schema.org","@graph":[{"@type":"WebPage","@id":"https:\/\/ecobnb.es\/blog\/tarifas-estacionales\/","url":"https:\/\/ecobnb.es\/blog\/tarifas-estacionales\/","name":"Tarifas Estacionales: c\u00f3mo gestionar los precios por temporada","isPartOf":{"@id":"https:\/\/ecobnb.es\/blog\/#website"},"datePublished":"2025-04-17T10:50:15+00:00","dateModified":"2025-04-19T17:32:08+00:00","description":"Descubre c\u00f3mo usar las Tarifas Estacionales en Ecobnb para establecer precios diferentes en temporada alta y baja y gestionar tu calendario.","breadcrumb":{"@id":"https:\/\/ecobnb.es\/blog\/tarifas-estacionales\/#breadcrumb"},"inLanguage":"es-ES","potentialAction":[{"@type":"ReadAction","target":["https:\/\/ecobnb.es\/blog\/tarifas-estacionales\/"]}]},{"@type":"BreadcrumbList","@id":"https:\/\/ecobnb.es\/blog\/tarifas-estacionales\/#breadcrumb","itemListElement":[{"@type":"ListItem","position":1,"name":"Home","item":"https:\/\/ecobnb.es\/blog\/"},{"@type":"ListItem","position":2,"name":"C\u00f3mo usar las Tarifas Estacionales para gestionar f\u00e1cilmente los precios de tu alojamiento en Ecobnb"}]},{"@type":"WebSite","@id":"https:\/\/ecobnb.es\/blog\/#website","url":"https:\/\/ecobnb.es\/blog\/","name":"Ecobnb","description":"Find sustainable accommodation","potentialAction":[{"@type":"SearchAction","target":{"@type":"EntryPoint","urlTemplate":"https:\/\/ecobnb.es\/blog\/?s={search_term_string}"},"query-input":"required name=search_term_string"}],"inLanguage":"es-ES"}]}},"_links":{"self":[{"href":"https:\/\/ecobnb.es\/blog\/wp-json\/wp\/v2\/pages\/8766"}],"collection":[{"href":"https:\/\/ecobnb.es\/blog\/wp-json\/wp\/v2\/pages"}],"about":[{"href":"https:\/\/ecobnb.es\/blog\/wp-json\/wp\/v2\/types\/page"}],"author":[{"embeddable":true,"href":"https:\/\/ecobnb.es\/blog\/wp-json\/wp\/v2\/users\/3"}],"replies":[{"embeddable":true,"href":"https:\/\/ecobnb.es\/blog\/wp-json\/wp\/v2\/comments?post=8766"}],"version-history":[{"count":3,"href":"https:\/\/ecobnb.es\/blog\/wp-json\/wp\/v2\/pages\/8766\/revisions"}],"predecessor-version":[{"id":8772,"href":"https:\/\/ecobnb.es\/blog\/wp-json\/wp\/v2\/pages\/8766\/revisions\/8772"}],"wp:featuredmedia":[{"embeddable":true,"href":"https:\/\/ecobnb.es\/blog\/wp-json\/wp\/v2\/media\/8767"}],"wp:attachment":[{"href":"https:\/\/ecobnb.es\/blog\/wp-json\/wp\/v2\/media?parent=8766"}],"curies":[{"name":"wp","href":"https:\/\/api.w.org\/{rel}","templated":true}]}}