{"id":6949,"date":"2022-12-01T14:22:23","date_gmt":"2022-12-01T14:22:23","guid":{"rendered":"https:\/\/ecobnb.es\/blog\/?page_id=6949"},"modified":"2022-12-01T14:25:35","modified_gmt":"2022-12-01T14:25:35","slug":"tarjeta-regalo-preservar-bosques-antiguos","status":"publish","type":"page","link":"https:\/\/ecobnb.es\/blog\/tarjeta-regalo-preservar-bosques-antiguos\/","title":{"rendered":"Tarjeta-Regalo para Preservar los Bosques Antiguos"},"content":{"rendered":"\n<p>Hay mil&nbsp;gestos&nbsp;que puedes hacer para ayudar la salud de <strong>nuestro<\/strong> <strong>planeta<\/strong> y <strong>sus bosques<\/strong>, por ejemplo con un regalo original y ecol\u00f3gico. \u00bfPuede un \u00e1rbol, y en particular la plantaci\u00f3n y conservaci\u00f3n de un bosque, representar todo esto? En Ecobnb creemos que incluso los peque\u00f1os gestos pueden ayudar a nuestro planeta. Y por eso hemos decidido crear con nuestra comunidad los bosques del futuro. <strong><em>&#8220;Regala un Bosque&#8221;<\/em> <\/strong>es la <strong>tarjeta-regalo<\/strong> para participar en este proyecto.<\/p>\n\n\n\n<figure class=\"wp-block-image size-large\"><img width=\"870\" height=\"490\" src=\"https:\/\/ecobnb.es\/blog\/app\/uploads\/sites\/6\/2022\/08\/foto-870x490-86.png-870x490.webp\" alt=\"Regala un Bosque\" class=\"wp-image-6786\" srcset=\"https:\/\/ecobnb.es\/blog\/app\/uploads\/sites\/6\/2022\/08\/foto-870x490-86.png.webp 870w, https:\/\/ecobnb.es\/blog\/app\/uploads\/sites\/6\/2022\/08\/foto-870x490-86.png-536x302.webp 536w, https:\/\/ecobnb.es\/blog\/app\/uploads\/sites\/6\/2022\/08\/foto-870x490-86.png-768x433.webp 768w, https:\/\/ecobnb.es\/blog\/app\/uploads\/sites\/6\/2022\/08\/foto-870x490-86.png-570x320.webp 570w, https:\/\/ecobnb.es\/blog\/app\/uploads\/sites\/6\/2022\/08\/foto-870x490-86.png-344x194.webp 344w\" sizes=\"(max-width: 870px) 100vw, 870px\" \/><\/figure>\n\n\n\n<p>Puedes participar en este maravilloso proyecto y regalar un bosque a tus amigos, a tus colegas y a tus familiares: todos juntos podemos plantar bosques en toda Italia contribuyendo as\u00ed a la protecci\u00f3n del medio ambiente y la biodiversidad de nuestro pa\u00eds. Hacerlo es muy sencillo: en simples pasos puede comprar nuestras tarjetas-regalo <strong><em>&#8220;Regala una Foresta&#8221;<\/em><\/strong>, eligiendo el importe y personaliz\u00e1ndola con un mensaje. Una vez canjeado el c\u00f3digo de la tarjeta regalo, el destinatario recibir\u00e1 las coordenadas GPS del bosque que est\u00e1 ayudando a cultivar junto con un certificado con su nombre.<\/p>\n\n\n\n<h2>\u00bfPor qu\u00e9 regalar un bosque?<\/h2>\n\n\n\n<figure class=\"wp-block-image size-large\"><img width=\"870\" height=\"490\" src=\"https:\/\/ecobnb.es\/blog\/app\/uploads\/sites\/6\/2022\/08\/Regala_una_Foresta.jpg-870x490.webp\" alt=\"Tarjeta-regalo Ecobnb\" class=\"wp-image-6787\" srcset=\"https:\/\/ecobnb.es\/blog\/app\/uploads\/sites\/6\/2022\/08\/Regala_una_Foresta.jpg.webp 870w, https:\/\/ecobnb.es\/blog\/app\/uploads\/sites\/6\/2022\/08\/Regala_una_Foresta.jpg-536x302.webp 536w, https:\/\/ecobnb.es\/blog\/app\/uploads\/sites\/6\/2022\/08\/Regala_una_Foresta.jpg-768x433.webp 768w, https:\/\/ecobnb.es\/blog\/app\/uploads\/sites\/6\/2022\/08\/Regala_una_Foresta.jpg-570x320.webp 570w, https:\/\/ecobnb.es\/blog\/app\/uploads\/sites\/6\/2022\/08\/Regala_una_Foresta.jpg-344x194.webp 344w\" sizes=\"(max-width: 870px) 100vw, 870px\" \/><\/figure>\n\n\n\n<p>Nuestra tarjeta-regalo es sin duda una idea original para un <strong>regalo sostenible<\/strong> y un planeta m\u00e1s verde. Los \u00e1rboles y <a href=\"https:\/\/ecobnb.es\/blog\/2017\/05\/hoteles-ecologicos-bosque\/\" target=\"_blank\" rel=\"noreferrer noopener\">los bosques<\/a> son fundamentales para nuestra vida y aportan varios beneficios, por ejemplo:<\/p>\n\n\n\n<ul><li>proporcionan ox\u00edgeno, esencial para nuestra existencia<\/li><li>combatir el cambio clim\u00e1tico mediante la absorci\u00f3n de di\u00f3xido de carbono<\/li><li>limpiar el aire<\/li><li>mejorar la termorregulaci\u00f3n ambiental y el clima<\/li><li>conservar el agua y evitar su contaminaci\u00f3n<\/li><li>garantizar la biodiversidad<\/li><li>promover nuestro bienestar<\/li><li>contrarrestar la erosi\u00f3n del suelo<\/li><\/ul>\n\n\n\n<h2>Los bosques seculares de Ecobnb<\/h2>\n\n\n\n<figure class=\"wp-block-image size-large\"><img width=\"870\" height=\"490\" src=\"https:\/\/ecobnb.es\/blog\/app\/uploads\/sites\/6\/2022\/08\/foto-870x490-87.png-870x490.webp\" alt=\"Los bosques seculares de Ecobnb\" class=\"wp-image-6785\" srcset=\"https:\/\/ecobnb.es\/blog\/app\/uploads\/sites\/6\/2022\/08\/foto-870x490-87.png.webp 870w, https:\/\/ecobnb.es\/blog\/app\/uploads\/sites\/6\/2022\/08\/foto-870x490-87.png-536x302.webp 536w, https:\/\/ecobnb.es\/blog\/app\/uploads\/sites\/6\/2022\/08\/foto-870x490-87.png-768x433.webp 768w, https:\/\/ecobnb.es\/blog\/app\/uploads\/sites\/6\/2022\/08\/foto-870x490-87.png-570x320.webp 570w, https:\/\/ecobnb.es\/blog\/app\/uploads\/sites\/6\/2022\/08\/foto-870x490-87.png-344x194.webp 344w\" sizes=\"(max-width: 870px) 100vw, 870px\" \/><\/figure>\n\n\n\n<p>Con la tarjeta-regalo puedes participar en el proyecto de Ecobnb a trav\u00e9s del cual nos gustar\u00eda construir y preservar <strong>bosques centenarios<\/strong> en Italia. \u00bfPor qu\u00e9 s\u00f3lo en Italia? Elegimos llevar a cabo una iniciativa local porque nos permite controlar mejor el crecimiento de los bosques y enriquecer nuestro pa\u00eds en t\u00e9rminos de aire limpio, biodiversidad y paisaje. \u00bfSab\u00eda que hay muy pocos bosques antiguos en Italia? Cuando los \u00e1rboles alcanzan un di\u00e1metro de 25-30 cm, est\u00e1n listos para ser &#8220;valorados&#8221; y, por tanto, cortados. As\u00ed, los bosques no tienen tiempo para crecer y crear todo un ecosistema rico en biodiversidad en el que plantas y animales viven en perfecta simbiosis.<\/p>\n\n\n\n<p>Con tu donaci\u00f3n, nos ayudar\u00e1s a sufragar los gastos de plantaci\u00f3n y protecci\u00f3n de los \u00e1rboles: nos encargaremos de adquirir los terrenos, eligiendo entre los lugares da\u00f1ados o en riesgo, y de hacer crecer el bosque seg\u00fan m\u00e9todos naturales y espont\u00e1neos, garantizando que nunca ser\u00e1 talado.<\/p>\n\n\n\n<h2>El regalo perfecto para cada ocasi\u00f3n<\/h2>\n\n\n\n<div class=\"wp-block-media-text alignwide is-stacked-on-mobile\"><figure class=\"wp-block-media-text__media\"><img width=\"804\" height=\"488\" src=\"https:\/\/ecobnb.es\/blog\/app\/uploads\/sites\/6\/2022\/08\/regala_una_foresta_card-e1638517033455.png.webp\" alt=\"El regalo perfecto para cada ocasi\u00f3n\" class=\"wp-image-6788 size-full\" srcset=\"https:\/\/ecobnb.es\/blog\/app\/uploads\/sites\/6\/2022\/08\/regala_una_foresta_card-e1638517033455.png.webp 804w, https:\/\/ecobnb.es\/blog\/app\/uploads\/sites\/6\/2022\/08\/regala_una_foresta_card-e1638517033455.png-536x325.webp 536w, https:\/\/ecobnb.es\/blog\/app\/uploads\/sites\/6\/2022\/08\/regala_una_foresta_card-e1638517033455.png-768x466.webp 768w, https:\/\/ecobnb.es\/blog\/app\/uploads\/sites\/6\/2022\/08\/regala_una_foresta_card-e1638517033455.png-344x209.webp 344w\" sizes=\"(max-width: 804px) 100vw, 804px\" \/><\/figure><div class=\"wp-block-media-text__content\">\n<p class=\"has-large-font-size\"><\/p>\n<\/div><\/div>\n\n\n\n<p>Ya sea para esta Navidad o para un cumplea\u00f1os, regalar un bosque es siempre una idea original y ciertamente apreciada. Con s\u00f3lo unos pasos puedes contribuir a la preservaci\u00f3n de unos pocos metros cuadrados de ecosistema reconstruido que albergar\u00e1 durante siglos a altos \u00e1rboles como el casta\u00f1o, el roble velloso, el fresno, el pino y el arce, as\u00ed como a plantas herb\u00e1ceas y arbustos. Todo a nombre del destinatario, que recibir\u00e1 un certificado y las coordenadas GPS del bosque que est\u00e1 salvando con nosotros.<\/p>\n\n\n\n<h2>Cultive con nosotros los bosques del futuro en Italia<\/h2>\n\n\n\n<ul><li>El bosque de Millesimo, en Savona<\/li><\/ul>\n\n\n\n<figure class=\"wp-block-image size-large\"><img width=\"870\" height=\"490\" src=\"https:\/\/ecobnb.es\/blog\/app\/uploads\/sites\/6\/2022\/08\/foresta-millesimo-savona-bosco-870x490.jpeg-870x490.webp\" alt=\"Cultive con nosotros los bosques del futuro en Italia\" class=\"wp-image-6784\" srcset=\"https:\/\/ecobnb.es\/blog\/app\/uploads\/sites\/6\/2022\/08\/foresta-millesimo-savona-bosco-870x490.jpeg.webp 870w, https:\/\/ecobnb.es\/blog\/app\/uploads\/sites\/6\/2022\/08\/foresta-millesimo-savona-bosco-870x490.jpeg-536x302.webp 536w, https:\/\/ecobnb.es\/blog\/app\/uploads\/sites\/6\/2022\/08\/foresta-millesimo-savona-bosco-870x490.jpeg-768x433.webp 768w, https:\/\/ecobnb.es\/blog\/app\/uploads\/sites\/6\/2022\/08\/foresta-millesimo-savona-bosco-870x490.jpeg-570x320.webp 570w, https:\/\/ecobnb.es\/blog\/app\/uploads\/sites\/6\/2022\/08\/foresta-millesimo-savona-bosco-870x490.jpeg-344x194.webp 344w\" sizes=\"(max-width: 870px) 100vw, 870px\" \/><\/figure>\n","protected":false},"excerpt":{"rendered":"<p>Hay mil&nbsp;gestos&nbsp;que puedes hacer para ayudar la salud de nuestro planeta y sus bosques, por ejemplo con un regalo original y ecol\u00f3gico. \u00bfPuede un \u00e1rbol, y en particular la plantaci\u00f3n y conservaci\u00f3n de un bosque, representar todo esto? En Ecobnb creemos que incluso los peque\u00f1os gestos pueden ayudar a nuestro planeta. Y por eso hemos [&hellip;]<\/p>\n","protected":false},"author":148,"featured_media":6821,"parent":0,"menu_order":0,"comment_status":"closed","ping_status":"closed","template":"","meta":[],"acf":[],"yoast_head":"<!-- This site is optimized with the Yoast SEO plugin v19.9 - https:\/\/yoast.com\/wordpress\/plugins\/seo\/ -->\n<title>Tarjeta-Regalo para Preservar los Bosques Antiguos - Ecobnb<\/title>\n<meta name=\"description\" content=\"Hay mil\u00a0gestos\u00a0que puedes hacer para ayudar la salud de nuestro planeta y sus bosques, por ejemplo con un regalo original y ecol\u00f3gico.\" \/>\n<meta name=\"robots\" content=\"index, follow, max-snippet:-1, max-image-preview:large, max-video-preview:-1\" \/>\n<link rel=\"canonical\" href=\"https:\/\/ecobnb.es\/blog\/tarjeta-regalo-preservar-bosques-antiguos\/\" \/>\n<meta property=\"og:locale\" content=\"es_ES\" \/>\n<meta property=\"og:type\" content=\"article\" \/>\n<meta property=\"og:title\" content=\"Tarjeta-Regalo para Preservar los Bosques Antiguos - Ecobnb\" \/>\n<meta property=\"og:description\" content=\"Hay mil\u00a0gestos\u00a0que puedes hacer para ayudar la salud de nuestro planeta y sus bosques, por ejemplo con un regalo original y ecol\u00f3gico.\" \/>\n<meta property=\"og:url\" content=\"https:\/\/ecobnb.es\/blog\/tarjeta-regalo-preservar-bosques-antiguos\/\" \/>\n<meta property=\"og:site_name\" content=\"Ecobnb\" \/>\n<meta property=\"article:modified_time\" content=\"2022-12-01T14:25:35+00:00\" \/>\n<meta property=\"og:image\" content=\"https:\/\/ecobnb.es\/blog\/app\/uploads\/sites\/6\/2022\/08\/Regala-una-Selva-una-Gift-Card-para-custodiar-secretos-seculares.webp\" \/>\n\t<meta property=\"og:image:width\" content=\"1170\" \/>\n\t<meta property=\"og:image:height\" content=\"490\" \/>\n\t<meta property=\"og:image:type\" content=\"image\/webp\" \/>\n<meta name=\"twitter:card\" content=\"summary_large_image\" \/>\n<meta name=\"twitter:label1\" content=\"Est. reading time\" \/>\n\t<meta name=\"twitter:data1\" content=\"4 minutes\" \/>\n<!-- \/ Yoast SEO plugin. -->","yoast_head_json":{"title":"Tarjeta-Regalo para Preservar los Bosques Antiguos - Ecobnb","description":"Hay mil\u00a0gestos\u00a0que puedes hacer para ayudar la salud de nuestro planeta y sus bosques, por ejemplo con un regalo original y ecol\u00f3gico.","robots":{"index":"index","follow":"follow","max-snippet":"max-snippet:-1","max-image-preview":"max-image-preview:large","max-video-preview":"max-video-preview:-1"},"canonical":"https:\/\/ecobnb.es\/blog\/tarjeta-regalo-preservar-bosques-antiguos\/","og_locale":"es_ES","og_type":"article","og_title":"Tarjeta-Regalo para Preservar los Bosques Antiguos - Ecobnb","og_description":"Hay mil\u00a0gestos\u00a0que puedes hacer para ayudar la salud de nuestro planeta y sus bosques, por ejemplo con un regalo original y ecol\u00f3gico.","og_url":"https:\/\/ecobnb.es\/blog\/tarjeta-regalo-preservar-bosques-antiguos\/","og_site_name":"Ecobnb","article_modified_time":"2022-12-01T14:25:35+00:00","og_image":[{"width":1170,"height":490,"url":"https:\/\/ecobnb.es\/blog\/app\/uploads\/sites\/6\/2022\/08\/Regala-una-Selva-una-Gift-Card-para-custodiar-secretos-seculares.webp","type":"image\/webp"}],"twitter_card":"summary_large_image","twitter_misc":{"Est. reading time":"4 minutes"},"schema":{"@context":"https:\/\/schema.org","@graph":[{"@type":"WebPage","@id":"https:\/\/ecobnb.es\/blog\/tarjeta-regalo-preservar-bosques-antiguos\/","url":"https:\/\/ecobnb.es\/blog\/tarjeta-regalo-preservar-bosques-antiguos\/","name":"Tarjeta-Regalo para Preservar los Bosques Antiguos - Ecobnb","isPartOf":{"@id":"https:\/\/ecobnb.es\/blog\/#website"},"datePublished":"2022-12-01T14:22:23+00:00","dateModified":"2022-12-01T14:25:35+00:00","description":"Hay mil\u00a0gestos\u00a0que puedes hacer para ayudar la salud de nuestro planeta y sus bosques, por ejemplo con un regalo original y ecol\u00f3gico.","breadcrumb":{"@id":"https:\/\/ecobnb.es\/blog\/tarjeta-regalo-preservar-bosques-antiguos\/#breadcrumb"},"inLanguage":"es-ES","potentialAction":[{"@type":"ReadAction","target":["https:\/\/ecobnb.es\/blog\/tarjeta-regalo-preservar-bosques-antiguos\/"]}]},{"@type":"BreadcrumbList","@id":"https:\/\/ecobnb.es\/blog\/tarjeta-regalo-preservar-bosques-antiguos\/#breadcrumb","itemListElement":[{"@type":"ListItem","position":1,"name":"Home","item":"https:\/\/ecobnb.es\/blog\/"},{"@type":"ListItem","position":2,"name":"Tarjeta-Regalo para Preservar los Bosques Antiguos"}]},{"@type":"WebSite","@id":"https:\/\/ecobnb.es\/blog\/#website","url":"https:\/\/ecobnb.es\/blog\/","name":"Ecobnb","description":"Find sustainable accommodation","potentialAction":[{"@type":"SearchAction","target":{"@type":"EntryPoint","urlTemplate":"https:\/\/ecobnb.es\/blog\/?s={search_term_string}"},"query-input":"required name=search_term_string"}],"inLanguage":"es-ES"}]}},"_links":{"self":[{"href":"https:\/\/ecobnb.es\/blog\/wp-json\/wp\/v2\/pages\/6949"}],"collection":[{"href":"https:\/\/ecobnb.es\/blog\/wp-json\/wp\/v2\/pages"}],"about":[{"href":"https:\/\/ecobnb.es\/blog\/wp-json\/wp\/v2\/types\/page"}],"author":[{"embeddable":true,"href":"https:\/\/ecobnb.es\/blog\/wp-json\/wp\/v2\/users\/148"}],"replies":[{"embeddable":true,"href":"https:\/\/ecobnb.es\/blog\/wp-json\/wp\/v2\/comments?post=6949"}],"version-history":[{"count":1,"href":"https:\/\/ecobnb.es\/blog\/wp-json\/wp\/v2\/pages\/6949\/revisions"}],"predecessor-version":[{"id":6950,"href":"https:\/\/ecobnb.es\/blog\/wp-json\/wp\/v2\/pages\/6949\/revisions\/6950"}],"wp:featuredmedia":[{"embeddable":true,"href":"https:\/\/ecobnb.es\/blog\/wp-json\/wp\/v2\/media\/6821"}],"wp:attachment":[{"href":"https:\/\/ecobnb.es\/blog\/wp-json\/wp\/v2\/media?parent=6949"}],"curies":[{"name":"wp","href":"https:\/\/api.w.org\/{rel}","templated":true}]}}