{"id":6820,"date":"2022-08-29T14:14:53","date_gmt":"2022-08-29T14:14:53","guid":{"rendered":"https:\/\/ecobnb.es\/blog\/?page_id=6820"},"modified":"2022-08-29T14:21:09","modified_gmt":"2022-08-29T14:21:09","slug":"regala-selva-gift-card-custodiar-boscos-seculares","status":"publish","type":"page","link":"https:\/\/ecobnb.es\/blog\/regala-selva-gift-card-custodiar-boscos-seculares\/","title":{"rendered":"Regala una Selva: una Gift Card para custodiar boscos seculares"},"content":{"rendered":"\n<p>Un <strong>gesto de amor<\/strong>, un acto de<strong> esperanza<\/strong>, una manera de cuidar a los dem\u00e1s, del futuro, del planeta. Un regalo original y ecol\u00f3gico. \u00bfPuede un \u00e1rbol, y en particular, plantar y custodiar a una selva representar todo eso? Nosotros de Ecobnb estamos convencidos que s\u00ed y por eso hemos decidido crear, con nuestra comunidad, las selvas del futuro. \u201c<strong>Regala una selva<\/strong>\u201d es una <strong><a href=\"https:\/\/ecobnb.com\/buy-giftcard-forest\" target=\"_blank\" rel=\"noreferrer noopener\">Gift Card<\/a><\/strong> para participar en este proyecto.<\/p>\n\n\n\n<figure class=\"wp-block-image size-large\"><img width=\"870\" height=\"490\" src=\"https:\/\/ecobnb.es\/blog\/app\/uploads\/sites\/6\/2022\/08\/Regala-una-selva-1-870x490.webp\" alt=\"Regala una selva\" class=\"wp-image-6823\" srcset=\"https:\/\/ecobnb.es\/blog\/app\/uploads\/sites\/6\/2022\/08\/Regala-una-selva-1.webp 870w, https:\/\/ecobnb.es\/blog\/app\/uploads\/sites\/6\/2022\/08\/Regala-una-selva-1-536x302.webp 536w, https:\/\/ecobnb.es\/blog\/app\/uploads\/sites\/6\/2022\/08\/Regala-una-selva-1-768x433.webp 768w, https:\/\/ecobnb.es\/blog\/app\/uploads\/sites\/6\/2022\/08\/Regala-una-selva-1-570x320.webp 570w, https:\/\/ecobnb.es\/blog\/app\/uploads\/sites\/6\/2022\/08\/Regala-una-selva-1-344x194.webp 344w\" sizes=\"(max-width: 870px) 100vw, 870px\" \/><\/figure>\n\n\n\n<p>Puedes participar en este gran proyecto y<strong> regalar una selva<\/strong> a las personas m\u00e1s queridas, compa\u00f1eros de trabajo y familiares: todos juntos plantaremos frondosos bosques en <strong>Europa<\/strong>, contribuyendo as\u00ed en la protecci\u00f3n del medioambiente y de la biodiversidad en nuestro Pa\u00eds. Hacer eso es muy sencillo: con pocos clics podr\u00e1s comprar nuestras <strong>Gift Card Regala una Selva<\/strong>, eligiendo el importe y personaliz\u00e1ndola con un mensaje. Una vez que tendr\u00e1s el c\u00f3digo de la Gift Card, el destinatario recibir\u00e1 las coordenadas GPS del bosque que est\u00e1 contribuyendo en crecer, junto a un certificado con su nombre.<\/p>\n\n\n\n<h2>\u00bfPor qu\u00e9 regalar una selva?<\/h2>\n\n\n\n<figure class=\"wp-block-image size-large\"><a href=\"https:\/\/ecobnb.com\/buy-giftcard-forest\"><img width=\"870\" height=\"490\" src=\"https:\/\/ecobnb.es\/blog\/app\/uploads\/sites\/6\/2022\/08\/Regala-una-selva-giftcard-870x490.webp\" alt=\"Regala una selva gift card\" class=\"wp-image-6825\" srcset=\"https:\/\/ecobnb.es\/blog\/app\/uploads\/sites\/6\/2022\/08\/Regala-una-selva-giftcard.webp 870w, https:\/\/ecobnb.es\/blog\/app\/uploads\/sites\/6\/2022\/08\/Regala-una-selva-giftcard-536x302.webp 536w, https:\/\/ecobnb.es\/blog\/app\/uploads\/sites\/6\/2022\/08\/Regala-una-selva-giftcard-768x433.webp 768w, https:\/\/ecobnb.es\/blog\/app\/uploads\/sites\/6\/2022\/08\/Regala-una-selva-giftcard-570x320.webp 570w, https:\/\/ecobnb.es\/blog\/app\/uploads\/sites\/6\/2022\/08\/Regala-una-selva-giftcard-344x194.webp 344w\" sizes=\"(max-width: 870px) 100vw, 870px\" \/><\/a><\/figure>\n\n\n\n<p>Nuestra Gift Card Regala una Selva es seguramente un regalo original para las personas queridas, pero sobretodo es un don que tu y el destinatario hac\u00e9is al planeta y a las generaciones futuras.<\/p>\n\n\n\n<p><a href=\"https:\/\/ecobnb.es\/blog\/arboles\/\" target=\"_blank\" rel=\"noreferrer noopener\">Los arboles y las selvas representan una herramienta poderosa y natural para proteger a nosotros y a la naturaleza misma<\/a>. De hecho, las selvas:<\/p>\n\n\n\n<ul><li>Ofrecen oxigeno, fundamental para nuestra existencia;<\/li><li>Luchan contra el cambio clim\u00e1tico absorbiendo al di\u00f3xido de carbono;<\/li><li>Limpian el aire;<\/li><li>Mejoran la termorregulaci\u00f3n del medioambiente y el clima;<\/li><li>Conservan el agua y previenen su contaminaci\u00f3n;<\/li><li>Garantizan la biodiversidad;<\/li><li>Favorecen nuestro bienestar;<\/li><li>Contrarrestan el desgaste del suelo.<\/li><\/ul>\n\n\n\n<h2>Las selvas seculares de Ecobnb<\/h2>\n\n\n\n<figure class=\"wp-block-image size-large\"><img width=\"870\" height=\"490\" src=\"https:\/\/ecobnb.es\/blog\/app\/uploads\/sites\/6\/2022\/08\/Las-selvas-seculares-de-Ecobnb-870x490.webp\" alt=\"\" class=\"wp-image-6826\" srcset=\"https:\/\/ecobnb.es\/blog\/app\/uploads\/sites\/6\/2022\/08\/Las-selvas-seculares-de-Ecobnb.webp 870w, https:\/\/ecobnb.es\/blog\/app\/uploads\/sites\/6\/2022\/08\/Las-selvas-seculares-de-Ecobnb-536x302.webp 536w, https:\/\/ecobnb.es\/blog\/app\/uploads\/sites\/6\/2022\/08\/Las-selvas-seculares-de-Ecobnb-768x433.webp 768w, https:\/\/ecobnb.es\/blog\/app\/uploads\/sites\/6\/2022\/08\/Las-selvas-seculares-de-Ecobnb-570x320.webp 570w, https:\/\/ecobnb.es\/blog\/app\/uploads\/sites\/6\/2022\/08\/Las-selvas-seculares-de-Ecobnb-344x194.webp 344w\" sizes=\"(max-width: 870px) 100vw, 870px\" \/><\/figure>\n\n\n\n<p>Con las Gift Card Regala una Selva tomar\u00e1s parte en el proyecto de Ecobnb a trav\u00e9s del cual queremos realizar y custodiar unas forestas seculares en Europa y Italia. \u00bfPor qu\u00e9 solo en Europa? Hemos decidido llevar adelante una iniciativa local porque nos permite de controlar mejor el crecimiento de las selvas y enriquecer nuestro Pa\u00eds en t\u00e9rminos de aire limpio, biodiversidad y paisaje. <\/p>\n\n\n\n<p>\u00bfLo sabias que en Italia las selvas seculares son muy pocas? Cuando los arboles alcanzan el di\u00e1metro de 25-30 cm, est\u00e1n listos para ser valorizados, \u00f3sea cortados. A los arboles no le se da tiempo para crecer y crear un ecosistema que sea rico de biodiversidad donde vegetales y animales viven en una simbiosis perfecta.<\/p>\n\n\n\n<p>Con tu regalo nos ayudaras en afrontar los gastos de la plantaci\u00f3n y <strong>tutela de los arboles<\/strong>: de hecho, nos ocuparemos de adquirir los campos, eligiendo entre lugares que est\u00e1n da\u00f1ados o que arriesgan de ser cortados y creceremos el bosque utilizando m\u00e9todos naturales y espont\u00e1neos, garantizando que nunca ser\u00e1n cortados.<\/p>\n\n\n\n<h2>El regalo justo para cada ocasi\u00f3n<\/h2>\n\n\n\n<figure class=\"wp-block-image size-full\"><a href=\"https:\/\/ecobnb.com\/buy-giftcard-forest\"><img width=\"536\" height=\"339\" src=\"https:\/\/ecobnb.es\/blog\/app\/uploads\/sites\/6\/2022\/08\/giftcard-selvas-seculares-de-Ecobnb.webp\" alt=\"\" class=\"wp-image-6827\" srcset=\"https:\/\/ecobnb.es\/blog\/app\/uploads\/sites\/6\/2022\/08\/giftcard-selvas-seculares-de-Ecobnb.webp 536w, https:\/\/ecobnb.es\/blog\/app\/uploads\/sites\/6\/2022\/08\/giftcard-selvas-seculares-de-Ecobnb-344x218.webp 344w\" sizes=\"(max-width: 536px) 100vw, 536px\" \/><\/a><\/figure>\n\n\n\n<p>Que sea para Navidad o para un cumplea\u00f1os, <strong><a href=\"https:\/\/ecobnb.com\/buy-giftcard-forest\" target=\"_blank\" rel=\"noreferrer noopener\">Regalar una Selva<\/a><\/strong> es siempre una idea original y que ser\u00e1 seguramente apreciada. Con unos clics podr\u00e1s contribuir en la conservaci\u00f3n de unos mq de ecosistema en reconstrucci\u00f3n que alojar\u00e1 para muchos siglos arboles de tronco alto como casta\u00f1os, robles, fresnos, pinos, arces, adem\u00e1s de hierbas y arbustos. Todo est\u00e1 a nombre del destinatario, que recibir\u00e1 un certificado y las coordenadas GPS del bosque que est\u00e1n salvando con nosotros.<\/p>\n\n\n\n<h2>Crece con nosotros las selvas del futuro en Europa<\/h2>\n\n\n\n<h3>Selva de Millesimo, en Savona, Liguria (Italia)<\/h3>\n\n\n\n<figure class=\"wp-block-image size-large\"><img width=\"870\" height=\"490\" src=\"https:\/\/ecobnb.es\/blog\/app\/uploads\/sites\/6\/2022\/08\/savona-selva-870x490.webp\" alt=\"\" class=\"wp-image-6828\" srcset=\"https:\/\/ecobnb.es\/blog\/app\/uploads\/sites\/6\/2022\/08\/savona-selva.webp 870w, https:\/\/ecobnb.es\/blog\/app\/uploads\/sites\/6\/2022\/08\/savona-selva-536x302.webp 536w, https:\/\/ecobnb.es\/blog\/app\/uploads\/sites\/6\/2022\/08\/savona-selva-768x433.webp 768w, https:\/\/ecobnb.es\/blog\/app\/uploads\/sites\/6\/2022\/08\/savona-selva-570x320.webp 570w, https:\/\/ecobnb.es\/blog\/app\/uploads\/sites\/6\/2022\/08\/savona-selva-344x194.webp 344w\" sizes=\"(max-width: 870px) 100vw, 870px\" \/><\/figure>\n","protected":false},"excerpt":{"rendered":"<p>Un gesto de amor, un acto de esperanza, una manera de cuidar a los dem\u00e1s, del futuro, del planeta. Un regalo original y ecol\u00f3gico. \u00bfPuede un \u00e1rbol, y en particular, plantar y custodiar a una selva representar todo eso? Nosotros de Ecobnb estamos convencidos que s\u00ed y por eso hemos decidido crear, con nuestra comunidad, [&hellip;]<\/p>\n","protected":false},"author":3,"featured_media":6821,"parent":0,"menu_order":0,"comment_status":"closed","ping_status":"closed","template":"","meta":[],"acf":[],"yoast_head":"<!-- This site is optimized with the Yoast SEO plugin v19.9 - https:\/\/yoast.com\/wordpress\/plugins\/seo\/ -->\n<title>Regala una Selva: una Gift Card para custodiar boscos seculares - Ecobnb<\/title>\n<meta name=\"description\" content=\"\u00bfBuscas un regalo original, de \u00faltima hora y ecol\u00f3gico? \u00a1Descubre nuestras giftcard Regala una Selva y crea los bosques del futuro!\" \/>\n<meta name=\"robots\" content=\"index, follow, max-snippet:-1, max-image-preview:large, max-video-preview:-1\" \/>\n<link rel=\"canonical\" href=\"https:\/\/ecobnb.es\/blog\/regala-selva-gift-card-custodiar-boscos-seculares\/\" \/>\n<meta property=\"og:locale\" content=\"es_ES\" \/>\n<meta property=\"og:type\" content=\"article\" \/>\n<meta property=\"og:title\" content=\"Regala una Selva: una Gift Card para custodiar boscos seculares - Ecobnb\" \/>\n<meta property=\"og:description\" content=\"\u00bfBuscas un regalo original, de \u00faltima hora y ecol\u00f3gico? \u00a1Descubre nuestras giftcard Regala una Selva y crea los bosques del futuro!\" \/>\n<meta property=\"og:url\" content=\"https:\/\/ecobnb.es\/blog\/regala-selva-gift-card-custodiar-boscos-seculares\/\" \/>\n<meta property=\"og:site_name\" content=\"Ecobnb\" \/>\n<meta property=\"article:modified_time\" content=\"2022-08-29T14:21:09+00:00\" \/>\n<meta property=\"og:image\" content=\"https:\/\/ecobnb.es\/blog\/app\/uploads\/sites\/6\/2022\/08\/Regala-una-Selva-una-Gift-Card-para-custodiar-secretos-seculares.webp\" \/>\n\t<meta property=\"og:image:width\" content=\"1170\" \/>\n\t<meta property=\"og:image:height\" content=\"490\" \/>\n\t<meta property=\"og:image:type\" content=\"image\/webp\" \/>\n<meta name=\"twitter:card\" content=\"summary_large_image\" \/>\n<meta name=\"twitter:label1\" content=\"Est. reading time\" \/>\n\t<meta name=\"twitter:data1\" content=\"4 minutes\" \/>\n<!-- \/ Yoast SEO plugin. -->","yoast_head_json":{"title":"Regala una Selva: una Gift Card para custodiar boscos seculares - Ecobnb","description":"\u00bfBuscas un regalo original, de \u00faltima hora y ecol\u00f3gico? \u00a1Descubre nuestras giftcard Regala una Selva y crea los bosques del futuro!","robots":{"index":"index","follow":"follow","max-snippet":"max-snippet:-1","max-image-preview":"max-image-preview:large","max-video-preview":"max-video-preview:-1"},"canonical":"https:\/\/ecobnb.es\/blog\/regala-selva-gift-card-custodiar-boscos-seculares\/","og_locale":"es_ES","og_type":"article","og_title":"Regala una Selva: una Gift Card para custodiar boscos seculares - Ecobnb","og_description":"\u00bfBuscas un regalo original, de \u00faltima hora y ecol\u00f3gico? \u00a1Descubre nuestras giftcard Regala una Selva y crea los bosques del futuro!","og_url":"https:\/\/ecobnb.es\/blog\/regala-selva-gift-card-custodiar-boscos-seculares\/","og_site_name":"Ecobnb","article_modified_time":"2022-08-29T14:21:09+00:00","og_image":[{"width":1170,"height":490,"url":"https:\/\/ecobnb.es\/blog\/app\/uploads\/sites\/6\/2022\/08\/Regala-una-Selva-una-Gift-Card-para-custodiar-secretos-seculares.webp","type":"image\/webp"}],"twitter_card":"summary_large_image","twitter_misc":{"Est. reading time":"4 minutes"},"schema":{"@context":"https:\/\/schema.org","@graph":[{"@type":"WebPage","@id":"https:\/\/ecobnb.es\/blog\/regala-selva-gift-card-custodiar-boscos-seculares\/","url":"https:\/\/ecobnb.es\/blog\/regala-selva-gift-card-custodiar-boscos-seculares\/","name":"Regala una Selva: una Gift Card para custodiar boscos seculares - Ecobnb","isPartOf":{"@id":"https:\/\/ecobnb.es\/blog\/#website"},"datePublished":"2022-08-29T14:14:53+00:00","dateModified":"2022-08-29T14:21:09+00:00","description":"\u00bfBuscas un regalo original, de \u00faltima hora y ecol\u00f3gico? \u00a1Descubre nuestras giftcard Regala una Selva y crea los bosques del futuro!","breadcrumb":{"@id":"https:\/\/ecobnb.es\/blog\/regala-selva-gift-card-custodiar-boscos-seculares\/#breadcrumb"},"inLanguage":"es-ES","potentialAction":[{"@type":"ReadAction","target":["https:\/\/ecobnb.es\/blog\/regala-selva-gift-card-custodiar-boscos-seculares\/"]}]},{"@type":"BreadcrumbList","@id":"https:\/\/ecobnb.es\/blog\/regala-selva-gift-card-custodiar-boscos-seculares\/#breadcrumb","itemListElement":[{"@type":"ListItem","position":1,"name":"Home","item":"https:\/\/ecobnb.es\/blog\/"},{"@type":"ListItem","position":2,"name":"Regala una Selva: una Gift Card para custodiar boscos seculares"}]},{"@type":"WebSite","@id":"https:\/\/ecobnb.es\/blog\/#website","url":"https:\/\/ecobnb.es\/blog\/","name":"Ecobnb","description":"Find sustainable accommodation","potentialAction":[{"@type":"SearchAction","target":{"@type":"EntryPoint","urlTemplate":"https:\/\/ecobnb.es\/blog\/?s={search_term_string}"},"query-input":"required name=search_term_string"}],"inLanguage":"es-ES"}]}},"_links":{"self":[{"href":"https:\/\/ecobnb.es\/blog\/wp-json\/wp\/v2\/pages\/6820"}],"collection":[{"href":"https:\/\/ecobnb.es\/blog\/wp-json\/wp\/v2\/pages"}],"about":[{"href":"https:\/\/ecobnb.es\/blog\/wp-json\/wp\/v2\/types\/page"}],"author":[{"embeddable":true,"href":"https:\/\/ecobnb.es\/blog\/wp-json\/wp\/v2\/users\/3"}],"replies":[{"embeddable":true,"href":"https:\/\/ecobnb.es\/blog\/wp-json\/wp\/v2\/comments?post=6820"}],"version-history":[{"count":3,"href":"https:\/\/ecobnb.es\/blog\/wp-json\/wp\/v2\/pages\/6820\/revisions"}],"predecessor-version":[{"id":6830,"href":"https:\/\/ecobnb.es\/blog\/wp-json\/wp\/v2\/pages\/6820\/revisions\/6830"}],"wp:featuredmedia":[{"embeddable":true,"href":"https:\/\/ecobnb.es\/blog\/wp-json\/wp\/v2\/media\/6821"}],"wp:attachment":[{"href":"https:\/\/ecobnb.es\/blog\/wp-json\/wp\/v2\/media?parent=6820"}],"curies":[{"name":"wp","href":"https:\/\/api.w.org\/{rel}","templated":true}]}}