{"id":61,"date":"2016-01-06T10:24:22","date_gmt":"2016-01-06T10:24:22","guid":{"rendered":"https:\/\/ecobnb.es\/blog\/?page_id=61"},"modified":"2016-04-20T10:10:41","modified_gmt":"2016-04-20T10:10:41","slug":"contacto","status":"publish","type":"page","link":"https:\/\/ecobnb.es\/blog\/contacto\/","title":{"rendered":"Contacto"},"content":{"rendered":"<h4>Esperamos con inter\u00e9s\u00a0tus preguntas,<\/h4>\n<p>Env\u00edanos un correo electr\u00f3nico a <strong>info@ecobnb.com<\/strong> y te contestaremos lo antes posible.<\/p>\n<p>&nbsp;<\/p>\n<h4>\u00bfQuieres saber m\u00e1s sobre el proyecto Ecobnb?<\/h4>\n<p>Lee aqu\u00ed <strong><a href=\"https:\/\/ecobnb.es\/blog\/faq\/\" target=\"_blank\">las respuestas a las preguntas m\u00e1s frecuentes<\/a>.<\/strong><\/p>\n","protected":false},"excerpt":{"rendered":"<p>Esperamos con inter\u00e9s\u00a0tus preguntas, Env\u00edanos un correo electr\u00f3nico a info@ecobnb.com y te contestaremos lo antes posible. &nbsp; \u00bfQuieres saber m\u00e1s sobre el proyecto Ecobnb? Lee aqu\u00ed las respuestas a las preguntas m\u00e1s frecuentes.<\/p>\n","protected":false},"author":50,"featured_media":67,"parent":0,"menu_order":0,"comment_status":"closed","ping_status":"open","template":"page-nosidebar.php","meta":[],"acf":[],"yoast_head":"<!-- This site is optimized with the Yoast SEO plugin v19.9 - https:\/\/yoast.com\/wordpress\/plugins\/seo\/ -->\n<title>Contacto - Ecobnb<\/title>\n<meta name=\"description\" content=\"Contacto. Si usted es un alojamiento sostenible, si te gusta nuestro proyecto, si tienes ideas que ofrecer, p\u00f3ngase en contacto con nosotros!\" \/>\n<meta name=\"robots\" content=\"index, follow, max-snippet:-1, max-image-preview:large, max-video-preview:-1\" \/>\n<link rel=\"canonical\" href=\"https:\/\/ecobnb.es\/blog\/contacto\/\" \/>\n<meta property=\"og:locale\" content=\"es_ES\" \/>\n<meta property=\"og:type\" content=\"article\" \/>\n<meta property=\"og:title\" content=\"Contacto - Ecobnb\" \/>\n<meta property=\"og:description\" content=\"Contacto. Si usted es un alojamiento sostenible, si te gusta nuestro proyecto, si tienes ideas que ofrecer, p\u00f3ngase en contacto con nosotros!\" \/>\n<meta property=\"og:url\" content=\"https:\/\/ecobnb.es\/blog\/contacto\/\" \/>\n<meta property=\"og:site_name\" content=\"Ecobnb\" \/>\n<meta property=\"article:modified_time\" content=\"2016-04-20T10:10:41+00:00\" \/>\n<meta property=\"og:image\" content=\"https:\/\/ecobnb.es\/blog\/app\/uploads\/sites\/6\/2016\/01\/immagine_Copertina_Social-SPAGNOLO.png\" \/>\n\t<meta property=\"og:image:width\" content=\"851\" \/>\n\t<meta property=\"og:image:height\" content=\"315\" \/>\n\t<meta property=\"og:image:type\" content=\"image\/png\" \/>\n<meta name=\"twitter:card\" content=\"summary_large_image\" \/>\n<!-- \/ Yoast SEO plugin. -->","yoast_head_json":{"title":"Contacto - Ecobnb","description":"Contacto. Si usted es un alojamiento sostenible, si te gusta nuestro proyecto, si tienes ideas que ofrecer, p\u00f3ngase en contacto con nosotros!","robots":{"index":"index","follow":"follow","max-snippet":"max-snippet:-1","max-image-preview":"max-image-preview:large","max-video-preview":"max-video-preview:-1"},"canonical":"https:\/\/ecobnb.es\/blog\/contacto\/","og_locale":"es_ES","og_type":"article","og_title":"Contacto - Ecobnb","og_description":"Contacto. Si usted es un alojamiento sostenible, si te gusta nuestro proyecto, si tienes ideas que ofrecer, p\u00f3ngase en contacto con nosotros!","og_url":"https:\/\/ecobnb.es\/blog\/contacto\/","og_site_name":"Ecobnb","article_modified_time":"2016-04-20T10:10:41+00:00","og_image":[{"width":851,"height":315,"url":"https:\/\/ecobnb.es\/blog\/app\/uploads\/sites\/6\/2016\/01\/immagine_Copertina_Social-SPAGNOLO.png","type":"image\/png"}],"twitter_card":"summary_large_image","schema":{"@context":"https:\/\/schema.org","@graph":[{"@type":"WebPage","@id":"https:\/\/ecobnb.es\/blog\/contacto\/","url":"https:\/\/ecobnb.es\/blog\/contacto\/","name":"Contacto - Ecobnb","isPartOf":{"@id":"https:\/\/ecobnb.es\/blog\/#website"},"datePublished":"2016-01-06T10:24:22+00:00","dateModified":"2016-04-20T10:10:41+00:00","description":"Contacto. Si usted es un alojamiento sostenible, si te gusta nuestro proyecto, si tienes ideas que ofrecer, p\u00f3ngase en contacto con nosotros!","breadcrumb":{"@id":"https:\/\/ecobnb.es\/blog\/contacto\/#breadcrumb"},"inLanguage":"es-ES","potentialAction":[{"@type":"ReadAction","target":["https:\/\/ecobnb.es\/blog\/contacto\/"]}]},{"@type":"BreadcrumbList","@id":"https:\/\/ecobnb.es\/blog\/contacto\/#breadcrumb","itemListElement":[{"@type":"ListItem","position":1,"name":"Home","item":"https:\/\/ecobnb.es\/blog\/"},{"@type":"ListItem","position":2,"name":"Contacto"}]},{"@type":"WebSite","@id":"https:\/\/ecobnb.es\/blog\/#website","url":"https:\/\/ecobnb.es\/blog\/","name":"Ecobnb","description":"Find sustainable accommodation","potentialAction":[{"@type":"SearchAction","target":{"@type":"EntryPoint","urlTemplate":"https:\/\/ecobnb.es\/blog\/?s={search_term_string}"},"query-input":"required name=search_term_string"}],"inLanguage":"es-ES"}]}},"_links":{"self":[{"href":"https:\/\/ecobnb.es\/blog\/wp-json\/wp\/v2\/pages\/61"}],"collection":[{"href":"https:\/\/ecobnb.es\/blog\/wp-json\/wp\/v2\/pages"}],"about":[{"href":"https:\/\/ecobnb.es\/blog\/wp-json\/wp\/v2\/types\/page"}],"author":[{"embeddable":true,"href":"https:\/\/ecobnb.es\/blog\/wp-json\/wp\/v2\/users\/50"}],"replies":[{"embeddable":true,"href":"https:\/\/ecobnb.es\/blog\/wp-json\/wp\/v2\/comments?post=61"}],"version-history":[{"count":11,"href":"https:\/\/ecobnb.es\/blog\/wp-json\/wp\/v2\/pages\/61\/revisions"}],"predecessor-version":[{"id":78,"href":"https:\/\/ecobnb.es\/blog\/wp-json\/wp\/v2\/pages\/61\/revisions\/78"}],"wp:featuredmedia":[{"embeddable":true,"href":"https:\/\/ecobnb.es\/blog\/wp-json\/wp\/v2\/media\/67"}],"wp:attachment":[{"href":"https:\/\/ecobnb.es\/blog\/wp-json\/wp\/v2\/media?parent=61"}],"curies":[{"name":"wp","href":"https:\/\/api.w.org\/{rel}","templated":true}]}}