{"id":4127,"date":"2020-06-10T08:39:18","date_gmt":"2020-06-10T08:39:18","guid":{"rendered":"https:\/\/ecobnb.es\/blog\/?page_id=4127"},"modified":"2020-07-02T13:28:03","modified_gmt":"2020-07-02T13:28:03","slug":"estancia-ecologica-limpia-segura","status":"publish","type":"page","link":"https:\/\/ecobnb.es\/blog\/estancia-ecologica-limpia-segura\/","title":{"rendered":"Nuestro compromiso con una estancia ecol\u00f3gica, limpia y segura"},"content":{"rendered":"<h2>\u00a1Ecobnb le garantiza una estad\u00eda ecol\u00f3gica con total seguridad, para que pueda vivir su escapada en la naturaleza en total relajaci\u00f3n!<\/h2>\n<p>El bienestar y la seguridad de los hu\u00e9spedes y propietarios de instalaciones de alojamiento, junto con el <strong>respeto al medio ambiente<\/strong>, son fundamentales para Ecobnb. Durante el Coronavirus, los propietarios se comprometen a tomar medidas adicionales para garantizar su seguridad y bienestar, para que pueda relajarse y experimentar las vacaciones en la naturaleza que realmente necesita. Es por eso que los anfitriones de Ecobnb deben cumplir con nuestras pautas &#8220;<strong>ecol\u00f3gicas, limpias y seguras<\/strong>&#8221; para una estad\u00eda ecol\u00f3gica, limpia y segura, y seguir las <a href=\"https:\/\/www.sustainable-cleaning.com\/en.home.orb\" target=\"_blank\" rel=\"noopener\"><strong>pautas europeas para una limpieza ecol\u00f3gicamente sostenible<\/strong><\/a>.<\/p>\n<h2>Estancia ecol\u00f3gica, limpia y segura: lo que significa<\/h2>\n<p><img class=\"alignnone size-full wp-image-4131\" src=\"https:\/\/ecobnb.es\/blog\/app\/uploads\/sites\/6\/2020\/06\/Estancia-ecol\u00f3gica-limpia-y-segura.jpg\" alt=\"Estancia ecol\u00f3gica, limpia y segura\" width=\"870\" height=\"490\" srcset=\"https:\/\/ecobnb.es\/blog\/app\/uploads\/sites\/6\/2020\/06\/Estancia-ecol\u00f3gica-limpia-y-segura.jpg 870w, https:\/\/ecobnb.es\/blog\/app\/uploads\/sites\/6\/2020\/06\/Estancia-ecol\u00f3gica-limpia-y-segura-536x302.jpg 536w, https:\/\/ecobnb.es\/blog\/app\/uploads\/sites\/6\/2020\/06\/Estancia-ecol\u00f3gica-limpia-y-segura-768x433.jpg 768w, https:\/\/ecobnb.es\/blog\/app\/uploads\/sites\/6\/2020\/06\/Estancia-ecol\u00f3gica-limpia-y-segura-570x320.jpg 570w, https:\/\/ecobnb.es\/blog\/app\/uploads\/sites\/6\/2020\/06\/Estancia-ecol\u00f3gica-limpia-y-segura-344x194.jpg 344w\" sizes=\"(max-width: 870px) 100vw, 870px\" \/><\/p>\n<h3>Seguridad<\/h3>\n<p>Se siguen las <strong>recomendaciones de la Organizaci\u00f3n Mundial de la Salud<\/strong> (OMS) para limpiar entornos no sanitarios. Esto significa que en <a href=\"https:\/\/ecobnb.com\/blog\/2020\/05\/covid-eco-friendly-cleaning-disinfecting-products\/\" target=\"_blank\" rel=\"noopener\"><strong>todos los espacios se limpian y desinfectan<\/strong><\/a>, con especial atenci\u00f3n a las superficies m\u00e1s tocadas. Toda la ropa se lava antes de que lleguen los invitados. Para permitir el cumplimiento de las pautas de la OMS, se puede variar el tiempo entre el horario de entrada y salida de los hu\u00e9spedes.<\/p>\n<div id=\"attachment_4141\" class=\"thumbnail alignnone\"><img class=\"wp-image-4141 size-large\" src=\"https:\/\/ecobnb.es\/blog\/app\/uploads\/sites\/6\/2020\/07\/pulizia-870x490.jpeg\" alt=\" espacios limpian y desinfectan\" width=\"870\" height=\"490\" srcset=\"https:\/\/ecobnb.es\/blog\/app\/uploads\/sites\/6\/2020\/07\/pulizia-870x490.jpeg 870w, https:\/\/ecobnb.es\/blog\/app\/uploads\/sites\/6\/2020\/07\/pulizia-570x320.jpeg 570w\" sizes=\"(max-width: 870px) 100vw, 870px\" \/><div class=\"caption\">Photo by JESHOOTS.COM on Unsplash<\/div><\/div>\n<h3>Distanciamiento social<\/h3>\n<p>Los hu\u00e9spedes pueden quedarse sin entrar en contacto con otras personas o con los propietarios. Se utiliza siempre que sea posible el Auto check-in . Tambi\u00e9n se organizan formas seguras de usar las \u00e1reas comunes, para que los hu\u00e9spedes puedan distanciarse f\u00e1cilmente.<\/p>\n<p><img class=\"alignnone size-full wp-image-4132\" src=\"https:\/\/ecobnb.es\/blog\/app\/uploads\/sites\/6\/2020\/06\/Distanciamiento-social.jpg\" alt=\"Distanciamiento social\" width=\"870\" height=\"490\" srcset=\"https:\/\/ecobnb.es\/blog\/app\/uploads\/sites\/6\/2020\/06\/Distanciamiento-social.jpg 870w, https:\/\/ecobnb.es\/blog\/app\/uploads\/sites\/6\/2020\/06\/Distanciamiento-social-536x302.jpg 536w, https:\/\/ecobnb.es\/blog\/app\/uploads\/sites\/6\/2020\/06\/Distanciamiento-social-768x433.jpg 768w, https:\/\/ecobnb.es\/blog\/app\/uploads\/sites\/6\/2020\/06\/Distanciamiento-social-570x320.jpg 570w, https:\/\/ecobnb.es\/blog\/app\/uploads\/sites\/6\/2020\/06\/Distanciamiento-social-344x194.jpg 344w\" sizes=\"(max-width: 870px) 100vw, 870px\" \/><\/p>\n<h3>Higiene<\/h3>\n<p>Se proporcionan medidas para permitir que los hu\u00e9spedes practiquen una buena higiene durante su estad\u00eda. Todos los espacios se suministran con desinfectantes, productos de limpieza y jabones <strong>desinfectantes para manos<\/strong>. Siempre que sea posible, se toman otras medidas para reducir los riesgos. Por ejemplo, los elementos m\u00e1s utilizados, como los libros de visitas, se pueden eliminar y se puede proporcionar informaci\u00f3n en formato digital.<\/p>\n<p><img class=\"alignnone size-full wp-image-4133\" src=\"https:\/\/ecobnb.es\/blog\/app\/uploads\/sites\/6\/2020\/06\/Higiene.jpg\" alt=\"Higiene\" width=\"870\" height=\"490\" srcset=\"https:\/\/ecobnb.es\/blog\/app\/uploads\/sites\/6\/2020\/06\/Higiene.jpg 870w, https:\/\/ecobnb.es\/blog\/app\/uploads\/sites\/6\/2020\/06\/Higiene-536x302.jpg 536w, https:\/\/ecobnb.es\/blog\/app\/uploads\/sites\/6\/2020\/06\/Higiene-768x433.jpg 768w, https:\/\/ecobnb.es\/blog\/app\/uploads\/sites\/6\/2020\/06\/Higiene-570x320.jpg 570w, https:\/\/ecobnb.es\/blog\/app\/uploads\/sites\/6\/2020\/06\/Higiene-344x194.jpg 344w\" sizes=\"(max-width: 870px) 100vw, 870px\" \/><\/p>\n<h3>Flexibilidad de reservas y cancelaciones<\/h3>\n<p>Los hu\u00e9spedes est\u00e1n disponibles para aceptar cambios en las reservas para hacer frente a cambios inesperados relacionados con Coronavirus. Los alojamientos se comprometen a aceptar <strong>reservas flexibles y cancelaciones gratuitas<\/strong> durante el per\u00edodo de emergencia.<\/p>\n<p><img class=\"alignnone size-full wp-image-4134\" src=\"https:\/\/ecobnb.es\/blog\/app\/uploads\/sites\/6\/2020\/06\/free-cancellation.jpg\" alt=\"free-cancellation\" width=\"870\" height=\"490\" srcset=\"https:\/\/ecobnb.es\/blog\/app\/uploads\/sites\/6\/2020\/06\/free-cancellation.jpg 870w, https:\/\/ecobnb.es\/blog\/app\/uploads\/sites\/6\/2020\/06\/free-cancellation-536x302.jpg 536w, https:\/\/ecobnb.es\/blog\/app\/uploads\/sites\/6\/2020\/06\/free-cancellation-768x433.jpg 768w, https:\/\/ecobnb.es\/blog\/app\/uploads\/sites\/6\/2020\/06\/free-cancellation-570x320.jpg 570w, https:\/\/ecobnb.es\/blog\/app\/uploads\/sites\/6\/2020\/06\/free-cancellation-344x194.jpg 344w\" sizes=\"(max-width: 870px) 100vw, 870px\" \/><\/p>\n<h3>Comunicaci\u00f3n<\/h3>\n<p>Las instalaciones de alojamiento comunican a los hu\u00e9spedes las atenciones que han adoptado para ofrecer una estancia ecol\u00f3gica, limpia y segura. Ademas comparten su plan de acci\u00f3n con los invitados, as\u00ed como las <strong>reglas a seguir<\/strong>. La informaci\u00f3n tambi\u00e9n puede transmitirse a trav\u00e9s de carteles informativos, documentos breves y comunicaciones en l\u00ednea. Las instalaciones de alojamiento proporcionan a los hu\u00e9spedes una lista actualizada de informaci\u00f3n \u00fatil, incluidos los n\u00fameros de tel\u00e9fono de emergencia.<\/p>\n","protected":false},"excerpt":{"rendered":"<p>\u00a1Ecobnb le garantiza una estad\u00eda ecol\u00f3gica con total seguridad, para que pueda vivir su escapada en la naturaleza en total relajaci\u00f3n! El bienestar y la seguridad de los hu\u00e9spedes y propietarios de instalaciones de alojamiento, junto con el respeto al medio ambiente, son fundamentales para Ecobnb. Durante el Coronavirus, los propietarios se comprometen a tomar [&hellip;]<\/p>\n","protected":false},"author":3,"featured_media":4136,"parent":0,"menu_order":0,"comment_status":"closed","ping_status":"closed","template":"","meta":[],"acf":[],"yoast_head":"<!-- This site is optimized with the Yoast SEO plugin v19.9 - https:\/\/yoast.com\/wordpress\/plugins\/seo\/ -->\n<title>Nuestro compromiso con una estancia ecol\u00f3gica, limpia y segura - Ecobnb<\/title>\n<meta name=\"description\" content=\"\u00a1Ecobnb le garantiza una estad\u00eda ecol\u00f3gica y segura, para que pueda vivir su escapada en la naturaleza en total relajaci\u00f3n!\" \/>\n<meta name=\"robots\" content=\"index, follow, max-snippet:-1, max-image-preview:large, max-video-preview:-1\" \/>\n<link rel=\"canonical\" href=\"https:\/\/ecobnb.es\/blog\/estancia-ecologica-limpia-segura\/\" \/>\n<meta property=\"og:locale\" content=\"es_ES\" \/>\n<meta property=\"og:type\" content=\"article\" \/>\n<meta property=\"og:title\" content=\"Nuestro compromiso con una estancia ecol\u00f3gica, limpia y segura - Ecobnb\" \/>\n<meta property=\"og:description\" content=\"\u00a1Ecobnb le garantiza una estad\u00eda ecol\u00f3gica y segura, para que pueda vivir su escapada en la naturaleza en total relajaci\u00f3n!\" \/>\n<meta property=\"og:url\" content=\"https:\/\/ecobnb.es\/blog\/estancia-ecologica-limpia-segura\/\" \/>\n<meta property=\"og:site_name\" content=\"Ecobnb\" \/>\n<meta property=\"article:modified_time\" content=\"2020-07-02T13:28:03+00:00\" \/>\n<meta property=\"og:image\" content=\"https:\/\/ecobnb.es\/blog\/app\/uploads\/sites\/6\/2020\/06\/estancia-ecol\u00f3gica-limpia-y-segura.jpg\" \/>\n\t<meta property=\"og:image:width\" content=\"1170\" \/>\n\t<meta property=\"og:image:height\" content=\"490\" \/>\n\t<meta property=\"og:image:type\" content=\"image\/jpeg\" \/>\n<meta name=\"twitter:card\" content=\"summary_large_image\" \/>\n<meta name=\"twitter:label1\" content=\"Est. reading time\" \/>\n\t<meta name=\"twitter:data1\" content=\"2 minutes\" \/>\n<!-- \/ Yoast SEO plugin. -->","yoast_head_json":{"title":"Nuestro compromiso con una estancia ecol\u00f3gica, limpia y segura - Ecobnb","description":"\u00a1Ecobnb le garantiza una estad\u00eda ecol\u00f3gica y segura, para que pueda vivir su escapada en la naturaleza en total relajaci\u00f3n!","robots":{"index":"index","follow":"follow","max-snippet":"max-snippet:-1","max-image-preview":"max-image-preview:large","max-video-preview":"max-video-preview:-1"},"canonical":"https:\/\/ecobnb.es\/blog\/estancia-ecologica-limpia-segura\/","og_locale":"es_ES","og_type":"article","og_title":"Nuestro compromiso con una estancia ecol\u00f3gica, limpia y segura - Ecobnb","og_description":"\u00a1Ecobnb le garantiza una estad\u00eda ecol\u00f3gica y segura, para que pueda vivir su escapada en la naturaleza en total relajaci\u00f3n!","og_url":"https:\/\/ecobnb.es\/blog\/estancia-ecologica-limpia-segura\/","og_site_name":"Ecobnb","article_modified_time":"2020-07-02T13:28:03+00:00","og_image":[{"width":1170,"height":490,"url":"https:\/\/ecobnb.es\/blog\/app\/uploads\/sites\/6\/2020\/06\/estancia-ecol\u00f3gica-limpia-y-segura.jpg","type":"image\/jpeg"}],"twitter_card":"summary_large_image","twitter_misc":{"Est. reading time":"2 minutes"},"schema":{"@context":"https:\/\/schema.org","@graph":[{"@type":"WebPage","@id":"https:\/\/ecobnb.es\/blog\/estancia-ecologica-limpia-segura\/","url":"https:\/\/ecobnb.es\/blog\/estancia-ecologica-limpia-segura\/","name":"Nuestro compromiso con una estancia ecol\u00f3gica, limpia y segura - Ecobnb","isPartOf":{"@id":"https:\/\/ecobnb.es\/blog\/#website"},"datePublished":"2020-06-10T08:39:18+00:00","dateModified":"2020-07-02T13:28:03+00:00","description":"\u00a1Ecobnb le garantiza una estad\u00eda ecol\u00f3gica y segura, para que pueda vivir su escapada en la naturaleza en total relajaci\u00f3n!","breadcrumb":{"@id":"https:\/\/ecobnb.es\/blog\/estancia-ecologica-limpia-segura\/#breadcrumb"},"inLanguage":"es-ES","potentialAction":[{"@type":"ReadAction","target":["https:\/\/ecobnb.es\/blog\/estancia-ecologica-limpia-segura\/"]}]},{"@type":"BreadcrumbList","@id":"https:\/\/ecobnb.es\/blog\/estancia-ecologica-limpia-segura\/#breadcrumb","itemListElement":[{"@type":"ListItem","position":1,"name":"Home","item":"https:\/\/ecobnb.es\/blog\/"},{"@type":"ListItem","position":2,"name":"Nuestro compromiso con una estancia ecol\u00f3gica, limpia y segura"}]},{"@type":"WebSite","@id":"https:\/\/ecobnb.es\/blog\/#website","url":"https:\/\/ecobnb.es\/blog\/","name":"Ecobnb","description":"Find sustainable accommodation","potentialAction":[{"@type":"SearchAction","target":{"@type":"EntryPoint","urlTemplate":"https:\/\/ecobnb.es\/blog\/?s={search_term_string}"},"query-input":"required name=search_term_string"}],"inLanguage":"es-ES"}]}},"_links":{"self":[{"href":"https:\/\/ecobnb.es\/blog\/wp-json\/wp\/v2\/pages\/4127"}],"collection":[{"href":"https:\/\/ecobnb.es\/blog\/wp-json\/wp\/v2\/pages"}],"about":[{"href":"https:\/\/ecobnb.es\/blog\/wp-json\/wp\/v2\/types\/page"}],"author":[{"embeddable":true,"href":"https:\/\/ecobnb.es\/blog\/wp-json\/wp\/v2\/users\/3"}],"replies":[{"embeddable":true,"href":"https:\/\/ecobnb.es\/blog\/wp-json\/wp\/v2\/comments?post=4127"}],"version-history":[{"count":4,"href":"https:\/\/ecobnb.es\/blog\/wp-json\/wp\/v2\/pages\/4127\/revisions"}],"predecessor-version":[{"id":4129,"href":"https:\/\/ecobnb.es\/blog\/wp-json\/wp\/v2\/pages\/4127\/revisions\/4129"}],"wp:featuredmedia":[{"embeddable":true,"href":"https:\/\/ecobnb.es\/blog\/wp-json\/wp\/v2\/media\/4136"}],"wp:attachment":[{"href":"https:\/\/ecobnb.es\/blog\/wp-json\/wp\/v2\/media?parent=4127"}],"curies":[{"name":"wp","href":"https:\/\/api.w.org\/{rel}","templated":true}]}}