{"id":3709,"date":"2019-08-27T07:46:34","date_gmt":"2019-08-27T07:46:34","guid":{"rendered":"https:\/\/ecobnb.es\/blog\/?page_id=3709"},"modified":"2019-09-20T05:51:52","modified_gmt":"2019-09-20T05:51:52","slug":"arboles","status":"publish","type":"page","link":"https:\/\/ecobnb.es\/blog\/arboles\/","title":{"rendered":"Evita las emisiones de CO2 y planta \u00e1rboles: nuestra contribuci\u00f3n para que el Planeta sea m\u00e1s Verde"},"content":{"rendered":"<h2>Viaja con Ecobnb, sus alojamientos sostenibles reducen tu personal consumo de huella de carbono. Haz todo lo posible para luchar contra el problema del <a href=\"https:\/\/ecobnb.es\/blog\/2019\/09\/cambio-climatico\/\" target=\"_blank\">cambio clim\u00e1tico<\/a>.<\/h2>\n<p>Si escoges un <strong>alojamiento sostenible<\/strong> puedes reducir las<strong> emisiones de CO2<\/strong> (aproximadamente se evitan 8 kg de CO2 por persona por noche en un Ecobnb). Esto es el equivalente a <strong>plantar nuevos \u00e1rboles<\/strong> (<a href=\"https:\/\/ecobnb.es\/blog\/arboles-salvas-viajando\/\" target=\"_blank\">295 \u00e1rboles por persona por noche seg\u00fan HowManyTrees<\/a>). Adem\u00e1s, si decides permanecer en un alojamiento eco-sostenible, gastas menos <strong>agua<\/strong> y energ\u00eda, produces menos <strong>residuos<\/strong> y contribuyes a que nuestro <strong>planeta sea m\u00e1s verde<\/strong>. De esta manera apoyas a quienes est\u00e1n invirtiendo en un mundo mejor.<\/p>\n<blockquote><p>\u201cS\u00e9 el cambio que quieres ver en el mundo\u201d (Gandhi)<\/p><\/blockquote>\n<div class=\"embed-container\"><iframe loading=\"lazy\" width=\"1170\" height=\"658\" src=\"https:\/\/www.youtube.com\/embed\/Au1RewRlWxs?feature=oembed&#038;enablejsapi=1&#038;origin=https:\/\/ecobnb.es\/blog\" frameborder=\"0\" allow=\"accelerometer; autoplay; encrypted-media; gyroscope; picture-in-picture\" allowfullscreen><\/iframe><\/div>\n<h2>Doble Compensaci\u00f3n de CO2<\/h2>\n<h2>1. Cu\u00e1nta CO2 evitas y cu\u00e1ntos \u00e1rboles salvas viajando con Ecobnb.<\/h2>\n<p>Gracias a los datos de <a href=\"http:\/\/howmanytrees.org\/\" target=\"_blank\">howmaytrees<\/a>, podemos saber<strong> cu\u00e1nta CO2 evitamos<\/strong> por noche en un Ecobnb en comparaci\u00f3n con un hotel tradicional. Producir menos CO2 es igual que<strong> plantar nuevos \u00e1rboles<\/strong>. Este concepto se llama \u201ccompensaci\u00f3n pasiva\u201d. Escoger un alojamiento eco-sostenible es una manera para reducir las emisiones de gases de efecto invernadero y luchar contra el <em>calentamiento global<\/em>.<\/p>\n<p>Para cada noche en un Ecobnb puedes reducir tus emisiones de:<\/p>\n<ul>\n<li><strong>8 KG de CO2<\/strong><\/li>\n<li><strong>302 Litros de agua<\/strong><\/li>\n<li><strong>295 \u00c1rboles<\/strong><\/li>\n<\/ul>\n<p>De hecho, si <strong>reduces<\/strong> la cantidad de <strong>CO2<\/strong> producida equivale a plantar<strong> nuevos \u00e1rboles<\/strong>. En cambio, si aumentan las emisiones es igual que talar \u00e1rboles. Para aprender m\u00e1s, mira los <a href=\"https:\/\/ecobnb.es\/blog\/arboles-salvas-viajando\/\" target=\"_blank\">resultados de la investigaci\u00f3n de howmanytrees<\/a>.<\/p>\n<p><img class=\"alignnone\" src=\"https:\/\/sb.ecobnb.net\/app\/uploads\/sites\/6\/2016\/08\/Copia-di-co2-e-alberi-4.png\" alt=\"los resultados de la investigaci\u00f3n acerca de la compensaci\u00f3n de los \u00e1rboles\" width=\"1170\" height=\"490\" \/><\/p>\n<h2>2. Planta nuevos \u00e1rboles en tu territorio<\/h2>\n<p>Cada vez que viajas con Ecobnb, podr\u00e1s escoger invertir una peque\u00f1a cantidad de dinero en proyectos de \u201c<strong>compensaci\u00f3n activa<\/strong>\u201d, es decir en cultivos de nuevos \u00e1rboles. De este modo, podemos contribuir juntos a la verdadera plantaci\u00f3n de <strong>\u00e1rboles<\/strong> en nuestro territorio.<\/p>\n<p>\u00bfD\u00f3nde van a plantar los nuevos \u00e1rboles de Ecobnb? En el<strong> territorio local<\/strong>, es decir en Italia y Europa. \u00bfC\u00f3mo lo hacen? Elijen <strong>especies aut\u00f3ctonas<\/strong>, para cultivarlas de manera biol\u00f3gicas. \u00bfQui\u00e9n lo hace? La red de agricultores de Ecobnb: <strong>granjas org\u00e1nicas<\/strong> y casas rurales ecol\u00f3gicas que puedes tambi\u00e9n visitar personalmente. \u00a1Un proyecto muy importante de compensaci\u00f3n va a empezar en 2020, os iremos contando muy pronto\u2026 stay tuned!<\/p>\n<div class=\"thumbnail alignnone\"><img src=\"https:\/\/ecobnb.com\/blog\/app\/uploads\/sites\/3\/2019\/06\/albero-870x490.jpg\" alt=\"viaja con Ecobnb para reducir tus emisiones y apoyar a plantar nuevos \u00e1rboles\" width=\"870\" height=\"490\" \/><div class=\"caption\">Foto de David Vig en Unsplash<\/div><\/div>\n<p>En la <a href=\"https:\/\/ecobnb.es\/\" target=\"_blank\">p\u00e1gina web de Ecobnb<\/a> puedes ver el <strong>n\u00famero total de \u00e1rboles<\/strong> que las reservas en los eco-bnb <strong>salvaron<\/strong> y todos los nuevos \u00e1rboles plantados en el territorio.<\/p>\n<h3>\u00bfPor qu\u00e9 es importante plantar nuevos \u00e1rboles en el territorio?<\/h3>\n<p>Para neutralizar nuestras emisiones de CO2 en el territorio es importante <strong>plantar nuevos \u00e1rboles cerca de las fuentes de dichas emisiones<\/strong>, en consonancia con el <em>Protocolo de Kyoto<\/em>. Los \u00e1rboles, por supuesto, absorben el <strong>di\u00f3xido de carbono<\/strong> (CO2) durante el proceso de fotos\u00edntesis, luego fijan el carbono en sus propias biomasas y en el suelo (as\u00ed que la superficie terrestre se convierte en una verdadera reserva de carbono) y al final liberan ox\u00edgeno. Por esta raz\u00f3n, se prefiere plantar nuevos \u00e1rboles cerca de las fuentes de contaminaci\u00f3n m\u00e1s que del otro lado del mundo. Por ejemplo, es aconsejable plantar arbustos en la Llanura Padana, una zona muy industrializada y contaminada en el Norte de Italia. Es una decisi\u00f3n perfecta porque no solo puede ir en contra del calentamiento global, sino que puede tambi\u00e9n <strong>renaturalizar<\/strong> el territorio.<\/p>\n<p><strong>La compensaci\u00f3n de CO2 en nuestro territorio<\/strong>, plantando \u00e1rboles aqu\u00ed y ahora, es m\u00e1s eficaz en reducir la CO2 que apoyando proyectos en zonas remotas del planeta.<\/p>\n<div class=\"thumbnail alignnone\"><img src=\"https:\/\/sb.ecobnb.net\/app\/uploads\/sites\/2\/2019\/05\/landscape-tree-nature-horizon-light-cloud-515137-pxhere.com_-870x490.jpg\" alt=\"paisaje de llanura con \u00e1rboles\" width=\"870\" height=\"490\" \/><div class=\"caption\">Foto en pxhere<\/div><\/div>\n<h3>Los beneficios del verde<\/h3>\n<p>Los efectos ben\u00e9ficos de las plantas son muchos, aqu\u00ed est\u00e1n algunos:<\/p>\n<ol>\n<li><strong>DISMINUCI\u00d3N DE CO2<\/strong>: cada \u00e1rbol roba di\u00f3xido de carbono (CO2) a la atmosfera y contribuye a reducir el calentamiento global (la CO2 es el m\u00e1s importante gas de efecto invernadero)<\/li>\n<li><strong>AIRE M\u00c1S LIMPIO Y RESPIRABLE<\/strong>: la naturaleza act\u00faa de manera concreta en la calidad del aire que respiramos, convierte la CO2 en ox\u00edgeno y evita la propagaci\u00f3n de gases nocivos para nuestra salud<\/li>\n<li><strong>BENEFICIOS PARA LA SALUD<\/strong>: <a href=\"https:\/\/ecobnb.com\/blog\/2017\/11\/urban-green-health-trees\/\" target=\"_blank\">algunas investigaciones cient\u00edficas<\/a> han demostrado que nuestra salud f\u00edsica y mental depende de la presencia de espacios verdes en los lugares donde vivimos<\/li>\n<li><strong>COMUNIDADES SOLIDARIAS<\/strong>: plantar \u00e1rboles en el territorio puede tambi\u00e9n ayudar las comunidades locales porque crea momentos de colaboraci\u00f3n, cohesi\u00f3n social y contrasta el vandalismo.<\/li>\n<\/ol>\n<div class=\"thumbnail alignnone\"><img src=\"https:\/\/sb.ecobnb.net\/app\/uploads\/sites\/2\/2019\/05\/piantare-alberi-870x490.jpg\" alt=\"plantar \u00e1rboles\" width=\"870\" height=\"490\" \/><div class=\"caption\">Foto en pxhere<\/div><\/div>\n<h3>La red de agricultores de Ecobnb<\/h3>\n<p>\u00bfQuieres conocer personalmente las caras y las historias de los agricultores de nuestra red Ecobnb? Ellos nos ayudar\u00e1n en impulsar la compensaci\u00f3n de CO2 de la manera m\u00e1s \u00e9tica, local y solidaria posible.<br \/>\n\u00a1Contin\u00faa sigui\u00e9ndonos y te los vamos a presentar pronto!<\/p>\n","protected":false},"excerpt":{"rendered":"<p>Viaja con Ecobnb, sus alojamientos sostenibles reducen tu personal consumo de huella de carbono. Haz todo lo posible para luchar contra el problema del cambio clim\u00e1tico. Si escoges un alojamiento sostenible puedes reducir las emisiones de CO2 (aproximadamente se evitan 8 kg de CO2 por persona por noche en un Ecobnb). Esto es el equivalente [&hellip;]<\/p>\n","protected":false},"author":112,"featured_media":3710,"parent":0,"menu_order":0,"comment_status":"closed","ping_status":"open","template":"page-nosidebar.php","meta":[],"acf":[],"yoast_head":"<!-- This site is optimized with the Yoast SEO plugin v19.9 - https:\/\/yoast.com\/wordpress\/plugins\/seo\/ -->\n<title>Evita las emisiones de CO2 y planta \u00e1rboles viajando con Ecobnb<\/title>\n<meta name=\"description\" content=\"Viajando con Ecobnb plantas 295 nuevos \u00e1rboles por noche por persona, ayudas a nuestro Planeta para que sea m\u00e1s verde, luchas en contra del cambio clim\u00e1tico\" \/>\n<meta name=\"robots\" content=\"index, follow, max-snippet:-1, max-image-preview:large, max-video-preview:-1\" \/>\n<link rel=\"canonical\" href=\"https:\/\/ecobnb.es\/blog\/arboles\/\" \/>\n<meta property=\"og:locale\" content=\"es_ES\" \/>\n<meta property=\"og:type\" content=\"article\" \/>\n<meta property=\"og:title\" content=\"Evita las emisiones de CO2 y planta \u00e1rboles viajando con Ecobnb\" \/>\n<meta property=\"og:description\" content=\"Viajando con Ecobnb plantas 295 nuevos \u00e1rboles por noche por persona, ayudas a nuestro Planeta para que sea m\u00e1s verde, luchas en contra del cambio clim\u00e1tico\" \/>\n<meta property=\"og:url\" content=\"https:\/\/ecobnb.es\/blog\/arboles\/\" \/>\n<meta property=\"og:site_name\" content=\"Ecobnb\" \/>\n<meta property=\"article:modified_time\" content=\"2019-09-20T05:51:52+00:00\" \/>\n<meta property=\"og:image\" content=\"https:\/\/ecobnb.es\/blog\/app\/uploads\/sites\/6\/2019\/08\/CO2-evitata-e-Alberi-piantati-il-nostro-Contributo-per-un-Pianeta-pi\u00f9-Verde.jpg\" \/>\n\t<meta property=\"og:image:width\" content=\"1170\" \/>\n\t<meta property=\"og:image:height\" content=\"490\" \/>\n\t<meta property=\"og:image:type\" content=\"image\/jpeg\" \/>\n<meta name=\"twitter:card\" content=\"summary_large_image\" \/>\n<meta name=\"twitter:label1\" content=\"Est. reading time\" \/>\n\t<meta name=\"twitter:data1\" content=\"4 minutes\" \/>\n<!-- \/ Yoast SEO plugin. -->","yoast_head_json":{"title":"Evita las emisiones de CO2 y planta \u00e1rboles viajando con Ecobnb","description":"Viajando con Ecobnb plantas 295 nuevos \u00e1rboles por noche por persona, ayudas a nuestro Planeta para que sea m\u00e1s verde, luchas en contra del cambio clim\u00e1tico","robots":{"index":"index","follow":"follow","max-snippet":"max-snippet:-1","max-image-preview":"max-image-preview:large","max-video-preview":"max-video-preview:-1"},"canonical":"https:\/\/ecobnb.es\/blog\/arboles\/","og_locale":"es_ES","og_type":"article","og_title":"Evita las emisiones de CO2 y planta \u00e1rboles viajando con Ecobnb","og_description":"Viajando con Ecobnb plantas 295 nuevos \u00e1rboles por noche por persona, ayudas a nuestro Planeta para que sea m\u00e1s verde, luchas en contra del cambio clim\u00e1tico","og_url":"https:\/\/ecobnb.es\/blog\/arboles\/","og_site_name":"Ecobnb","article_modified_time":"2019-09-20T05:51:52+00:00","og_image":[{"width":1170,"height":490,"url":"https:\/\/ecobnb.es\/blog\/app\/uploads\/sites\/6\/2019\/08\/CO2-evitata-e-Alberi-piantati-il-nostro-Contributo-per-un-Pianeta-pi\u00f9-Verde.jpg","type":"image\/jpeg"}],"twitter_card":"summary_large_image","twitter_misc":{"Est. reading time":"4 minutes"},"schema":{"@context":"https:\/\/schema.org","@graph":[{"@type":"WebPage","@id":"https:\/\/ecobnb.es\/blog\/arboles\/","url":"https:\/\/ecobnb.es\/blog\/arboles\/","name":"Evita las emisiones de CO2 y planta \u00e1rboles viajando con Ecobnb","isPartOf":{"@id":"https:\/\/ecobnb.es\/blog\/#website"},"datePublished":"2019-08-27T07:46:34+00:00","dateModified":"2019-09-20T05:51:52+00:00","description":"Viajando con Ecobnb plantas 295 nuevos \u00e1rboles por noche por persona, ayudas a nuestro Planeta para que sea m\u00e1s verde, luchas en contra del cambio clim\u00e1tico","breadcrumb":{"@id":"https:\/\/ecobnb.es\/blog\/arboles\/#breadcrumb"},"inLanguage":"es-ES","potentialAction":[{"@type":"ReadAction","target":["https:\/\/ecobnb.es\/blog\/arboles\/"]}]},{"@type":"BreadcrumbList","@id":"https:\/\/ecobnb.es\/blog\/arboles\/#breadcrumb","itemListElement":[{"@type":"ListItem","position":1,"name":"Home","item":"https:\/\/ecobnb.es\/blog\/"},{"@type":"ListItem","position":2,"name":"Evita las emisiones de CO2 y planta \u00e1rboles: nuestra contribuci\u00f3n para que el Planeta sea m\u00e1s Verde"}]},{"@type":"WebSite","@id":"https:\/\/ecobnb.es\/blog\/#website","url":"https:\/\/ecobnb.es\/blog\/","name":"Ecobnb","description":"Find sustainable accommodation","potentialAction":[{"@type":"SearchAction","target":{"@type":"EntryPoint","urlTemplate":"https:\/\/ecobnb.es\/blog\/?s={search_term_string}"},"query-input":"required name=search_term_string"}],"inLanguage":"es-ES"}]}},"_links":{"self":[{"href":"https:\/\/ecobnb.es\/blog\/wp-json\/wp\/v2\/pages\/3709"}],"collection":[{"href":"https:\/\/ecobnb.es\/blog\/wp-json\/wp\/v2\/pages"}],"about":[{"href":"https:\/\/ecobnb.es\/blog\/wp-json\/wp\/v2\/types\/page"}],"author":[{"embeddable":true,"href":"https:\/\/ecobnb.es\/blog\/wp-json\/wp\/v2\/users\/112"}],"replies":[{"embeddable":true,"href":"https:\/\/ecobnb.es\/blog\/wp-json\/wp\/v2\/comments?post=3709"}],"version-history":[{"count":6,"href":"https:\/\/ecobnb.es\/blog\/wp-json\/wp\/v2\/pages\/3709\/revisions"}],"predecessor-version":[{"id":3738,"href":"https:\/\/ecobnb.es\/blog\/wp-json\/wp\/v2\/pages\/3709\/revisions\/3738"}],"wp:featuredmedia":[{"embeddable":true,"href":"https:\/\/ecobnb.es\/blog\/wp-json\/wp\/v2\/media\/3710"}],"wp:attachment":[{"href":"https:\/\/ecobnb.es\/blog\/wp-json\/wp\/v2\/media?parent=3709"}],"curies":[{"name":"wp","href":"https:\/\/api.w.org\/{rel}","templated":true}]}}