{"id":306,"date":"2016-04-13T14:45:02","date_gmt":"2016-04-13T14:45:02","guid":{"rendered":"https:\/\/ecobnb.es\/blog\/?page_id=306"},"modified":"2020-06-28T08:16:42","modified_gmt":"2020-06-28T08:16:42","slug":"bienvenido","status":"publish","type":"page","link":"https:\/\/ecobnb.es\/blog\/bienvenido\/","title":{"rendered":"Bienvenido a Ecobnb"},"content":{"rendered":"<p>\u00a1Bienvenido a Ecobnb! Aqu\u00ed hay informaci\u00f3n \u00fatil para editar su p\u00e1gina en Ecobnb, insertar ofertas especiales, mejorar su visibilidad y mucho m\u00e1s.<\/p>\n<h2>a. \u00bf Como modificar tu tarjeta?<\/h2>\n<p>Puedes modificar automaticamente tus datos con un login, o sea yendo a la direcci\u00f3n siguiente:https:\/\/ecobnb.it\/login<br \/>\ne insertando tus datos (email y contrase\u00f1a).<\/p>\n<p>Una vez que hiciste login, si pinchas arriba a la derecha sobre el nombre de tu oferta de alojamiento entras en la p\u00e1gina dedicada a tu oferta de establecimiento de alojamiento. Antes de efectuar cualquier cambio, tienes que activar el bot\u00f3n \u201cEdit\u201d que se encuentra arriba a la derecha!<\/p>\n<p><img class=\"alignnone wp-image-4138 size-full\" src=\"https:\/\/ecobnb.es\/blog\/app\/uploads\/sites\/6\/2020\/06\/Screenshot-from-2020-06-28-09-14-20-e1593332144125.png\" alt=\"\u00bf Como modificar tu tarjeta?\" width=\"870\" height=\"354\" \/><\/p>\n<p><img class=\"alignnone wp-image-4139 size-full\" src=\"https:\/\/ecobnb.es\/blog\/app\/uploads\/sites\/6\/2020\/06\/Screenshot-from-2020-06-28-09-14-20-1-e1593332182796.png\" alt=\"\u00bf Como modificar tu tarjeta?\" width=\"392\" height=\"283\" srcset=\"https:\/\/ecobnb.es\/blog\/app\/uploads\/sites\/6\/2020\/06\/Screenshot-from-2020-06-28-09-14-20-1-e1593332182796.png 392w, https:\/\/ecobnb.es\/blog\/app\/uploads\/sites\/6\/2020\/06\/Screenshot-from-2020-06-28-09-14-20-1-e1593332182796-344x248.png 344w\" sizes=\"(max-width: 392px) 100vw, 392px\" \/><\/p>\n<p>Tan pronto como active el modo &#8216;Editar&#8217; (o &#8216;Editar&#8217;) ingresa a la p\u00e1gina de edici\u00f3n. A la izquierda encontrar\u00e1 el men\u00fa principal que puede seleccionar para editar sus datos:<\/p>\n<ul>\n<li><strong>Informaci\u00f3n general<\/strong>: aqu\u00ed puede cambiar la informaci\u00f3n general (nombre de la estructura, contactos, t\u00edtulo de su p\u00e1gina &#8216;Teaser&#8217;, impuesto tur\u00edstico).<\/li>\n<li><strong>Ubicaci\u00f3n<\/strong>: aqu\u00ed puede cambiar la posici\u00f3n de su alojamiento en el mapa o actualizar la direcci\u00f3n.<\/li>\n<li><strong>Propiedad<\/strong>: aqu\u00ed puede establecer los per\u00edodos de cierre del alojamiento y especificar los t\u00e9rminos de pago y cancelaci\u00f3n. Adem\u00e1s, en esta secci\u00f3n puede actualizar los servicios generales de su hospitalidad.<\/li>\n<li><strong>Espacio en alquiler<\/strong>: aqu\u00ed puede ingresar las habitaciones, apartamentos o espacios que los hu\u00e9spedes pueden reservar, tambi\u00e9n puede actualizar los precios y servicios de cada espacio. Para cada espacio insertado, debe cargar una imagen y especificar el n\u00famero y tipo de camas en el espacio.<\/li>\n<li><strong>Calendario<\/strong>: aqu\u00ed puede elegir si desea usar un calendario o no para administrar su disponibilidad.\n<ul>\n<li><strong>Si selecciona &#8220;s\u00ed&#8221;<\/strong>: puede sincronizar su administrador de canales o el calendario de Google y la reserva se realiza en 2 pasos\n<ul>\n<li>1. el viajero env\u00eda la solicitud de reserva<\/li>\n<li>2. el alojamiento confirma la reserva<\/li>\n<\/ul>\n<\/li>\n<li><strong>Si selecciona &#8220;no&#8221;<\/strong>: el viajero no puede ver su disponibilidad y la reserva se realiza en 3 pasos\n<ul>\n<li>1. el viajero env\u00eda la solicitud de disponibilidad<\/li>\n<li>2. el alojamiento da disponibilidad e indica el precio total<\/li>\n<li>3. el viajero confirma la reserva.<\/li>\n<\/ul>\n<\/li>\n<\/ul>\n<\/li>\n<li><strong>Fotos<\/strong>: aqu\u00ed inserte las fotos de su alojamiento (al menos 5).<\/li>\n<li><strong>Descripci\u00f3n<\/strong>: aqu\u00ed ingrese la descripci\u00f3n detallada de su eco-hospitalidad.<\/li>\n<li><strong>Informaci\u00f3n de facturaci\u00f3n<\/strong>: ingrese su informaci\u00f3n de facturaci\u00f3n aqu\u00ed.<\/li>\n<li><strong>Vista previa<\/strong>: aqu\u00ed puede ver su p\u00e1gina como los usuarios la ven en el sitio.<\/li>\n<\/ul>\n<div class=\"player-unavailable\">\n<h2><img class=\"alignnone wp-image-4123 size-full\" src=\"https:\/\/ecobnb.es\/blog\/app\/uploads\/sites\/6\/2020\/06\/Ecobnb-menu-accommodation-e1591289013476.png\" alt=\"Ecobnb menu accommodation\" width=\"870\" height=\"392\" \/><\/h2>\n<h2>b. \u00bfComo mejorar tu tarjeta?<\/h2>\n<h3>1. Inserta im\u00e1genes lo m\u00e1s que puedas:<\/h3>\n<p>nuestros viajadores aman las im\u00e1genes! A\u00f1ade todas las im\u00e1genes que puedas y actualizalas a menudo! Ense\u00f1a los detalles de las habitaciones, pero tambi\u00e9n los espacios exteriores, los desayunos, las cosas por hacer y para ver alrededores de tu establecimiento de alojamiento.<\/p>\n<h3>2. Especifica bien los precios:<\/h3>\n<p>actualiza los precios y especifica con mucho cuidado como cambian en las distintas estaciones y para las distintas categor\u00edas de habitaciones.\u00a0<a href=\"https:\/\/ecobnb.es\/blog\/actualizar-precios-disponibilidad-espacios\/\" target=\"_blank\" rel=\"noopener\"><strong>Aqu\u00ed explicamos en detalle c\u00f3mo actualizar precios y disponibilidad<\/strong><\/a>. Si utiliza un administrador de canales, puede conectarlo a Ecobnb: de esta forma, su disponibilidad se actualizar\u00e1 autom\u00e1ticamente.<\/p>\n<h3>3. A\u00f1ade detalles en la descripci\u00f3n:<\/h3>\n<p>A\u00f1ade todo los detalles que puedas, por ejemplo: cuanto lejos se encuentra el establecimiento de alojamiento de los puntos de inter\u00e9s en los alrededores? \u00bfQue se puede hacer en los alrededores?\u00bfComo se puede llegar (tambi\u00e9n con transporte p\u00fablico)\u00bfQue se puede probar para el desayuno?\u00bf Como naci\u00f3 vuestra idea de alojamiento turistico? etc.<\/p>\n<h2>c.\u00bfComo promover tu calidad ecol\u00f3gica?<\/h2>\n<p>Comunica a tus hu\u00e9spedes tu atenci\u00f3n para el medio ambiente.<br \/>\nAqui abajo puedes descargar algunas im\u00e1genes y lugares de Ecobnb que puedes utilizar tambi\u00e9n en tu pagina!<\/p>\n\n\t\t<style type=\"text\/css\">\n\t\t\t#gallery-1 {\n\t\t\t\tmargin: auto;\n\t\t\t}\n\t\t\t#gallery-1 .gallery-item {\n\t\t\t\tfloat: left;\n\t\t\t\tmargin-top: 10px;\n\t\t\t\ttext-align: center;\n\t\t\t\twidth: 50%;\n\t\t\t}\n\t\t\t#gallery-1 img {\n\t\t\t\tborder: 2px solid #cfcfcf;\n\t\t\t}\n\t\t\t#gallery-1 .gallery-caption {\n\t\t\t\tmargin-left: 0;\n\t\t\t}\n\t\t\t\/* see gallery_shortcode() in wp-includes\/media.php *\/\n\t\t<\/style>\n\t\t<div id='gallery-1' class='gallery galleryid-306 gallery-columns-2 gallery-size-medium'><dl class='gallery-item'>\n\t\t\t<dt class='gallery-icon landscape'>\n\t\t\t\t<a href='https:\/\/ecobnb.es\/blog\/bienvenido\/ecobnb-ok1\/#main'><img width=\"414\" height=\"290\" src=\"https:\/\/ecobnb.es\/blog\/app\/uploads\/sites\/6\/2016\/04\/ECOBNB-ok1.png\" class=\"attachment-medium size-medium\" alt=\"Como promover tu calidad ecol\u00f3gica?\" aria-describedby=\"gallery-1-308\" srcset=\"https:\/\/ecobnb.es\/blog\/app\/uploads\/sites\/6\/2016\/04\/ECOBNB-ok1.png 414w, https:\/\/ecobnb.es\/blog\/app\/uploads\/sites\/6\/2016\/04\/ECOBNB-ok1-344x241.png 344w\" sizes=\"(max-width: 414px) 100vw, 414px\" \/><\/a>\n\t\t\t<\/dt>\n\t\t\t\t<dd class='wp-caption-text gallery-caption' id='gallery-1-308'>\n\t\t\t\tPincha sobre el logo para abrir la imagen y salvarla.\n\t\t\t\t<\/dd><\/dl><dl class='gallery-item'>\n\t\t\t<dt class='gallery-icon landscape'>\n\t\t\t\t<a href='https:\/\/ecobnb.es\/blog\/bienvenido\/nature-matters\/#main'><img width=\"536\" height=\"536\" src=\"https:\/\/ecobnb.es\/blog\/app\/uploads\/sites\/6\/2020\/06\/nature-matters-536x536.jpg\" class=\"attachment-medium size-medium\" alt=\"Pincha sobre el logo para abrir la imagen y salvarla.\" aria-describedby=\"gallery-1-4124\" srcset=\"https:\/\/ecobnb.es\/blog\/app\/uploads\/sites\/6\/2020\/06\/nature-matters-536x536.jpg 536w, https:\/\/ecobnb.es\/blog\/app\/uploads\/sites\/6\/2020\/06\/nature-matters-768x768.jpg 768w, https:\/\/ecobnb.es\/blog\/app\/uploads\/sites\/6\/2020\/06\/nature-matters-344x344.jpg 344w, https:\/\/ecobnb.es\/blog\/app\/uploads\/sites\/6\/2020\/06\/nature-matters.jpg 2000w\" sizes=\"(max-width: 536px) 100vw, 536px\" \/><\/a>\n\t\t\t<\/dt>\n\t\t\t\t<dd class='wp-caption-text gallery-caption' id='gallery-1-4124'>\n\t\t\t\tPincha sobre el logo para abrir la imagen y salvarla.\n\t\t\t\t<\/dd><\/dl><br style=\"clear: both\" \/>\n\t\t<\/div>\n\n<p>Pincha sobre el logo para abrir la imagen y salvarla.\u00a0<strong><a href=\"https:\/\/ecobnb.com\/blog\/badges\/\" target=\"_blank\" rel=\"noopener\">Aqu\u00ed puede descargar<\/a><\/strong>\u00a0algunos logotipos de Ecobnb que puede usar en su sitio.<\/p>\n<p><a href=\"https:\/\/ecobnb.com\/blog\/free-material-communicate-sustainability\/\" target=\"_blank\" rel=\"noopener\">En esta p\u00e1gina<\/a> puede encontrar otro material \u00fatil para comunicar a sus invitados la sostenibilidad de su alojamiento.<\/p>\n<p>Si eres un eco-excelencia, puedes comunicarlo a tus contactos insertando una de nuestras insignias en tu sitio:<\/p>\n<ul>\n<li><a href=\"https:\/\/ecobnb.com\/blog\/badges\/\" target=\"_blank\" rel=\"noopener\">La insignia de Ecobnb<\/a><\/li>\n<li><a href=\"https:\/\/ecobnb.com\/blog\/eco-eccellence\/\" target=\"_blank\" rel=\"noopener\">La insignia exclusiva para miembros registrados con membres\u00eda PRO<\/a><\/li>\n<li><a href=\"https:\/\/ecobnb.com\/blog\/exclusive-badges-eco-heroes\/\" target=\"_blank\" rel=\"noopener\">La insignia exclusiva para superh\u00e9roes de la hospitalidad verde.<\/a><\/li>\n<\/ul>\n<h2>d. \u00bfComo publicar gratis una oferta especial?<\/h2>\n<p>Para responder a las numerosas solicitudes de nuestros viajadores hemos creado la secci\u00f3n <strong><a href=\"https:\/\/ecobnb.es\/\" target=\"_blank\" rel=\"noopener\">Ofertas Especiales<\/a><\/strong>, donde se encuentran todas las ofertas especiales de alojamiento ecol\u00f3gico (descuentos, promociones, aperitivos gratis, etc.), pero tambi\u00e9n iniciativas y las actividades que ustedes como establecimientos quieren<br \/>\nproponernos (itinerarios, trekking, cursos de permacultura, talleres de bio-arquitectura, encuentros de cocina vagan etc.)<br \/>\nCada semana publicamos en la <a href=\"https:\/\/ecobnb.es\/\" target=\"_blank\" rel=\"noopener\"><strong>home page de Ecobnb<\/strong> <\/a>las ofertas m\u00e1s interesantes y los se\u00f1alamos en los social media. De esa manera tendr\u00e1n todav\u00eda mas visibilidad! Quieres descubrir en practica como hacer? Mira el video:<\/p>\n<p><iframe loading=\"lazy\" src=\"https:\/\/www.youtube.com\/embed\/IUMACFSZm0c\" width=\"853\" height=\"480\" frameborder=\"0\" allowfullscreen=\"allowfullscreen\"><\/iframe><\/p>\n<h2>e.\u00bfComo se\u00f1alar un itinerario verde?<\/h2>\n<p>Cerca de tu establecimiento hay un itinerario lento (para recorrer a p\u00edes, en bicicleta, en caballo, etc) Puedes se\u00f1alarlo rellenando <strong><a href=\"https:\/\/translate.google.it\/translate?hl=en&amp;sl=it&amp;tl=es&amp;u=https%3A%2F%2Fdocs.google.com%2Fforms%2Fd%2F1XLt5HM2hmPWpFDz5EbEiM0xTwXblTmixn6jFeJQSSW4%2Fviewform%3Fc%3D0%26w%3D1\" target=\"_blank\" rel=\"noopener\">este formulario online<\/a><\/strong>!<br \/>\nPublicaremos el itinerario en nuestro blog para que lo conozcan los viajadores y premiaremos los 2 itinerarios m\u00e1s bellos con un fin de semana para dos personas en Liguria y Emilia (aqu\u00ed encuentras m\u00e1s informaciones).<\/p>\n<p><img class=\"alignnone wp-image-311 size-full\" src=\"https:\/\/ecobnb.es\/blog\/app\/uploads\/sites\/6\/2016\/04\/cammini-870x490.jpg\" alt=\"\u00bfComo se\u00f1alar un itinerario verde?\" width=\"870\" height=\"490\" srcset=\"https:\/\/ecobnb.es\/blog\/app\/uploads\/sites\/6\/2016\/04\/cammini-870x490.jpg 870w, https:\/\/ecobnb.es\/blog\/app\/uploads\/sites\/6\/2016\/04\/cammini-870x490-536x302.jpg 536w, https:\/\/ecobnb.es\/blog\/app\/uploads\/sites\/6\/2016\/04\/cammini-870x490-570x320.jpg 570w, https:\/\/ecobnb.es\/blog\/app\/uploads\/sites\/6\/2016\/04\/cammini-870x490-344x194.jpg 344w\" sizes=\"(max-width: 870px) 100vw, 870px\" \/><\/p>\n<h2>f. \u00bfC\u00f3mo alojar de una manera verde, limpia y segura?<\/h2>\n<p>Para hacer frente a la emergencia mundial de Coronavirus, pedimos a las instalaciones de alojamiento que sigan estas <strong><a href=\"https:\/\/ecobnb.com\/blog\/green-clean-safe-charter\/\" target=\"_blank\" rel=\"noopener\">pautas para una estad\u00eda &#8220;ecol\u00f3gica limpia y segura&#8221;<\/a><\/strong>. Adem\u00e1s, organizamos un seminario web durante el cual compartimos algunas buenas pr\u00e1cticas para facilitar la reapertura poscovid.<\/p>\n<h2>g. \u00bfC\u00f3mo conectar Ecobnb a Channel Managers?<\/h2>\n<p>\u00bfUtiliza un sistema de administrador de canales para administrar la disponibilidad de sus habitaciones? <a href=\"https:\/\/ecobnb.es\/blog\/actualizar-precios-disponibilidad-espacios\/\" target=\"_blank\" rel=\"noopener\"><strong>Puede sincronizarlo con Ecobnb, siguiendo las instrucciones de esta p\u00e1gina<\/strong><\/a>. De esta manera, el calendario de disponibilidad en Ecobnb siempre se actualizar\u00e1 y podr\u00e1 recibir reservas m\u00e1s f\u00e1cilmente.<\/p>\n<div class=\"embed-container\">\n<blockquote class=\"wp-embedded-content\" data-secret=\"adUQkldTe6\"><p><a href=\"https:\/\/ecobnb.es\/blog\/actualizar-precios-disponibilidad-espacios\/\">C\u00f3mo actualizar los precios y la disponibilidad de sus espacios en Ecobnb<\/a><\/p><\/blockquote>\n<p><iframe class=\"wp-embedded-content\" sandbox=\"allow-scripts\" security=\"restricted\" style=\"position: absolute; clip: rect(1px, 1px, 1px, 1px);\" title=\"&#8220;C\u00f3mo actualizar los precios y la disponibilidad de sus espacios en Ecobnb&#8221; &#8212; Ecobnb\" src=\"https:\/\/ecobnb.es\/blog\/actualizar-precios-disponibilidad-espacios\/embed\/#?secret=g2y4amtGNZ#?secret=adUQkldTe6\" data-secret=\"adUQkldTe6\" width=\"600\" height=\"338\" frameborder=\"0\" marginwidth=\"0\" marginheight=\"0\" scrolling=\"no\"><\/iframe><\/div>\n<h2>h.\u00a0\u00bfTienes otras preguntas?<\/h2>\n<p><a href=\"https:\/\/ecobnb.es\/blog\/faq-alojar\/\" target=\"_blank\" rel=\"noopener\"><strong>En este enlace<\/strong><\/a>, puede leer las respuestas a las preguntas m\u00e1s frecuentes de quienes alojan con Ecobnb.<\/p>\n<p>Adem\u00e1s, aqu\u00ed puede encontrar m\u00e1s informaci\u00f3n sobre el proyecto Ecobnb o ver nuestro <a href=\"https:\/\/ecobnb.es\/blog\/media-kit\/\" target=\"_blank\" rel=\"noopener\"><strong>Kit de medios<\/strong><\/a>.<\/p>\n<h4>Podr\u00edan interesarte tambi\u00e9n:<\/h4>\n<h4><a href=\"https:\/\/ecobnb.es\/blog\/faq\/\" target=\"_blank\" rel=\"noopener\">Las respuestas a las preguntas m\u00e1s frequentes<\/a><\/h4>\n<h4><a href=\"https:\/\/ecobnb.es\/blog\/media-kit\/\" target=\"_blank\" rel=\"noopener\">Media kit: todos los n\u00fameros de Ecobnb<\/a><\/h4>\n<\/div>\n","protected":false},"excerpt":{"rendered":"<p>\u00a1Bienvenido a Ecobnb! Aqu\u00ed hay informaci\u00f3n \u00fatil para editar su p\u00e1gina en Ecobnb, insertar ofertas especiales, mejorar su visibilidad y mucho m\u00e1s. a. \u00bf Como modificar tu tarjeta? Puedes modificar automaticamente tus datos con un login, o sea yendo a la direcci\u00f3n siguiente:https:\/\/ecobnb.it\/login e insertando tus datos (email y contrase\u00f1a). Una vez que hiciste login, [&hellip;]<\/p>\n","protected":false},"author":54,"featured_media":315,"parent":0,"menu_order":0,"comment_status":"closed","ping_status":"open","template":"","meta":[],"acf":[],"yoast_head":"<!-- This site is optimized with the Yoast SEO plugin v19.9 - https:\/\/yoast.com\/wordpress\/plugins\/seo\/ -->\n<title>Bienvenido a Ecobnb - Ecobnb<\/title>\n<meta name=\"description\" content=\"Bienvenido a Ecobnb, un viaje para promover una red que desarrolle un tipo de turismo que respete la naturaleza, la economia y las comunidades locales.\" \/>\n<meta name=\"robots\" content=\"index, follow, max-snippet:-1, max-image-preview:large, max-video-preview:-1\" \/>\n<link rel=\"canonical\" href=\"https:\/\/ecobnb.es\/blog\/bienvenido\/\" \/>\n<meta property=\"og:locale\" content=\"es_ES\" \/>\n<meta property=\"og:type\" content=\"article\" \/>\n<meta property=\"og:title\" content=\"Bienvenido a Ecobnb - Ecobnb\" \/>\n<meta property=\"og:description\" content=\"Bienvenido a Ecobnb, un viaje para promover una red que desarrolle un tipo de turismo que respete la naturaleza, la economia y las comunidades locales.\" \/>\n<meta property=\"og:url\" content=\"https:\/\/ecobnb.es\/blog\/bienvenido\/\" \/>\n<meta property=\"og:site_name\" content=\"Ecobnb\" \/>\n<meta property=\"article:modified_time\" content=\"2020-06-28T08:16:42+00:00\" \/>\n<meta property=\"og:image\" content=\"https:\/\/ecobnb.es\/blog\/app\/uploads\/sites\/6\/2016\/04\/Benvenuto-Ecobnb-1170x490.jpg\" \/>\n\t<meta property=\"og:image:width\" content=\"1170\" \/>\n\t<meta property=\"og:image:height\" content=\"490\" \/>\n\t<meta property=\"og:image:type\" content=\"image\/jpeg\" \/>\n<meta name=\"twitter:card\" content=\"summary_large_image\" \/>\n<meta name=\"twitter:label1\" content=\"Est. reading time\" \/>\n\t<meta name=\"twitter:data1\" content=\"5 minutes\" \/>\n<!-- \/ Yoast SEO plugin. -->","yoast_head_json":{"title":"Bienvenido a Ecobnb - Ecobnb","description":"Bienvenido a Ecobnb, un viaje para promover una red que desarrolle un tipo de turismo que respete la naturaleza, la economia y las comunidades locales.","robots":{"index":"index","follow":"follow","max-snippet":"max-snippet:-1","max-image-preview":"max-image-preview:large","max-video-preview":"max-video-preview:-1"},"canonical":"https:\/\/ecobnb.es\/blog\/bienvenido\/","og_locale":"es_ES","og_type":"article","og_title":"Bienvenido a Ecobnb - Ecobnb","og_description":"Bienvenido a Ecobnb, un viaje para promover una red que desarrolle un tipo de turismo que respete la naturaleza, la economia y las comunidades locales.","og_url":"https:\/\/ecobnb.es\/blog\/bienvenido\/","og_site_name":"Ecobnb","article_modified_time":"2020-06-28T08:16:42+00:00","og_image":[{"width":1170,"height":490,"url":"https:\/\/ecobnb.es\/blog\/app\/uploads\/sites\/6\/2016\/04\/Benvenuto-Ecobnb-1170x490.jpg","type":"image\/jpeg"}],"twitter_card":"summary_large_image","twitter_misc":{"Est. reading time":"5 minutes"},"schema":{"@context":"https:\/\/schema.org","@graph":[{"@type":"WebPage","@id":"https:\/\/ecobnb.es\/blog\/bienvenido\/","url":"https:\/\/ecobnb.es\/blog\/bienvenido\/","name":"Bienvenido a Ecobnb - Ecobnb","isPartOf":{"@id":"https:\/\/ecobnb.es\/blog\/#website"},"datePublished":"2016-04-13T14:45:02+00:00","dateModified":"2020-06-28T08:16:42+00:00","description":"Bienvenido a Ecobnb, un viaje para promover una red que desarrolle un tipo de turismo que respete la naturaleza, la economia y las comunidades locales.","breadcrumb":{"@id":"https:\/\/ecobnb.es\/blog\/bienvenido\/#breadcrumb"},"inLanguage":"es-ES","potentialAction":[{"@type":"ReadAction","target":["https:\/\/ecobnb.es\/blog\/bienvenido\/"]}]},{"@type":"BreadcrumbList","@id":"https:\/\/ecobnb.es\/blog\/bienvenido\/#breadcrumb","itemListElement":[{"@type":"ListItem","position":1,"name":"Home","item":"https:\/\/ecobnb.es\/blog\/"},{"@type":"ListItem","position":2,"name":"Bienvenido a Ecobnb"}]},{"@type":"WebSite","@id":"https:\/\/ecobnb.es\/blog\/#website","url":"https:\/\/ecobnb.es\/blog\/","name":"Ecobnb","description":"Find sustainable accommodation","potentialAction":[{"@type":"SearchAction","target":{"@type":"EntryPoint","urlTemplate":"https:\/\/ecobnb.es\/blog\/?s={search_term_string}"},"query-input":"required name=search_term_string"}],"inLanguage":"es-ES"}]}},"_links":{"self":[{"href":"https:\/\/ecobnb.es\/blog\/wp-json\/wp\/v2\/pages\/306"}],"collection":[{"href":"https:\/\/ecobnb.es\/blog\/wp-json\/wp\/v2\/pages"}],"about":[{"href":"https:\/\/ecobnb.es\/blog\/wp-json\/wp\/v2\/types\/page"}],"author":[{"embeddable":true,"href":"https:\/\/ecobnb.es\/blog\/wp-json\/wp\/v2\/users\/54"}],"replies":[{"embeddable":true,"href":"https:\/\/ecobnb.es\/blog\/wp-json\/wp\/v2\/comments?post=306"}],"version-history":[{"count":12,"href":"https:\/\/ecobnb.es\/blog\/wp-json\/wp\/v2\/pages\/306\/revisions"}],"predecessor-version":[{"id":4140,"href":"https:\/\/ecobnb.es\/blog\/wp-json\/wp\/v2\/pages\/306\/revisions\/4140"}],"wp:featuredmedia":[{"embeddable":true,"href":"https:\/\/ecobnb.es\/blog\/wp-json\/wp\/v2\/media\/315"}],"wp:attachment":[{"href":"https:\/\/ecobnb.es\/blog\/wp-json\/wp\/v2\/media?parent=306"}],"curies":[{"name":"wp","href":"https:\/\/api.w.org\/{rel}","templated":true}]}}