{"id":3006,"date":"2019-04-06T16:40:09","date_gmt":"2019-04-06T16:40:09","guid":{"rendered":"https:\/\/ecobnb.es\/blog\/?page_id=3006"},"modified":"2019-04-06T16:40:40","modified_gmt":"2019-04-06T16:40:40","slug":"pago-tarjeta-regalo","status":"publish","type":"page","link":"https:\/\/ecobnb.es\/blog\/pago-tarjeta-regalo\/","title":{"rendered":"Gift Card: como solicitar el pago de un alojamiento con Tarjeta Regalo"},"content":{"rendered":"<p>Las<strong> Gift Card<\/strong> de Ecobnb son <strong>Tarjetas Regalo digitales<\/strong>, o sea tarjetas de pago prepagadas, disponibles en diferentes denominaciones (10 \u20ac, 50 \u20ac, 100 \u20ac, etc.), que los viajeros pueden utilizar seg\u00fan los t\u00e9rminos de condiciones en la plataforma Ecobnb.\u00a0Cuando el establecimiento tur\u00edstico recibe una reserva con la tarjeta regalo el importe de la tarjeta lo paga Ecobnb, el viajero solo la usa. Abajo le explicamos como solicitar el pago de la estancia con la tarjeta regalo.<\/p>\n<p><img class=\"alignnone size-full wp-image-3007\" src=\"https:\/\/ecobnb.es\/blog\/app\/uploads\/sites\/6\/2019\/04\/gift-card-digitale.jpg\" alt=\"Gift Card: como solicitar el pago de un alojamiento con Tarjeta Regalo\" width=\"1170\" height=\"490\" srcset=\"https:\/\/ecobnb.es\/blog\/app\/uploads\/sites\/6\/2019\/04\/gift-card-digitale.jpg 1170w, https:\/\/ecobnb.es\/blog\/app\/uploads\/sites\/6\/2019\/04\/gift-card-digitale-536x224.jpg 536w, https:\/\/ecobnb.es\/blog\/app\/uploads\/sites\/6\/2019\/04\/gift-card-digitale-344x144.jpg 344w\" sizes=\"(max-width: 1170px) 100vw, 1170px\" \/><\/p>\n<h2><strong>\u00bfComo recibes el pago de una estancia reservada con gift card?<\/strong><\/h2>\n<p>Cuando recibes una confirmaci\u00f3n de la reserva con gif card, el mensaje de confirmaci\u00f3n (que recibes por email de Ecobnb) se reconoce por un box verde( vea\u00a0texto abajo) con la siguiente redacci\u00f3n:<\/p>\n<blockquote><p>Para esta reserva se utiliz\u00f3 una Gift Card de Ecobnb.<br \/>\nEl <strong>viajero<\/strong> pagar\u00e1 0 Euros mas el impuesto tur\u00edstico si debido.<br \/>\n<strong>Ecobnb<\/strong> pagar\u00e1 la cantidad de X \u20ac, que se deducir\u00e1 de cualquier comisi\u00f3n del 10% si no tiene una membership de PRO o PLUS.<br \/>\nDeber\u00e1 emitir una <strong>factura \/ recibo<\/strong> dirigida al viajero por el total de \u20ac X y cargar en nuestro sistema la misma factura registrada para el viajero. En este breve video te explico c\u00f3mo hacerlo.<\/p><\/blockquote>\n<div id=\"attachment_3008\" class=\"thumbnail alignnone\"><img class=\"size-full wp-image-3008\" src=\"https:\/\/ecobnb.es\/blog\/app\/uploads\/sites\/6\/2019\/04\/Prenotazione-con-GiftCard.png\" alt=\"Ejemplo de un mensaje con Green Box que distingue la Reserva con Tarjeta de Regalo (Tarjeta de Regalo)\" width=\"912\" height=\"828\" srcset=\"https:\/\/ecobnb.es\/blog\/app\/uploads\/sites\/6\/2019\/04\/Prenotazione-con-GiftCard.png 912w, https:\/\/ecobnb.es\/blog\/app\/uploads\/sites\/6\/2019\/04\/Prenotazione-con-GiftCard-536x487.png 536w, https:\/\/ecobnb.es\/blog\/app\/uploads\/sites\/6\/2019\/04\/Prenotazione-con-GiftCard-344x312.png 344w\" sizes=\"(max-width: 912px) 100vw, 912px\" \/><div class=\"caption\">Ejemplo de un mensaje con Green Box que distingue la Reserva con Tarjeta de Regalo (Tarjeta de Regalo)<\/div><\/div>\n<h2>\u00bfQuien paga la reserva con gift card?<\/h2>\n<p>Como se explica en el mensaje que recibe por correo electr\u00f3nico de Ecobnb:<br \/>\n\u2022 <strong>Ecobnb<\/strong> pagar\u00e1 la cantidad comprada por el viajero con una tarjeta de regalo, indicada en el mensaje de reserva;<br \/>\n\u2022 el <strong>viajero<\/strong> le pagar\u00e1 la suma restante (indicada en el mensaje de reserva) y cualquier impuesto tur\u00edstico.<\/p>\n<h2>\u00bfA qui\u00e9n tiene que emitir la factura \/ recibo?<\/h2>\n<p>En el caso de una reserva con tarjeta de regalo, debe emitir una <strong>factura o recibo al viajero<\/strong>, como en el caso de una reserva normal a trav\u00e9s de Ecobnb.<\/p>\n<h2>\u00bfComo recibes el pago del viajero?<\/h2>\n<p>Puede decidir recibir el monto adeudado por el viajero de la manera que prefiera.<\/p>\n<h2>\u00bfComo recibes el pago de Ecobnb?<\/h2>\n<div id=\"attachment_2959\" class=\"thumbnail alignnone\"><img class=\"wp-image-2959 size-full\" src=\"https:\/\/ecobnb.es\/blog\/app\/uploads\/sites\/6\/2019\/01\/Ecobnb-Trova-il-tuo-alloggio-Eco-Sostenibile-20-e1542095120965.png\" alt=\"Homepage de Ecobnb, despu\u00e9s del login, arriba a la derecha del men\u00fa encuentras el bot\u00f3n \u201cSolicitud de pago\u201d.\" width=\"1197\" height=\"466\" srcset=\"https:\/\/ecobnb.es\/blog\/app\/uploads\/sites\/6\/2019\/01\/Ecobnb-Trova-il-tuo-alloggio-Eco-Sostenibile-20-e1542095120965.png 1197w, https:\/\/ecobnb.es\/blog\/app\/uploads\/sites\/6\/2019\/01\/Ecobnb-Trova-il-tuo-alloggio-Eco-Sostenibile-20-e1542095120965-536x209.png 536w, https:\/\/ecobnb.es\/blog\/app\/uploads\/sites\/6\/2019\/01\/Ecobnb-Trova-il-tuo-alloggio-Eco-Sostenibile-20-e1542095120965-344x134.png 344w\" sizes=\"(max-width: 1197px) 100vw, 1197px\" \/><div class=\"caption\">Homepage de Ecobnb, despu\u00e9s del login, arriba a la derecha del men\u00fa encuentras el bot\u00f3n \u201cSolicitud de pago\u201d.<\/div><\/div>\n<p>Para recibir el pago de la tarifa de la tarjeta de regalo pagada por Ecobnb, debe iniciar sesi\u00f3n en Ecobnb con sus credenciales y hacer clic en el bot\u00f3n &#8220;Solicitud de pago&#8221; que se encuentra en el men\u00fa de la parte superior derecha. Esto abrir\u00e1 la p\u00e1gina de solicitudes de pago para su alojamiento:<\/p>\n<p><img class=\"alignnone wp-image-2960 size-full\" src=\"https:\/\/ecobnb.es\/blog\/app\/uploads\/sites\/6\/2019\/01\/solicitud-de-pago.png\" alt=\"solicitud de pago\" width=\"1035\" height=\"229\" srcset=\"https:\/\/ecobnb.es\/blog\/app\/uploads\/sites\/6\/2019\/01\/solicitud-de-pago.png 1035w, https:\/\/ecobnb.es\/blog\/app\/uploads\/sites\/6\/2019\/01\/solicitud-de-pago-536x119.png 536w, https:\/\/ecobnb.es\/blog\/app\/uploads\/sites\/6\/2019\/01\/solicitud-de-pago-344x76.png 344w\" sizes=\"(max-width: 1035px) 100vw, 1035px\" \/><\/p>\n<p>Para <strong>crear una solicitud de pago<\/strong>, debe ingresar la siguiente informaci\u00f3n:<br \/>\n\u2022 <strong>Fecha<\/strong> de recepci\u00f3n \/ factura (emitida al Viajero)<\/p>\n<p>\u2022 <strong>N\u00famero<\/strong> del recibo \/ factura<\/p>\n<p><strong>\u2022 el monto adeudado<\/strong> de Ecobnb o el monto a ser pagado por Ecobnb, como se indica en el mensaje de correo electr\u00f3nico. En caso de inexactitudes, la cantidad se ajusta autom\u00e1ticamente por el sistema.<\/p>\n<p>\u2022Subir la <strong>factura emitida al viajero<\/strong> relativa a la estancia.<\/p>\n<p>Una vez que se hayan ingresado los 4 datos, simplemente haga clic en el bot\u00f3n verde &#8220;Cargar recibo \/ factura&#8221; para enviar la solicitud de pago a Ecobnb.<\/p>\n<h2>\u00bfCuando recibo el pago de parte de Ecobnb?<\/h2>\n<p style=\"text-align: left;\"><strong>En un plazo de 48 horas<\/strong> a partir de su solicitud de pago, recibir\u00e1 la <strong>confirmaci\u00f3n de pago<\/strong> y la factura de Ecobnb por la comisi\u00f3n del 10%, si corresponde.<\/p>\n<p style=\"text-align: left;\">El pago de Ecobnb se realizar\u00e1 a trav\u00e9s del sistema de pago seguro en l\u00ednea de <strong>Stripe<\/strong> directamente a la cuenta corriente indicada del alojamiento.<br \/>\nPor lo tanto, tendr\u00e1 un <strong>pago de Stripe<\/strong> en su cuenta, de acuerdo con los tiempos de transici\u00f3n del banco.<\/p>\n<h2 style=\"text-align: left;\">\u00bfTiene alguna duda o pregunta sobre la Tarjeta Regalo?<\/h2>\n<p style=\"text-align: left;\">Escr\u00edbenos a coupon@ecobnb.com<\/p>\n","protected":false},"excerpt":{"rendered":"<p>Las Gift Card de Ecobnb son Tarjetas Regalo digitales, o sea tarjetas de pago prepagadas, disponibles en diferentes denominaciones (10 \u20ac, 50 \u20ac, 100 \u20ac, etc.), que los viajeros pueden utilizar seg\u00fan los t\u00e9rminos de condiciones en la plataforma Ecobnb.\u00a0Cuando el establecimiento tur\u00edstico recibe una reserva con la tarjeta regalo el importe de la tarjeta [&hellip;]<\/p>\n","protected":false},"author":54,"featured_media":0,"parent":0,"menu_order":0,"comment_status":"closed","ping_status":"open","template":"","meta":[],"acf":[],"yoast_head":"<!-- This site is optimized with the Yoast SEO plugin v19.9 - https:\/\/yoast.com\/wordpress\/plugins\/seo\/ -->\n<title>Como solicitar el pago de un alojamiento con Tarjeta Regalo<\/title>\n<meta name=\"description\" content=\"Las tarjetas de regalo digitales (Gift Card) se pueden solicitar en Ecobnb. Aqu\u00ed tienen toda la informaci\u00f3n necesaria como solicitar el pago.\" \/>\n<meta name=\"robots\" content=\"index, follow, max-snippet:-1, max-image-preview:large, max-video-preview:-1\" \/>\n<link rel=\"canonical\" href=\"https:\/\/ecobnb.es\/blog\/pago-tarjeta-regalo\/\" \/>\n<meta property=\"og:locale\" content=\"es_ES\" \/>\n<meta property=\"og:type\" content=\"article\" \/>\n<meta property=\"og:title\" content=\"Como solicitar el pago de un alojamiento con Tarjeta Regalo\" \/>\n<meta property=\"og:description\" content=\"Las tarjetas de regalo digitales (Gift Card) se pueden solicitar en Ecobnb. Aqu\u00ed tienen toda la informaci\u00f3n necesaria como solicitar el pago.\" \/>\n<meta property=\"og:url\" content=\"https:\/\/ecobnb.es\/blog\/pago-tarjeta-regalo\/\" \/>\n<meta property=\"og:site_name\" content=\"Ecobnb\" \/>\n<meta property=\"article:modified_time\" content=\"2019-04-06T16:40:40+00:00\" \/>\n<meta property=\"og:image\" content=\"https:\/\/ecobnb.es\/blog\/app\/uploads\/sites\/6\/2019\/04\/gift-card-digitale.jpg\" \/>\n<meta name=\"twitter:card\" content=\"summary_large_image\" \/>\n<meta name=\"twitter:label1\" content=\"Est. reading time\" \/>\n\t<meta name=\"twitter:data1\" content=\"3 minutes\" \/>\n<!-- \/ Yoast SEO plugin. -->","yoast_head_json":{"title":"Como solicitar el pago de un alojamiento con Tarjeta Regalo","description":"Las tarjetas de regalo digitales (Gift Card) se pueden solicitar en Ecobnb. Aqu\u00ed tienen toda la informaci\u00f3n necesaria como solicitar el pago.","robots":{"index":"index","follow":"follow","max-snippet":"max-snippet:-1","max-image-preview":"max-image-preview:large","max-video-preview":"max-video-preview:-1"},"canonical":"https:\/\/ecobnb.es\/blog\/pago-tarjeta-regalo\/","og_locale":"es_ES","og_type":"article","og_title":"Como solicitar el pago de un alojamiento con Tarjeta Regalo","og_description":"Las tarjetas de regalo digitales (Gift Card) se pueden solicitar en Ecobnb. Aqu\u00ed tienen toda la informaci\u00f3n necesaria como solicitar el pago.","og_url":"https:\/\/ecobnb.es\/blog\/pago-tarjeta-regalo\/","og_site_name":"Ecobnb","article_modified_time":"2019-04-06T16:40:40+00:00","og_image":[{"url":"https:\/\/ecobnb.es\/blog\/app\/uploads\/sites\/6\/2019\/04\/gift-card-digitale.jpg"}],"twitter_card":"summary_large_image","twitter_misc":{"Est. reading time":"3 minutes"},"schema":{"@context":"https:\/\/schema.org","@graph":[{"@type":"WebPage","@id":"https:\/\/ecobnb.es\/blog\/pago-tarjeta-regalo\/","url":"https:\/\/ecobnb.es\/blog\/pago-tarjeta-regalo\/","name":"Como solicitar el pago de un alojamiento con Tarjeta Regalo","isPartOf":{"@id":"https:\/\/ecobnb.es\/blog\/#website"},"datePublished":"2019-04-06T16:40:09+00:00","dateModified":"2019-04-06T16:40:40+00:00","description":"Las tarjetas de regalo digitales (Gift Card) se pueden solicitar en Ecobnb. Aqu\u00ed tienen toda la informaci\u00f3n necesaria como solicitar el pago.","breadcrumb":{"@id":"https:\/\/ecobnb.es\/blog\/pago-tarjeta-regalo\/#breadcrumb"},"inLanguage":"es-ES","potentialAction":[{"@type":"ReadAction","target":["https:\/\/ecobnb.es\/blog\/pago-tarjeta-regalo\/"]}]},{"@type":"BreadcrumbList","@id":"https:\/\/ecobnb.es\/blog\/pago-tarjeta-regalo\/#breadcrumb","itemListElement":[{"@type":"ListItem","position":1,"name":"Home","item":"https:\/\/ecobnb.es\/blog\/"},{"@type":"ListItem","position":2,"name":"Gift Card: como solicitar el pago de un alojamiento con Tarjeta Regalo"}]},{"@type":"WebSite","@id":"https:\/\/ecobnb.es\/blog\/#website","url":"https:\/\/ecobnb.es\/blog\/","name":"Ecobnb","description":"Find sustainable accommodation","potentialAction":[{"@type":"SearchAction","target":{"@type":"EntryPoint","urlTemplate":"https:\/\/ecobnb.es\/blog\/?s={search_term_string}"},"query-input":"required name=search_term_string"}],"inLanguage":"es-ES"}]}},"_links":{"self":[{"href":"https:\/\/ecobnb.es\/blog\/wp-json\/wp\/v2\/pages\/3006"}],"collection":[{"href":"https:\/\/ecobnb.es\/blog\/wp-json\/wp\/v2\/pages"}],"about":[{"href":"https:\/\/ecobnb.es\/blog\/wp-json\/wp\/v2\/types\/page"}],"author":[{"embeddable":true,"href":"https:\/\/ecobnb.es\/blog\/wp-json\/wp\/v2\/users\/54"}],"replies":[{"embeddable":true,"href":"https:\/\/ecobnb.es\/blog\/wp-json\/wp\/v2\/comments?post=3006"}],"version-history":[{"count":1,"href":"https:\/\/ecobnb.es\/blog\/wp-json\/wp\/v2\/pages\/3006\/revisions"}],"predecessor-version":[{"id":3009,"href":"https:\/\/ecobnb.es\/blog\/wp-json\/wp\/v2\/pages\/3006\/revisions\/3009"}],"wp:attachment":[{"href":"https:\/\/ecobnb.es\/blog\/wp-json\/wp\/v2\/media?parent=3006"}],"curies":[{"name":"wp","href":"https:\/\/api.w.org\/{rel}","templated":true}]}}