{"id":3002,"date":"2019-04-06T16:18:53","date_gmt":"2019-04-06T16:18:53","guid":{"rendered":"https:\/\/ecobnb.es\/blog\/?page_id=3002"},"modified":"2022-09-19T08:13:39","modified_gmt":"2022-09-19T08:13:39","slug":"tarjeta-de-regalo-terminos-condiciones","status":"publish","type":"page","link":"https:\/\/ecobnb.es\/blog\/tarjeta-de-regalo-terminos-condiciones\/","title":{"rendered":"T\u00e9rminos y condiciones de la Tarjeta de Regalo"},"content":{"rendered":"<p class=\"subtitle\">La <strong>Gift Card digital<\/strong> es una Tarjeta de Regalo desmaterializada enviada per<strong> correo electr\u00f3nico<\/strong> para quienes las compran. Cada Gift Card esta compuesta de un c\u00f3digo \u00fanico de 12 cifras y tiene validez de 12 meses a partir de su activaci\u00f3n. Recibir\u00e1s la Gift Card por correo electr\u00f3nico de Ecobnb algunos instantes despu\u00e9s de la compra que podr\u00e1s efectuar en esta misma pagina.<\/p>\n<p>Quieres saber mas? Debajo encuentras las <strong>respuestas a las preguntas mas frecuentes<\/strong> sobre la Gift Card (tarjeta de regalo) de Ecobnb y los <strong>t\u00e9rminos y condiciones<\/strong> de uso.\u00a0Buena lectura!<\/p>\n<h2>FAQ: respuestas a las preguntas mas frecuentes sobre las Gift Card<\/h2>\n<h3>\u00bfComo puedo comprar una Gift Card de Ecobnb?<\/h3>\n<p>Puede comprar tu Gift Card digital ingresando en <strong>esta pagina<\/strong>:<strong>\u00a0<a href=\"https:\/\/ecobnb.com\/buy-giftcard\" target=\"_blank\" rel=\"noopener\">https:\/\/ecobnb.com\/buy-giftcard<\/a><\/strong><br \/>\nEn la pagina de compras hay las siguientes posibilidades:<\/p>\n<p>\u2022 <strong>Elija un tema<\/strong>:\u00a0navidad, cumplea\u00f1os, felicitaciones;<br \/>\n\u2022 Elija el <strong>importe de la Gift Card<\/strong>: por ejemplo 20 \u20ac, 50 \u20ac o cualquier otro importe.<br \/>\n\u2022 Ingrese un <strong>mensaje personalizado<\/strong> para la persona que lo recibir\u00e1<\/p>\n<p>En este punto, debe aceptar los t\u00e9rminos y condiciones de la tarjeta de regalo (que encontrar\u00e1 a continuaci\u00f3n) y hacer clic en \u201cContinuar&#8221;. En la siguiente pagina tiene la posibilidad de pagar su compra con tarjeta de cr\u00e9dito o paypall.<\/p>\n<h3>\u00bfComo recibir la Gift Card de Ecobnb?<\/h3>\n<p>Inmediatamente despu\u00e9s del pago, ser\u00e1 redirigido a la p\u00e1gina de su tarjeta de regalo. Puede guardarlo o imprimirlo.<br \/>\nLa tarjeta de regalo tambi\u00e9n se le enviar\u00e1 por correo electr\u00f3nico a la direcci\u00f3n que indic\u00f3 al momento de la compra.<\/p>\n<h3>\u00bfQu\u00e9 es la tarjeta de regalo digital Ecobnb?<\/h3>\n<p>La tarjeta de regalo consiste en un <strong>c\u00f3digo \u00fanico de 12 d\u00edgitos<\/strong> que se puede ingresar en la plataforma en el momento de la reserva.<br \/>\nSi se ha ingresado la direcci\u00f3n de correo electr\u00f3nico del destinatario del regalo, la Tarjeta de Regalo debe usarse junto con esa direcci\u00f3n de correo electr\u00f3nico al enviar solicitudes de reserva.<\/p>\n<h3><strong>\u00bfComo puedo usar mi Gift Card en Ecobnb?<\/strong><\/h3>\n<p>\u00bfRecibi\u00f3 una tarjeta de regalo en Ecobnb? Su uso es muy simple:<\/p>\n<ol>\n<li>En primer lugar, <strong><a href=\"https:\/\/ecobnb.es\/\" target=\"_blank\" rel=\"noopener\">vaya a Ecobnb<\/a><\/strong>, descubra nuestras propuestas ecol\u00f3gicas y elija a d\u00f3nde quiere ir entre miles de destinos ecol\u00f3gicos en Italia y en todo el mundo.<\/li>\n<li>Env\u00ede una o m\u00e1s <strong>solicitudes de disponibilidad<\/strong> a los alojamientos que prefiera, completando el formulario de verificaci\u00f3n de disponibilidad (vea la imagen a continuaci\u00f3n). Recuerde ingresar todos los datos requeridos, seleccionar &#8220;<strong>Tener un c\u00f3digo de cup\u00f3n<\/strong>&#8221; para especificar el c\u00f3digo o el n\u00famero de 12 d\u00edgitos de su Tarjeta de regalo digital y hacer clic en el bot\u00f3n &#8220;<strong>Aplicar cup\u00f3n<\/strong>&#8221; (que verifica si el c\u00f3digo ingres\u00f3) es correcto).<\/li>\n<li>Espere las respuestas de disponibilidad de las instalaciones de alojamiento (si no est\u00e1 satisfecho, env\u00ede otras) y, una vez que haya recibido la disponibilidad,<strong> confirme su reserva.<\/strong><\/li>\n<\/ol>\n<div id=\"attachment_2954\" class=\"thumbnail alignnone\"><img class=\"wp-image-2954 size-full\" src=\"https:\/\/ecobnb.es\/blog\/app\/uploads\/sites\/6\/2019\/01\/Gift-Card-Viaggiatori-e1544174281670-870x490.png\" alt=\"C\u00f3mo ingresar el C\u00f3digo de cup\u00f3n de su Tarjeta de regalo en una solicitud de disponibilidad en Ecobnb.\" width=\"870\" height=\"490\" srcset=\"https:\/\/ecobnb.es\/blog\/app\/uploads\/sites\/6\/2019\/01\/Gift-Card-Viaggiatori-e1544174281670-870x490.png 870w, https:\/\/ecobnb.es\/blog\/app\/uploads\/sites\/6\/2019\/01\/Gift-Card-Viaggiatori-e1544174281670-870x490-536x302.png 536w, https:\/\/ecobnb.es\/blog\/app\/uploads\/sites\/6\/2019\/01\/Gift-Card-Viaggiatori-e1544174281670-870x490-570x320.png 570w, https:\/\/ecobnb.es\/blog\/app\/uploads\/sites\/6\/2019\/01\/Gift-Card-Viaggiatori-e1544174281670-870x490-344x194.png 344w\" sizes=\"(max-width: 870px) 100vw, 870px\" \/><div class=\"caption\">C\u00f3mo ingresar el C\u00f3digo de cup\u00f3n de su Tarjeta de regalo en una solicitud de disponibilidad en Ecobnb.<\/div><\/div>\n<h3><strong>\u00bfTiene dudas o preguntas?<\/strong><\/h3>\n<p>Escr\u00edbenos a coupon@ecobnb.com<\/p>\n<hr \/>\n<h2><\/h2>\n<h2>T\u00e9rminos y condiciones de utilizo de las Gift Card digitales de Ecobnb<\/h2>\n<h3>1. Premisa<\/h3>\n<p>El t\u00e9rmino &#8220;Tarjeta de regalo&#8221; se refiere \u00a0a la Tarjeta de regalo digital Ecobnb.<\/p>\n<h3>2. Uso<\/h3>\n<p>La tarjeta de regalo Ecobnb se puede utilizar en la plataforma <a href=\"https:\/\/ecobnb.es\/\" target=\"_blank\" rel=\"noopener\">https:\/\/ecobnb.es\/<\/a> para reservar noches, estad\u00edas y experiencias ecol\u00f3gicas, sujeto a la verificaci\u00f3n de disponibilidad por parte de las instalaciones de alojamiento seleccionadas. Las reservas a trav\u00e9s de una Tarjeta de Regalo deben seguir las instrucciones del punto &#8220;3. Reserva&#8221;.<br \/>\nOtros m\u00e9todos de reserva con tarjetas de regalo no est\u00e1n permitidos.<br \/>\nSi la reserva total es mayor que el valor de la Tarjeta de regalo, la diferencia debe pagarse utilizando otro m\u00e9todo de pago entre los aceptados por el establecimiento de alojamiento elegido.<br \/>\nLuego recibir\u00e1 otra Tarjeta de regalo por correo electr\u00f3nico con el valor del saldo restante.<br \/>\nNo se aplican cargos adicionales si utiliza tarjetas de regalo.<\/p>\n<h3>3. Reservas<\/h3>\n<p>El uso de la Tarjeta de regalo para reservar una estancia ecol\u00f3gica debe seguir necesariamente los siguientes pasos:<\/p>\n<p>1 Paso. 1. El Cliente env\u00eda una o m\u00e1s solicitudes de disponibilidad con la Tarjeta de regalo a partir de <a href=\"https:\/\/ecobnb.es\/\" target=\"_blank\" rel=\"noopener\">https:\/\/ecobnb.es\/<\/a>, seleccionando uno o m\u00e1s alojamientos ecol\u00f3gicos e ingresando todos los datos solicitados, incluido el c\u00f3digo de la Tarjeta de regalo (c\u00f3digo \u00fanico de 12 d\u00edgitos) que necesariamente deben validarse en l\u00ednea siguiendo las instrucciones del sitio y haciendo clic en el bot\u00f3n &#8220;Aplicar cup\u00f3n&#8221;. El Cliente debe comunicar informaci\u00f3n verdadera; De lo contrario, Ecobnb tendr\u00e1 derecho a oponerse a la reserva y comprar con tarjeta de regalo..<\/p>\n<p>2 Paso. 2. El Cliente espera las respuestas de las instalaciones de alojamiento, que pueden recibir por correo electr\u00f3nico a la direcci\u00f3n de correo electr\u00f3nico indicada cuando se env\u00edan las solicitudes de disponibilidad. Si un hotel no responde dentro de las 48 horas, debe considerarse no disponible.<\/p>\n<p>3 Paso. 3. El cliente reserva la estancia ecol\u00f3gica que prefiere entre las disponibilidades recibidas a trav\u00e9s del correo electr\u00f3nico a trav\u00e9s de la plataforma, respondiendo dentro de las 48 horas de la oferta de disponibilidad recibida. Si no est\u00e1 satisfecho, el cliente puede enviar nuevas solicitudes de disponibilidad para diferentes lugares o per\u00edodos. Una vez que se confirma la reserva, la Tarjeta de Regalo debe considerarse como un gasto y, por lo tanto, ya no se puede volver a utilizar.<\/p>\n<p>4 Paso. 4. El Cliente recibe por correo electr\u00f3nico los detalles de la reserva confirmada, junto con los contactos directos del alojamiento, y cualquier recordatorio de Ecobnb para recordar la reserva confirmada y solicitar comentarios sobre la estancia.<\/p>\n<p>Cualquier reserva que no siga los pasos anteriores, como el contacto telef\u00f3nico y el acuerdo directo con el alojamiento, no se reconocer\u00e1 como v\u00e1lida para la reserva con una Tarjeta de regalo.<\/p>\n<h3>4. Limitaciones<\/h3>\n<p>Las tarjetas de regalo digitales y su saldo restante tienen una validez de 12 meses (veinticuatro meses) a partir de la fecha de emisi\u00f3n de las tarjetas de regalo, que coincide con la fecha de compra de las tarjetas de regalo. La fecha de caducidad de la Tarjeta Regalo se refiere a la \u00faltima fecha en la que se puede utilizar la estancia. En ning\u00fan caso, las tarjetas de regalo, aunque sean parcialmente utilizado, puede ser recargado, revendido o convertido en dinero. Una vez que se confirma la reserva, el importe de la Tarjeta de regalo se considerar\u00e1 gastado y ya no ser\u00e1 reembolsable.<\/p>\n<h3>5. Riesgo y p\u00e9rdida<\/h3>\n<p>El riesgo de p\u00e9rdida y propiedad de una Tarjeta de regalo se transfiere al comprador en el momento de la transmisi\u00f3n electr\u00f3nica del Cup\u00f3n de regalo al comprador o al destinatario designado, o en el momento de la entrega al transportista, seg\u00fan sea el caso. Negamos toda responsabilidad en caso de p\u00e9rdida, robo, destrucci\u00f3n o uso no autorizado de sus Tarjetas de regalo.<\/p>\n<h3>6. Fraude<\/h3>\n<p>La Tarjeta de regalo debe tratarse con la misma precauci\u00f3n adoptada por dinero en efectivo: Ecobnb no reemplazar\u00e1 la Tarjeta de regalo ni reembolsar\u00e1 su valor en caso de p\u00e9rdida o robo. En el caso de que una Tarjeta de regalo generada u obtenida de manera fraudulenta se use para hacer reservas y compras en Ecobnb.it, nos reservamos el derecho de cerrar cuentas de clientes y de cargar el importe de los pedidos en m\u00e9todos de pago alternativos.<\/p>\n<h3>7.\u00a0Limitaci\u00f3n de responsabilidad<\/h3>\n<p>Ecobnb excluye cualquier garant\u00eda, expresa o impl\u00edcita, relacionada con las Tarjetas de regalo, incluidas, entre otras, las garant\u00edas expresas o impl\u00edcitas de comercializaci\u00f3n o adecuaci\u00f3n para un prop\u00f3sito particular. En caso de que falle la Tarjeta de regalo, solamente puede solicitarla, y nosotros seremos los \u00fanicos responsables del reemplazo de esta Tarjeta de regalo.<br \/>\nDonde las disposiciones legales aplicables no permiten limitaciones en las garant\u00edas o exclusiones o limitaciones de responsabilidad en relaci\u00f3n con ciertos da\u00f1os, es posible que algunas o todas las exclusiones o limitaciones anteriores no se apliquen y que usted tenga derechos adicionales.<\/p>\n<h3>8. Compra<\/h3>\n<p>Las tarjetas de regalo se pueden comprar en <a href=\"https:\/\/ecobnb.com\/buy-giftcard\" target=\"_blank\" rel=\"noopener\">https:\/\/ecobnb.com\/buy-giftcard<\/a>, siguiendo estos 3 pasos principales:<\/p>\n<p><strong>Paso. 1<\/strong>: Vaya a la p\u00e1gina de la Tarjeta de regalo especial de Ecobnb:<\/p>\n<ul>\n<li>Elija un tema: Navidad, cumplea\u00f1os, felicitaciones&#8230;<\/li>\n<li>Elija la cantidad. Ofrecemos tarjetas de regalo desde \u20ac 20, \u20ac 50, \u20ac 100 u otras cantidades.<\/li>\n<li>Ingrese un mensaje para el destinatario, que aparecer\u00e1 en la Tarjeta de regalo.<\/li>\n<li>Haga clic en \u201cContinuar&#8221;<\/li>\n<\/ul>\n<p><strong>Paso 2<\/strong>: Finalice la compra validando el m\u00e9todo de pago deseado (tarjeta de cr\u00e9dito o Paypal) y completando la otra informaci\u00f3n requerida.<\/p>\n<p><strong>Paso. 3<\/strong>:\u00a0Reciba el resumen de la compra por correo electr\u00f3nico y la p\u00e1gina de la Tarjeta de regalo que contiene el c\u00f3digo \u00fanico de la tarjeta de regalo. Si es un regalo, puede imprimir la p\u00e1gina para insertarla en una tarjeta de regalo agradable o enviar el enlace por correo electr\u00f3nico al destinatario.<\/p>\n<h3>9. Disposiciones generales<\/h3>\n<p style=\"text-align: left;\">Se aplican las Condiciones Generales de Uso y Venta de Ecobnb.it (<a href=\"https:\/\/ecobnb.es\/blog\/terms\/\" target=\"_blank\" rel=\"noopener\">T\u00e9rminos y Condiciones Generales del Sitio<\/a>). Las tarjetas de regalo son emitidas por Ecobnb s.r.l., una empresa social seg\u00fan la ley italiana. Cuando compra, recibe o utiliza una Tarjeta de regalo, acepta que las presentes condiciones generales para el uso de las Tarjetas de regalo se rigen por la ley italiana. Nos reservamos el derecho de cambiar estos t\u00e9rminos de vez en cuando a nuestra discreci\u00f3n. Estas condiciones son aplicables dentro de los l\u00edmites establecidos por la ley.<\/p>\n<p style=\"text-align: right;\"><em>T\u00e9rminos y condiciones actualizados al 24-12-2018<\/em><\/p>\n","protected":false},"excerpt":{"rendered":"<p>La Gift Card digital es una Tarjeta de Regalo desmaterializada enviada per correo electr\u00f3nico para quienes las compran. Cada Gift Card esta compuesta de un c\u00f3digo \u00fanico de 12 cifras y tiene validez de 12 meses a partir de su activaci\u00f3n. Recibir\u00e1s la Gift Card por correo electr\u00f3nico de Ecobnb algunos instantes despu\u00e9s de la [&hellip;]<\/p>\n","protected":false},"author":54,"featured_media":2955,"parent":0,"menu_order":0,"comment_status":"closed","ping_status":"open","template":"","meta":[],"acf":[],"yoast_head":"<!-- This site is optimized with the Yoast SEO plugin v19.9 - https:\/\/yoast.com\/wordpress\/plugins\/seo\/ -->\n<title>T\u00e9rminos y condiciones de la Tarjeta de Regalo - Ecobnb<\/title>\n<meta name=\"description\" content=\"Solicite su Gift Card la tarjeta regalo digital prepagada disponible en diferentes denominaciones y que puede ser utilizada en la plataforma Ecobnb.\" \/>\n<meta name=\"robots\" content=\"index, follow, max-snippet:-1, max-image-preview:large, max-video-preview:-1\" \/>\n<link rel=\"canonical\" href=\"https:\/\/ecobnb.es\/blog\/tarjeta-de-regalo-terminos-condiciones\/\" \/>\n<meta property=\"og:locale\" content=\"es_ES\" \/>\n<meta property=\"og:type\" content=\"article\" \/>\n<meta property=\"og:title\" content=\"T\u00e9rminos y condiciones de la Tarjeta de Regalo - Ecobnb\" \/>\n<meta property=\"og:description\" content=\"Solicite su Gift Card la tarjeta regalo digital prepagada disponible en diferentes denominaciones y que puede ser utilizada en la plataforma Ecobnb.\" \/>\n<meta property=\"og:url\" content=\"https:\/\/ecobnb.es\/blog\/tarjeta-de-regalo-terminos-condiciones\/\" \/>\n<meta property=\"og:site_name\" content=\"Ecobnb\" \/>\n<meta property=\"article:modified_time\" content=\"2022-09-19T08:13:39+00:00\" \/>\n<meta property=\"og:image\" content=\"https:\/\/ecobnb.es\/blog\/app\/uploads\/sites\/6\/2019\/01\/ecobnb-title.jpg\" \/>\n\t<meta property=\"og:image:width\" content=\"1170\" \/>\n\t<meta property=\"og:image:height\" content=\"490\" \/>\n\t<meta property=\"og:image:type\" content=\"image\/jpeg\" \/>\n<meta name=\"twitter:card\" content=\"summary_large_image\" \/>\n<meta name=\"twitter:label1\" content=\"Est. reading time\" \/>\n\t<meta name=\"twitter:data1\" content=\"8 minutes\" \/>\n<!-- \/ Yoast SEO plugin. -->","yoast_head_json":{"title":"T\u00e9rminos y condiciones de la Tarjeta de Regalo - Ecobnb","description":"Solicite su Gift Card la tarjeta regalo digital prepagada disponible en diferentes denominaciones y que puede ser utilizada en la plataforma Ecobnb.","robots":{"index":"index","follow":"follow","max-snippet":"max-snippet:-1","max-image-preview":"max-image-preview:large","max-video-preview":"max-video-preview:-1"},"canonical":"https:\/\/ecobnb.es\/blog\/tarjeta-de-regalo-terminos-condiciones\/","og_locale":"es_ES","og_type":"article","og_title":"T\u00e9rminos y condiciones de la Tarjeta de Regalo - Ecobnb","og_description":"Solicite su Gift Card la tarjeta regalo digital prepagada disponible en diferentes denominaciones y que puede ser utilizada en la plataforma Ecobnb.","og_url":"https:\/\/ecobnb.es\/blog\/tarjeta-de-regalo-terminos-condiciones\/","og_site_name":"Ecobnb","article_modified_time":"2022-09-19T08:13:39+00:00","og_image":[{"width":1170,"height":490,"url":"https:\/\/ecobnb.es\/blog\/app\/uploads\/sites\/6\/2019\/01\/ecobnb-title.jpg","type":"image\/jpeg"}],"twitter_card":"summary_large_image","twitter_misc":{"Est. reading time":"8 minutes"},"schema":{"@context":"https:\/\/schema.org","@graph":[{"@type":"WebPage","@id":"https:\/\/ecobnb.es\/blog\/tarjeta-de-regalo-terminos-condiciones\/","url":"https:\/\/ecobnb.es\/blog\/tarjeta-de-regalo-terminos-condiciones\/","name":"T\u00e9rminos y condiciones de la Tarjeta de Regalo - Ecobnb","isPartOf":{"@id":"https:\/\/ecobnb.es\/blog\/#website"},"datePublished":"2019-04-06T16:18:53+00:00","dateModified":"2022-09-19T08:13:39+00:00","description":"Solicite su Gift Card la tarjeta regalo digital prepagada disponible en diferentes denominaciones y que puede ser utilizada en la plataforma Ecobnb.","breadcrumb":{"@id":"https:\/\/ecobnb.es\/blog\/tarjeta-de-regalo-terminos-condiciones\/#breadcrumb"},"inLanguage":"es-ES","potentialAction":[{"@type":"ReadAction","target":["https:\/\/ecobnb.es\/blog\/tarjeta-de-regalo-terminos-condiciones\/"]}]},{"@type":"BreadcrumbList","@id":"https:\/\/ecobnb.es\/blog\/tarjeta-de-regalo-terminos-condiciones\/#breadcrumb","itemListElement":[{"@type":"ListItem","position":1,"name":"Home","item":"https:\/\/ecobnb.es\/blog\/"},{"@type":"ListItem","position":2,"name":"T\u00e9rminos y condiciones de la Tarjeta de Regalo"}]},{"@type":"WebSite","@id":"https:\/\/ecobnb.es\/blog\/#website","url":"https:\/\/ecobnb.es\/blog\/","name":"Ecobnb","description":"Find sustainable accommodation","potentialAction":[{"@type":"SearchAction","target":{"@type":"EntryPoint","urlTemplate":"https:\/\/ecobnb.es\/blog\/?s={search_term_string}"},"query-input":"required name=search_term_string"}],"inLanguage":"es-ES"}]}},"_links":{"self":[{"href":"https:\/\/ecobnb.es\/blog\/wp-json\/wp\/v2\/pages\/3002"}],"collection":[{"href":"https:\/\/ecobnb.es\/blog\/wp-json\/wp\/v2\/pages"}],"about":[{"href":"https:\/\/ecobnb.es\/blog\/wp-json\/wp\/v2\/types\/page"}],"author":[{"embeddable":true,"href":"https:\/\/ecobnb.es\/blog\/wp-json\/wp\/v2\/users\/54"}],"replies":[{"embeddable":true,"href":"https:\/\/ecobnb.es\/blog\/wp-json\/wp\/v2\/comments?post=3002"}],"version-history":[{"count":4,"href":"https:\/\/ecobnb.es\/blog\/wp-json\/wp\/v2\/pages\/3002\/revisions"}],"predecessor-version":[{"id":6847,"href":"https:\/\/ecobnb.es\/blog\/wp-json\/wp\/v2\/pages\/3002\/revisions\/6847"}],"wp:featuredmedia":[{"embeddable":true,"href":"https:\/\/ecobnb.es\/blog\/wp-json\/wp\/v2\/media\/2955"}],"wp:attachment":[{"href":"https:\/\/ecobnb.es\/blog\/wp-json\/wp\/v2\/media?parent=3002"}],"curies":[{"name":"wp","href":"https:\/\/api.w.org\/{rel}","templated":true}]}}