{"id":2998,"date":"2019-04-06T15:46:18","date_gmt":"2019-04-06T15:46:18","guid":{"rendered":"https:\/\/ecobnb.es\/blog\/?page_id=2998"},"modified":"2019-04-06T16:12:27","modified_gmt":"2019-04-06T16:12:27","slug":"gift-card-regala-experiencias-unicas-verdes","status":"publish","type":"page","link":"https:\/\/ecobnb.es\/blog\/gift-card-regala-experiencias-unicas-verdes\/","title":{"rendered":"Gift Card: as\u00ed regala experiencias \u00fanicas y verdes!"},"content":{"rendered":"<h2 class=\"subtitle\">Vence la ansiedad por los regalos, el desperdicio y la contaminaci\u00f3n en un solo movimiento: \u00a1brinda experiencias \u00fanicas y sostenibles con las tarjetas de regalo digitales de Ecobnb!<\/h2>\n<p>\u00bfEncontrar el regalo adecuado para cada persona parece una misi\u00f3n imposible? \u00bfSigue buscando el regalo perfecto que no termina en la caja de objetos no utilizados y sea ligero para el medio ambiente? F\u00e1cil: elija la tarjeta de regalo Ecobnb para brindarle una experiencia \u00fanica y ecol\u00f3gica, \u00a1un viaje inolvidable en armon\u00eda con la naturaleza!<\/p>\n<h2>Regalar una experiencia Green con la Gift Card de Ecobnb<\/h2>\n<p><img class=\"alignnone wp-image-2985 size-large\" src=\"https:\/\/ecobnb.es\/blog\/app\/uploads\/sites\/6\/2019\/02\/2-foto-870x490.jpg\" alt=\"Regalar una experiencia Green con la Gift Card de Ecobnb\" width=\"870\" height=\"490\" srcset=\"https:\/\/ecobnb.es\/blog\/app\/uploads\/sites\/6\/2019\/02\/2-foto-870x490.jpg 870w, https:\/\/ecobnb.es\/blog\/app\/uploads\/sites\/6\/2019\/02\/2-foto-570x320.jpg 570w\" sizes=\"(max-width: 870px) 100vw, 870px\" \/><\/p>\n<p>Un fin de semana en una<strong> granja org\u00e1nica<\/strong> para aprender a hacer queso o unas vacaciones de <strong>yoga<\/strong>. Una escapada rom\u00e1ntica en un antiguo castillo transformado en un hotel generalizado, o una noche en un <strong>glamping<\/strong> rodeado de naturaleza. Unas vacaciones en la nieve, dormir en igl\u00fa, una noche en un antiguo molino o en un faro rodeado por el mar &#8230; Las posibilidades son infinitas, y lo cierto es que la experiencia te hace feliz, tanto en el momento en que se vive, como despu\u00e9s, cuando se recuerda y se cuenta.<br \/>\n&#8220;Dar una experiencia significa <strong>reforzar el v\u00ednculo emocional<\/strong> entre el donante y el receptor&#8221;, dice la psic\u00f3loga Florinda Barbuto.<\/p>\n<h2>Gift Card: las nuevas Tarjetas regalo digitales de Ecobnb<\/h2>\n<p><img class=\"alignnone wp-image-2986 size-large\" src=\"https:\/\/ecobnb.es\/blog\/app\/uploads\/sites\/6\/2019\/02\/3-870x490.jpg\" alt=\"Gift Card: las nuevas Tarjetas regalo digitales de Ecobnb\" width=\"870\" height=\"490\" srcset=\"https:\/\/ecobnb.es\/blog\/app\/uploads\/sites\/6\/2019\/02\/3-870x490.jpg 870w, https:\/\/ecobnb.es\/blog\/app\/uploads\/sites\/6\/2019\/02\/3-570x320.jpg 570w\" sizes=\"(max-width: 870px) 100vw, 870px\" \/><br \/>\nUna soluci\u00f3n para hacer felices a sus familiares y amigos, pero al mismo tiempo reducir el desperdicio y salvaguardar el ecosistema, es la Tarjeta de Regalo Ecobnb, o la Tarjeta de Regalo para viajes ecol\u00f3gicos y vivir experiencias en armon\u00eda con la naturaleza.<\/p>\n<p>Puede <strong>comprar su tarjeta de regalo<\/strong> en este enlace seleccionando el corte que prefiera (20 \u20ac, 50 \u20ac, 100 \u20ac o m\u00e1s) y agregar una dedicaci\u00f3n o un mensaje personalizado (si est\u00e1 buscando ideas para una dedicaci\u00f3n aqu\u00ed encontrar\u00e1 algunas de las m\u00e1s hermosas citas en el viaje).<\/p>\n<h2>Las ventajas de las Gift Card<\/h2>\n<p><img class=\"alignnone wp-image-2987 size-large\" src=\"https:\/\/ecobnb.es\/blog\/app\/uploads\/sites\/6\/2019\/02\/4-870x490.jpg\" alt=\"Las ventajas de las Gift Card\" width=\"870\" height=\"490\" srcset=\"https:\/\/ecobnb.es\/blog\/app\/uploads\/sites\/6\/2019\/02\/4-870x490.jpg 870w, https:\/\/ecobnb.es\/blog\/app\/uploads\/sites\/6\/2019\/02\/4-570x320.jpg 570w\" sizes=\"(max-width: 870px) 100vw, 870px\" \/><\/p>\n<p>Los que reciben la tarjeta de regalo digital Ecobnb tendran 12 meses para usarla en la plataforma, eligiendo entre miles de <strong>alojamientos eco-sostenibles<\/strong> que tambi\u00e9n ofrecen experiencias \u00fanicas e inolvidables.<\/p>\n<p>Encontrar\u00e1n <strong>Granjas org\u00e1nicas<\/strong>, Glamping inmersos en la naturaleza, <strong>Hoteles dispersos en pueblos antiguos<\/strong>, Bed &amp; Breakfast ecol\u00f3gico rodeado de bosques, Faros en el mar, <strong>Igloo<\/strong> de hielo, hermosos <strong>chalets ecol\u00f3gicos<\/strong> rodeados de incre\u00edbles paisajes nevados &#8230; Hay tantas opciones (m\u00e1s de 3,000 en Italia) y en el mundo), y todo eco-sostenible!<\/p>\n<p>Otras<strong> 3\u00a0ventajas de la Gift Card<\/strong> son las siguientes:<br \/>\n\u2022 se puede utilizar en <strong>todas las instalaciones de alojamiento<\/strong> que forman parte de la red Ecobnb,<br \/>\n\u2022 tambi\u00e9n se puede utilizar en <strong>per\u00edodos de temporada alta<\/strong>, puentes o feriados, despu\u00e9s de averiguar la disponibilidad,<br \/>\n\u2022 Cuando el valor de la Tarjeta de regalo es mayor que lo de la reserva, recibir\u00e1 un nuevo cup\u00f3n con el monto restante, que se puede gastar para otras estad\u00edas.<\/p>\n<h2>Gift Card digitales:\u00a0los beneficios para el medio ambiente<\/h2>\n<p><img class=\"alignnone wp-image-2988 size-large\" src=\"https:\/\/ecobnb.es\/blog\/app\/uploads\/sites\/6\/2019\/02\/5-870x490.jpg\" alt=\"Gift Card digitales: los beneficios para el medio ambiente\" width=\"870\" height=\"490\" srcset=\"https:\/\/ecobnb.es\/blog\/app\/uploads\/sites\/6\/2019\/02\/5-870x490.jpg 870w, https:\/\/ecobnb.es\/blog\/app\/uploads\/sites\/6\/2019\/02\/5-570x320.jpg 570w\" sizes=\"(max-width: 870px) 100vw, 870px\" \/><\/p>\n<p>Justo en la temporada de las vacaciones, el volumen de desperdicios producidos se incrementa en manera incre\u00edble, comenzando solo con el papel y el empaque que terminan en el basurero. De hecho, las estimaciones de la Comisi\u00f3n Europea nos dicen que los residuos producidos durante el per\u00edodo de Navidad aumentan de un 30%.<\/p>\n<p>Durante algunos a\u00f1os hemos estado involucrados en el proyecto de desmaterializaci\u00f3n de regalos, colaborando con la Semana Europea para la Reducci\u00f3n de Residuos e involucrando a m\u00e1s de tres mil instalaciones de alojamiento que forman parte de nuestra red. La elecci\u00f3n de un regalo desmaterializado en comparaci\u00f3n con uno tradicional se reduce considerablemente en los residuos.<\/p>\n<h2>Un proyecto apoyado por la Economia Circolar<\/h2>\n<p><a href=\"https:\/\/ecobnb.es\/blog\/arboles-salvas-viajando\/\"><img class=\"aligncenter wp-image-2989 size-full\" src=\"https:\/\/ecobnb.es\/blog\/app\/uploads\/sites\/6\/2019\/02\/6.png\" alt=\"Un proyecto apoyado por la Economia Circolar\" width=\"1170\" height=\"490\" srcset=\"https:\/\/ecobnb.es\/blog\/app\/uploads\/sites\/6\/2019\/02\/6.png 1170w, https:\/\/ecobnb.es\/blog\/app\/uploads\/sites\/6\/2019\/02\/6-536x224.png 536w, https:\/\/ecobnb.es\/blog\/app\/uploads\/sites\/6\/2019\/02\/6-344x144.png 344w\" sizes=\"(max-width: 1170px) 100vw, 1170px\" \/><\/a><\/p>\n<p>Al entregar una tarjeta de regalo digital Ecobnb, usted apoya la econom\u00eda circular al beneficiarse de las instalaciones de alojamiento que est\u00e1n invirtiendo en energ\u00eda ecol\u00f3gica y limpia, en la cadena de suministro corta y en movilidad suave, en reducci\u00f3n de desechos, en construcci\u00f3n ecol\u00f3gica, en agricultura biodin\u00e1mica, en Jabones naturales y mucho m\u00e1s. Elegir una hospitalidad ecol\u00f3gica en comparaci\u00f3n con una tradicional ahorra aproximadamente 8 kg de CO2 por noche, \u00a1el equivalente a 295 \u00e1rboles salvados!<\/p>\n<h2><strong><a href=\"https:\/\/ecobnb.com\/buy-giftcard\" target=\"_blank\">Componga su tarjeta regalo ahora!<\/a><\/strong><\/h2>\n","protected":false},"excerpt":{"rendered":"<p>Vence la ansiedad por los regalos, el desperdicio y la contaminaci\u00f3n en un solo movimiento: \u00a1brinda experiencias \u00fanicas y sostenibles con las tarjetas de regalo digitales de Ecobnb! \u00bfEncontrar el regalo adecuado para cada persona parece una misi\u00f3n imposible? \u00bfSigue buscando el regalo perfecto que no termina en la caja de objetos no utilizados y [&hellip;]<\/p>\n","protected":false},"author":54,"featured_media":2984,"parent":0,"menu_order":0,"comment_status":"closed","ping_status":"open","template":"","meta":[],"acf":[],"yoast_head":"<!-- This site is optimized with the Yoast SEO plugin v19.9 - https:\/\/yoast.com\/wordpress\/plugins\/seo\/ -->\n<title>Gift Card: as\u00ed regala experiencias \u00fanicas y verdes! - Ecobnb<\/title>\n<meta name=\"description\" content=\"Vence la ansiedad por los regalos, el desperdicio y la contaminaci\u00f3n \u00a1brinda experiencias \u00fanicas y sostenibles con las Gift Card digitales de Ecobnb!\" \/>\n<meta name=\"robots\" content=\"index, follow, max-snippet:-1, max-image-preview:large, max-video-preview:-1\" \/>\n<link rel=\"canonical\" href=\"https:\/\/ecobnb.es\/blog\/gift-card-regala-experiencias-unicas-verdes\/\" \/>\n<meta property=\"og:locale\" content=\"es_ES\" \/>\n<meta property=\"og:type\" content=\"article\" \/>\n<meta property=\"og:title\" content=\"Gift Card: as\u00ed regala experiencias \u00fanicas y verdes! - Ecobnb\" \/>\n<meta property=\"og:description\" content=\"Vence la ansiedad por los regalos, el desperdicio y la contaminaci\u00f3n \u00a1brinda experiencias \u00fanicas y sostenibles con las Gift Card digitales de Ecobnb!\" \/>\n<meta property=\"og:url\" content=\"https:\/\/ecobnb.es\/blog\/gift-card-regala-experiencias-unicas-verdes\/\" \/>\n<meta property=\"og:site_name\" content=\"Ecobnb\" \/>\n<meta property=\"article:modified_time\" content=\"2019-04-06T16:12:27+00:00\" \/>\n<meta property=\"og:image\" content=\"https:\/\/ecobnb.es\/blog\/app\/uploads\/sites\/6\/2019\/02\/1-foto.jpg\" \/>\n\t<meta property=\"og:image:width\" content=\"1170\" \/>\n\t<meta property=\"og:image:height\" content=\"490\" \/>\n\t<meta property=\"og:image:type\" content=\"image\/jpeg\" \/>\n<meta name=\"twitter:card\" content=\"summary_large_image\" \/>\n<meta name=\"twitter:label1\" content=\"Est. reading time\" \/>\n\t<meta name=\"twitter:data1\" content=\"4 minutes\" \/>\n<!-- \/ Yoast SEO plugin. -->","yoast_head_json":{"title":"Gift Card: as\u00ed regala experiencias \u00fanicas y verdes! - Ecobnb","description":"Vence la ansiedad por los regalos, el desperdicio y la contaminaci\u00f3n \u00a1brinda experiencias \u00fanicas y sostenibles con las Gift Card digitales de Ecobnb!","robots":{"index":"index","follow":"follow","max-snippet":"max-snippet:-1","max-image-preview":"max-image-preview:large","max-video-preview":"max-video-preview:-1"},"canonical":"https:\/\/ecobnb.es\/blog\/gift-card-regala-experiencias-unicas-verdes\/","og_locale":"es_ES","og_type":"article","og_title":"Gift Card: as\u00ed regala experiencias \u00fanicas y verdes! - Ecobnb","og_description":"Vence la ansiedad por los regalos, el desperdicio y la contaminaci\u00f3n \u00a1brinda experiencias \u00fanicas y sostenibles con las Gift Card digitales de Ecobnb!","og_url":"https:\/\/ecobnb.es\/blog\/gift-card-regala-experiencias-unicas-verdes\/","og_site_name":"Ecobnb","article_modified_time":"2019-04-06T16:12:27+00:00","og_image":[{"width":1170,"height":490,"url":"https:\/\/ecobnb.es\/blog\/app\/uploads\/sites\/6\/2019\/02\/1-foto.jpg","type":"image\/jpeg"}],"twitter_card":"summary_large_image","twitter_misc":{"Est. reading time":"4 minutes"},"schema":{"@context":"https:\/\/schema.org","@graph":[{"@type":"WebPage","@id":"https:\/\/ecobnb.es\/blog\/gift-card-regala-experiencias-unicas-verdes\/","url":"https:\/\/ecobnb.es\/blog\/gift-card-regala-experiencias-unicas-verdes\/","name":"Gift Card: as\u00ed regala experiencias \u00fanicas y verdes! - Ecobnb","isPartOf":{"@id":"https:\/\/ecobnb.es\/blog\/#website"},"datePublished":"2019-04-06T15:46:18+00:00","dateModified":"2019-04-06T16:12:27+00:00","description":"Vence la ansiedad por los regalos, el desperdicio y la contaminaci\u00f3n \u00a1brinda experiencias \u00fanicas y sostenibles con las Gift Card digitales de Ecobnb!","breadcrumb":{"@id":"https:\/\/ecobnb.es\/blog\/gift-card-regala-experiencias-unicas-verdes\/#breadcrumb"},"inLanguage":"es-ES","potentialAction":[{"@type":"ReadAction","target":["https:\/\/ecobnb.es\/blog\/gift-card-regala-experiencias-unicas-verdes\/"]}]},{"@type":"BreadcrumbList","@id":"https:\/\/ecobnb.es\/blog\/gift-card-regala-experiencias-unicas-verdes\/#breadcrumb","itemListElement":[{"@type":"ListItem","position":1,"name":"Home","item":"https:\/\/ecobnb.es\/blog\/"},{"@type":"ListItem","position":2,"name":"Gift Card: as\u00ed regala experiencias \u00fanicas y verdes!"}]},{"@type":"WebSite","@id":"https:\/\/ecobnb.es\/blog\/#website","url":"https:\/\/ecobnb.es\/blog\/","name":"Ecobnb","description":"Find sustainable accommodation","potentialAction":[{"@type":"SearchAction","target":{"@type":"EntryPoint","urlTemplate":"https:\/\/ecobnb.es\/blog\/?s={search_term_string}"},"query-input":"required name=search_term_string"}],"inLanguage":"es-ES"}]}},"_links":{"self":[{"href":"https:\/\/ecobnb.es\/blog\/wp-json\/wp\/v2\/pages\/2998"}],"collection":[{"href":"https:\/\/ecobnb.es\/blog\/wp-json\/wp\/v2\/pages"}],"about":[{"href":"https:\/\/ecobnb.es\/blog\/wp-json\/wp\/v2\/types\/page"}],"author":[{"embeddable":true,"href":"https:\/\/ecobnb.es\/blog\/wp-json\/wp\/v2\/users\/54"}],"replies":[{"embeddable":true,"href":"https:\/\/ecobnb.es\/blog\/wp-json\/wp\/v2\/comments?post=2998"}],"version-history":[{"count":3,"href":"https:\/\/ecobnb.es\/blog\/wp-json\/wp\/v2\/pages\/2998\/revisions"}],"predecessor-version":[{"id":3001,"href":"https:\/\/ecobnb.es\/blog\/wp-json\/wp\/v2\/pages\/2998\/revisions\/3001"}],"wp:featuredmedia":[{"embeddable":true,"href":"https:\/\/ecobnb.es\/blog\/wp-json\/wp\/v2\/media\/2984"}],"wp:attachment":[{"href":"https:\/\/ecobnb.es\/blog\/wp-json\/wp\/v2\/media?parent=2998"}],"curies":[{"name":"wp","href":"https:\/\/api.w.org\/{rel}","templated":true}]}}