{"id":262,"date":"2016-04-11T08:45:19","date_gmt":"2016-04-11T08:45:19","guid":{"rendered":"https:\/\/ecobnb.es\/blog\/?page_id=262"},"modified":"2025-11-02T10:23:38","modified_gmt":"2025-11-02T10:23:38","slug":"turismo-ecologico","status":"publish","type":"page","link":"https:\/\/ecobnb.es\/blog\/turismo-ecologico\/","title":{"rendered":"Sobre Ecobnb \u2013 Comunidad de Turismo Sostenible"},"content":{"rendered":"<table class=\"table\" style=\"clear: both;\">\n<tbody>\n<tr>\n<td style=\"vertical-align: middle!important;\">\n<h2>En Ecobnb puedes encontrar todo tipo de alojamientos eco-friendly<\/h2>\n<p>desde casas en los \u00e1rboles hasta hoteles sostenibles, desde \u201calberghi diffusi\u201d en antiguos pueblos italianos hasta igl\u00fas entre los hielos, desde agroturismos org\u00e1nicos rodeados de naturaleza hasta refugios de monta\u00f1a de cero emisiones.<\/td>\n<td style=\"vertical-align: middle!important;\"><img decoding=\"async\" class=\"alignnone size-full wp-image-86851\" src=\"https:\/\/ecobnb.it\/blog\/app\/uploads\/sites\/2\/2025\/09\/casa-sullalbero-glamping-il-sole.png\" alt=\"casa en el \u00e1rbol glamping il sole\" width=\"520\" height=\"347\" \/><\/td>\n<\/tr>\n<tr>\n<td style=\"vertical-align: middle!important;\">\n<h3><img decoding=\"async\" class=\"alignnone wp-image-1527\" src=\"https:\/\/ecobnb.it\/blog\/app\/uploads\/sites\/2\/2013\/05\/MG_1913cmyk-536x357.jpg\" alt=\"chica en bicicleta en la playa\" width=\"520\" height=\"347\" \/><\/h3>\n<\/td>\n<td style=\"vertical-align: middle!important;\">\n<h2>Nuestra misi\u00f3n y nuestra historia<\/h2>\n<p>Ecobnb es una aventura emprendida para cambiar la forma de viajar, para conectar y dar visibilidad a las oportunidades de turismo responsable, respetuoso con el medio ambiente, la econom\u00eda y las comunidades locales.<\/p>\n<p>\u201cTodo comenz\u00f3 cuando, durante una conferencia universitaria en Potenza, buscaba en internet un alojamiento sostenible para mi estancia, pero no lograba encontrar ninguno. De esa b\u00fasqueda imposible naci\u00f3 una idea: hacer que el turismo sostenible fuera accesible para todos. As\u00ed naci\u00f3 Ecobnb.\u201d \u2014 <em data-start=\"1227\" data-end=\"1265\">Simone Riccardi <\/em>&#8230; <a href=\"https:\/\/ecobnb.it\/blog\/storia\/\" target=\"_blank\" rel=\"noopener\">[contin\u00faa leyendo nuestra historia]<\/a><\/td>\n<\/tr>\n<tr>\n<td style=\"vertical-align: middle!important;\">\n<h2>Nuestro compromiso con el medio ambiente<\/h2>\n<p><strong>Promovemos un turismo responsable y de bajo impacto ambiental<\/strong>, estancias en alojamientos eco-sostenibles, comida org\u00e1nica, itinerarios respetuosos con el medio ambiente, desplazamientos no contaminantes y el redescubrimiento de lugares cercanos y aut\u00e9nticos.<\/p>\n<p>Viajando con Ecobnb, ahorras agua, reduces residuos y emisiones de CO2 \u2014 \u00a1el equivalente a <a href=\"https:\/\/ecobnb.es\/blog\/arboles-salvas-viajando\/\" target=\"_blank\" rel=\"noopener\"><strong>salvar \u00e1rboles<\/strong><\/a>!<\/p>\n<p><strong>Nuestro sitio web tambi\u00e9n es sostenible: 0% emisiones de CO2 y 100% Energ\u00eda Limpia<\/strong>. Los servidores de Ecobnb funcionan \u00edntegramente con energ\u00eda renovable producida localmente (Hetzner Online). Una elecci\u00f3n de kil\u00f3metro cero, al igual que nuestros viajes.<\/p>\n<h3><\/h3>\n<\/td>\n<td style=\"vertical-align: middle!important;\">\n<h3><img decoding=\"async\" class=\"alignnone wp-image-1522\" src=\"https:\/\/ecobnb.it\/blog\/app\/uploads\/sites\/2\/2013\/05\/quaking-aspen-trees_1497_600x450-536x402.jpg\" alt=\"ecolog\u00eda y turismo sostenible\" width=\"520\" height=\"390\" \/><\/h3>\n<h2><\/h2>\n<\/td>\n<\/tr>\n<\/tbody>\n<\/table>\n<hr \/>\n<h2>Hablan de nosotros<\/h2>\n<p><a href=\"https:\/\/ecobnb.it\/blog\/2015\/02\/il-sole-24-ore-viaggi-natura\/\"><img decoding=\"async\" class=\"alignnone wp-image-13486\" src=\"https:\/\/ecobnb.it\/blog\/app\/uploads\/sites\/2\/2013\/05\/Il_Sole_24_Ore_BN.png\" alt=\"\" width=\"180\" height=\"58\" \/><\/a>\u00a0 \u00a0 \u00a0 \u00a0<a href=\"https:\/\/ecobnb.it\/blog\/2014\/06\/turismo-benessere-eco-repubblica\/\"><img decoding=\"async\" class=\"alignnone wp-image-8690 size-full\" src=\"https:\/\/ecobnb.it\/blog\/app\/uploads\/sites\/2\/2013\/05\/repubblica-e1404281872396.jpg\" alt=\"repubblica\" width=\"200\" height=\"42\" \/><\/a>\u00a0 \u00a0 \u00a0 \u00a0<a href=\"https:\/\/ecobnb.it\/blog\/2014\/03\/io-dormo-eco\/\"><img decoding=\"async\" class=\"alignnone wp-image-6871\" src=\"https:\/\/ecobnb.it\/blog\/app\/uploads\/sites\/2\/2013\/05\/LEspresso-BN.jpg\" alt=\"L'Espresso BN\" width=\"187\" height=\"41\" \/><\/a>\u00a0 \u00a0 \u00a0 \u00a0<a href=\"https:\/\/ecobnb.it\/blog\/2013\/07\/viaggia-green-cosmopolitan-parla-di-viaggiverdi\/\" target=\"_blank\" rel=\"noopener\"><img decoding=\"async\" class=\"alignnone wp-image-3979\" src=\"https:\/\/ecobnb.it\/blog\/app\/uploads\/sites\/2\/2013\/05\/cosmopolitan_bg_logoBW.gif\" alt=\"cosmopolitan_bg_logoBW\" width=\"175\" height=\"34\" \/><\/a>\u00a0 \u00a0\u00a0\u00a0<a href=\"https:\/\/ecobnb.it\/blog\/2014\/03\/dove-whatsapp-vai-il-corriere-della-sera-nel-magazine-style-parla-di-viaggiverdi\/\"><img decoding=\"async\" class=\"alignnone wp-image-8691 size-full\" src=\"https:\/\/ecobnb.it\/blog\/app\/uploads\/sites\/2\/2013\/05\/STYLE-logo-e1404282178904.jpg\" alt=\"STYLE logo\" width=\"180\" height=\"96\" \/><\/a>\u00a0 \u00a0 \u00a0 \u00a0<img decoding=\"async\" class=\"alignnone wp-image-3981\" src=\"https:\/\/ecobnb.it\/blog\/app\/uploads\/sites\/2\/2013\/05\/millionaire-bw.jpg\" alt=\"millionaire bw\" width=\"126\" height=\"43\" \/> \u00a0 \u00a0 <a href=\"https:\/\/ecobnb.it\/blog\/2013\/09\/ora-la-vacanza-e-ecofriendly\/\" target=\"_blank\" rel=\"noopener\"><img decoding=\"async\" class=\"alignnone wp-image-3980\" src=\"https:\/\/ecobnb.it\/blog\/app\/uploads\/sites\/2\/2013\/05\/donna_moderna_logo-bw.jpg\" alt=\"donna_moderna_logo bw\" width=\"136\" height=\"70\" \/><\/a>\u00a0 <a href=\"https:\/\/ecobnb.it\/blog\/2015\/08\/casa-green-corriere-innovazione-ecobnb\/\"><img decoding=\"async\" class=\"alignnone wp-image-13487\" src=\"https:\/\/ecobnb.it\/blog\/app\/uploads\/sites\/2\/2013\/05\/corriere-innovazione-bn.jpg\" alt=\"Ecobnb en Corriere Innovazione\" width=\"200\" height=\"71\" \/><\/a>\u00a0 \u00a0\u00a0\u00a0 <img decoding=\"async\" class=\"alignnone size-full wp-image-16675\" src=\"https:\/\/ecobnb.it\/blog\/app\/uploads\/sites\/2\/2013\/05\/20110812121938Il_Messaggero_logo1.png\" alt=\"logo Il Messaggero\" width=\"180\" height=\"38\" \/>\u00a0\u00a0\u00a0\u00a0\u00a0 <a href=\"http:\/\/www.terranuova.it\/Ecoturismo\/Viaggiare-Sostenibile-le-migliori-proposte-green-da-non-perdere-nel-2016\"><img decoding=\"async\" class=\"alignnone wp-image-16780\" src=\"https:\/\/ecobnb.it\/blog\/app\/uploads\/sites\/2\/2013\/05\/terranuova-bn.jpg\" alt=\"Ecobnb en TerraNuova\" width=\"250\" height=\"44\" \/><\/a>&#8230;\u00a0\u00a0<a href=\"https:\/\/ecobnb.es\/blog\/category\/prensa\/\" target=\"_blank\" rel=\"noopener\">\u00a0descubre m\u00e1s art\u00edculos publicados<\/a>\u00a0 o\u00a0<a href=\"https:\/\/ecobnb.it\/blog\/category\/stampa\/\" target=\"_blank\" rel=\"noopener\">lee toda la rese\u00f1a de prensa<\/a><\/p>\n<hr \/>\n<h2 style=\"text-align: right;\">\u00a0El equipo de Ecobnb<\/h2>\n<h3>Simone<\/h3>\n<p><img decoding=\"async\" class=\"wp-image-86845 alignleft\" src=\"https:\/\/ecobnb.it\/blog\/app\/uploads\/sites\/2\/2025\/09\/simone-riccardi-e1758542473999.png\" alt=\"Simone Riccardi, fundador de Ecobnb\" width=\"180\" height=\"180\" \/>Emprendedor social, cofundador de Ecobnb, el lugar de encuentro entre viajeros responsables y alojamientos que invierten en un futuro mejor. Doctor en investigaci\u00f3n con una tesis sobre ciudades online, fue becario Fulbright BEST en UCLA, California, donde estudi\u00f3 gesti\u00f3n empresarial y emprendimiento. Fundador de un grupo de consumo solidario (GAStronauti di Parma) y presidente de la Asociaci\u00f3n Cultural Le Citt\u00e0 Invisibili de Parma, ha colaborado con diversas asociaciones sociales y de voluntariado.<\/p>\n<p><strong>La cita que amo:<\/strong> Un viaje de mil millas comienza con un solo paso. (Lao-Tz\u00fb)<\/p>\n<hr \/>\n<h3>Silvia<\/h3>\n<p><a href=\"https:\/\/ecobnb.it\/blog\/app\/uploads\/sites\/2\/2013\/05\/Silvia_foto.jpg\"><img decoding=\"async\" class=\"alignleft wp-image-12343\" src=\"https:\/\/ecobnb.it\/blog\/app\/uploads\/sites\/2\/2013\/05\/Silvia_foto-536x540.jpg\" alt=\"Silvia Ombellini, Ecobnb\" width=\"180\" height=\"181\" \/><\/a>Arquitecta con pasi\u00f3n por los viajes. Con un doctorado y varios a\u00f1os de experiencia en urbanismo y docencia. Cofund\u00f3 Ecobnb, una aventura emprendida para cambiar la forma de viajar, haci\u00e9ndola m\u00e1s respetuosa con el medio ambiente, los lugares y las personas. Gracias al programa de investigaci\u00f3n Spinner2013 se traslad\u00f3 un a\u00f1o a California, donde estudi\u00f3 Dise\u00f1o de Experiencia de Usuario en UCLA. Coordin\u00f3 el proyecto europeo EcoDots, dedicado al desarrollo del turismo sostenible en Europa.<\/p>\n<p><strong>La cita que amo:<\/strong> Elige un trabajo que ames y no tendr\u00e1s que trabajar ni un d\u00eda de tu vida. (Confucio)<\/p>\n<hr \/>\n<h3>Chiara<\/h3>\n<p><img decoding=\"async\" class=\"alignleft wp-image-85948 size-full\" src=\"https:\/\/ecobnb.it\/blog\/app\/uploads\/sites\/2\/2025\/07\/foto_bio_chiara-marras-1-scaled-e1752243116761.jpeg\" alt=\"Chiara, Ecobnb\" width=\"181\" height=\"181\" \/><span style=\"font-size: revert; color: initial;\">Apasionada por la sostenibilidad, los viajes lentos y la comunicaci\u00f3n, escribe para Ecobnb contando historias de lugares aut\u00e9nticos donde la naturaleza es la protagonista. Tras licenciarse en Ciencias Cognitivas en las monta\u00f1as de Trentino, decidi\u00f3 dedicarse a la comunicaci\u00f3n y al turismo responsable. Desde hace m\u00e1s de diez a\u00f1os cuida los contenidos del blog de Ecobnb, con una mirada atenta al medio ambiente y a las emociones que los lugares saben evocar. Hoy tambi\u00e9n se ocupa del servicio al cliente, apoyando a anfitriones y viajeros de la comunidad. Vive en una peque\u00f1a isla de Cerde\u00f1a.<\/span><\/p>\n<p><strong>La cita que amo:<\/strong> Frente al mar, la felicidad es una idea simple. (Jean-Claude Izzo)<\/p>\n<hr \/>\n<h3>Pietro<\/h3>\n<p><img decoding=\"async\" class=\"alignleft wp-image-85949 size-full\" src=\"https:\/\/ecobnb.it\/blog\/app\/uploads\/sites\/2\/2025\/07\/pietro-boraschi-scaled-e1752243461336.jpg\" alt=\"Pietro, Ecobnb\" width=\"180\" height=\"180\" \/> Su mayor pasi\u00f3n es la monta\u00f1a, que vive en todas sus formas: desde el trail running hasta el alpinismo, pasando por la escalada. Cada salida es para \u00e9l una oportunidad de reconectarse con la naturaleza, con profundo respeto por el medio ambiente y sus equilibrios. Se encarga de la gesti\u00f3n t\u00e9cnica de la plataforma, uniendo competencias digitales y valores ligados a la sostenibilidad para contribuir a un turismo m\u00e1s responsable.<\/p>\n<p><strong>La cita que amo:<\/strong> La monta\u00f1a ense\u00f1a que cada paso tiene un sentido. (Mauro Corona)<\/p>\n<div><\/div>\n<hr \/>\n<h3>Carla<\/h3>\n<p><img decoding=\"async\" class=\"wp-image-26228 size-full alignleft\" src=\"https:\/\/ecobnb.it\/blog\/app\/uploads\/sites\/2\/2013\/05\/Carla-al-Seehof-maggio-20171.jpeg\" alt=\"\" width=\"180\" height=\"181\" \/>Para ella viajar es como respirar: una necesidad natural. Pero cuanto m\u00e1s viaja, m\u00e1s se da cuenta de lo fr\u00e1gil que es este planeta. As\u00ed decidi\u00f3 cambiar el rumbo y dedicarse en cada momento a proteger nuestra Tierra \u201cprestada de nuestros hijos\u201d. Cuando no viaja, echa ra\u00edces en un bosque a 15 km de Parma, en una casa ecol\u00f3gica donde vive con su familia y trabaja en sus proyectos: periodismo (est\u00e1 inscrita en el colegio desde 1991), <a href=\"https:\/\/www.elladigital.it\/\" target=\"_blank\" rel=\"noopener\">elladigital.it<\/a> (oficina de prensa online y offline), social media manager, Ecobnb y otras ideas verdes.<\/p>\n<p><strong>Sue\u00f1o:<\/strong> que el viaje eco-sostenible se convierta en un h\u00e1bito consolidado, como lo es hoy reciclar papel.<\/p>\n<hr \/>\n<h3><\/h3>\n<h3><a href=\"https:\/\/ecobnb.es\/blog\/partners\/\" target=\"_blank\" rel=\"noopener\">Socios y financiaci\u00f3n<\/a><\/h3>\n<p><em>Foto de portada: Eco-Hospitalidad Essenza, Cerde\u00f1a, Italia<\/em><\/p>\n","protected":false},"excerpt":{"rendered":"<p>En Ecobnb puedes encontrar todo tipo de alojamientos eco-friendly desde casas en los \u00e1rboles hasta hoteles sostenibles, desde \u201calberghi diffusi\u201d en antiguos pueblos italianos hasta igl\u00fas entre los hielos, desde agroturismos org\u00e1nicos rodeados de naturaleza hasta refugios de monta\u00f1a de cero emisiones. Nuestra misi\u00f3n y nuestra historia Ecobnb es una aventura emprendida para cambiar la [&hellip;]<\/p>\n","protected":false},"author":50,"featured_media":10510,"parent":0,"menu_order":0,"comment_status":"closed","ping_status":"open","template":"","meta":{"_acf_changed":false,"footnotes":""},"class_list":["post-262","page","type-page","status-publish","has-post-thumbnail","hentry"],"acf":[],"yoast_head":"<!-- This site is optimized with the Yoast SEO plugin v27.5 - https:\/\/yoast.com\/product\/yoast-seo-wordpress\/ -->\n<title>Sobre Ecobnb \u2013 Comunidad de Turismo Sostenible - Ecobnb<\/title>\n<meta name=\"description\" content=\"Conoce Ecobnb, la comunidad de turismo sostenible. Descubre nuestro equipo y c\u00f3mo hacemos accesibles los alojamientos eco-friendly.\" \/>\n<meta name=\"robots\" content=\"index, follow, max-snippet:-1, max-image-preview:large, max-video-preview:-1\" \/>\n<link rel=\"canonical\" href=\"https:\/\/ecobnb.es\/blog\/turismo-ecologico\/\" \/>\n<meta property=\"og:locale\" content=\"es_ES\" \/>\n<meta property=\"og:type\" content=\"article\" \/>\n<meta property=\"og:title\" content=\"Sobre Ecobnb \u2013 Comunidad de Turismo Sostenible - Ecobnb\" \/>\n<meta property=\"og:description\" content=\"Conoce Ecobnb, la comunidad de turismo sostenible. Descubre nuestro equipo y c\u00f3mo hacemos accesibles los alojamientos eco-friendly.\" \/>\n<meta property=\"og:url\" content=\"https:\/\/ecobnb.es\/blog\/turismo-ecologico\/\" \/>\n<meta property=\"og:site_name\" content=\"Ecobnb\" \/>\n<meta property=\"article:modified_time\" content=\"2025-11-02T10:23:38+00:00\" \/>\n<meta property=\"og:image\" content=\"https:\/\/ecobnb.es\/blog\/app\/uploads\/sites\/6\/2025\/09\/community-del-turismo-sostenibile-ecobnb.png\" \/>\n\t<meta property=\"og:image:width\" content=\"1170\" \/>\n\t<meta property=\"og:image:height\" content=\"490\" \/>\n\t<meta property=\"og:image:type\" content=\"image\/png\" \/>\n<meta name=\"twitter:card\" content=\"summary_large_image\" \/>\n<meta name=\"twitter:label1\" content=\"Est. reading time\" \/>\n\t<meta name=\"twitter:data1\" content=\"7 minutes\" \/>\n<!-- \/ Yoast SEO plugin. -->","yoast_head_json":{"title":"Sobre Ecobnb \u2013 Comunidad de Turismo Sostenible - Ecobnb","description":"Conoce Ecobnb, la comunidad de turismo sostenible. Descubre nuestro equipo y c\u00f3mo hacemos accesibles los alojamientos eco-friendly.","robots":{"index":"index","follow":"follow","max-snippet":"max-snippet:-1","max-image-preview":"max-image-preview:large","max-video-preview":"max-video-preview:-1"},"canonical":"https:\/\/ecobnb.es\/blog\/turismo-ecologico\/","og_locale":"es_ES","og_type":"article","og_title":"Sobre Ecobnb \u2013 Comunidad de Turismo Sostenible - Ecobnb","og_description":"Conoce Ecobnb, la comunidad de turismo sostenible. Descubre nuestro equipo y c\u00f3mo hacemos accesibles los alojamientos eco-friendly.","og_url":"https:\/\/ecobnb.es\/blog\/turismo-ecologico\/","og_site_name":"Ecobnb","article_modified_time":"2025-11-02T10:23:38+00:00","og_image":[{"width":1170,"height":490,"url":"https:\/\/ecobnb.es\/blog\/app\/uploads\/sites\/6\/2025\/09\/community-del-turismo-sostenibile-ecobnb.png","type":"image\/png"}],"twitter_card":"summary_large_image","twitter_misc":{"Est. reading time":"7 minutes"},"schema":{"@context":"https:\/\/schema.org","@graph":[{"@type":"WebPage","@id":"https:\/\/ecobnb.es\/blog\/turismo-ecologico\/","url":"https:\/\/ecobnb.es\/blog\/turismo-ecologico\/","name":"Sobre Ecobnb \u2013 Comunidad de Turismo Sostenible - Ecobnb","isPartOf":{"@id":"https:\/\/ecobnb.es\/blog\/#website"},"primaryImageOfPage":{"@id":"https:\/\/ecobnb.es\/blog\/turismo-ecologico\/#primaryimage"},"image":{"@id":"https:\/\/ecobnb.es\/blog\/turismo-ecologico\/#primaryimage"},"thumbnailUrl":"https:\/\/ecobnb.es\/blog\/app\/uploads\/sites\/6\/2025\/09\/community-del-turismo-sostenibile-ecobnb.png","datePublished":"2016-04-11T08:45:19+00:00","dateModified":"2025-11-02T10:23:38+00:00","description":"Conoce Ecobnb, la comunidad de turismo sostenible. Descubre nuestro equipo y c\u00f3mo hacemos accesibles los alojamientos eco-friendly.","breadcrumb":{"@id":"https:\/\/ecobnb.es\/blog\/turismo-ecologico\/#breadcrumb"},"inLanguage":"es-ES","potentialAction":[{"@type":"ReadAction","target":["https:\/\/ecobnb.es\/blog\/turismo-ecologico\/"]}]},{"@type":"ImageObject","inLanguage":"es-ES","@id":"https:\/\/ecobnb.es\/blog\/turismo-ecologico\/#primaryimage","url":"https:\/\/ecobnb.es\/blog\/app\/uploads\/sites\/6\/2025\/09\/community-del-turismo-sostenibile-ecobnb.png","contentUrl":"https:\/\/ecobnb.es\/blog\/app\/uploads\/sites\/6\/2025\/09\/community-del-turismo-sostenibile-ecobnb.png","width":1170,"height":490,"caption":"Sobre Ecobnb \u2013 Comunidad Europea de Turismo Sostenible"},{"@type":"BreadcrumbList","@id":"https:\/\/ecobnb.es\/blog\/turismo-ecologico\/#breadcrumb","itemListElement":[{"@type":"ListItem","position":1,"name":"Home","item":"https:\/\/ecobnb.es\/blog\/"},{"@type":"ListItem","position":2,"name":"Sobre Ecobnb \u2013 Comunidad de Turismo Sostenible"}]},{"@type":"WebSite","@id":"https:\/\/ecobnb.es\/blog\/#website","url":"https:\/\/ecobnb.es\/blog\/","name":"Ecobnb","description":"Find sustainable accommodation","potentialAction":[{"@type":"SearchAction","target":{"@type":"EntryPoint","urlTemplate":"https:\/\/ecobnb.es\/blog\/?s={search_term_string}"},"query-input":{"@type":"PropertyValueSpecification","valueRequired":true,"valueName":"search_term_string"}}],"inLanguage":"es-ES"}]}},"_links":{"self":[{"href":"https:\/\/ecobnb.es\/blog\/wp-json\/wp\/v2\/pages\/262","targetHints":{"allow":["GET"]}}],"collection":[{"href":"https:\/\/ecobnb.es\/blog\/wp-json\/wp\/v2\/pages"}],"about":[{"href":"https:\/\/ecobnb.es\/blog\/wp-json\/wp\/v2\/types\/page"}],"author":[{"embeddable":true,"href":"https:\/\/ecobnb.es\/blog\/wp-json\/wp\/v2\/users\/50"}],"replies":[{"embeddable":true,"href":"https:\/\/ecobnb.es\/blog\/wp-json\/wp\/v2\/comments?post=262"}],"version-history":[{"count":14,"href":"https:\/\/ecobnb.es\/blog\/wp-json\/wp\/v2\/pages\/262\/revisions"}],"predecessor-version":[{"id":10527,"href":"https:\/\/ecobnb.es\/blog\/wp-json\/wp\/v2\/pages\/262\/revisions\/10527"}],"wp:featuredmedia":[{"embeddable":true,"href":"https:\/\/ecobnb.es\/blog\/wp-json\/wp\/v2\/media\/10510"}],"wp:attachment":[{"href":"https:\/\/ecobnb.es\/blog\/wp-json\/wp\/v2\/media?parent=262"}],"curies":[{"name":"wp","href":"https:\/\/api.w.org\/{rel}","templated":true}]}}