{"id":10884,"date":"2026-03-15T14:00:01","date_gmt":"2026-03-15T14:00:01","guid":{"rendered":"https:\/\/ecobnb.es\/blog\/?page_id=10884"},"modified":"2026-03-15T14:26:37","modified_gmt":"2026-03-15T14:26:37","slug":"eco-requisitos-certificacion-verde","status":"publish","type":"page","link":"https:\/\/ecobnb.es\/blog\/eco-requisitos-certificacion-verde\/","title":{"rendered":"Eco-Requisitos y Certificaci\u00f3n Verde de Ecobnb"},"content":{"rendered":"<p>Ecobnb es el punto de encuentro entre los <strong>alojamientos sostenibles<\/strong> presentes en todo el mundo y los <strong>viajeros<\/strong> <strong>conscientes<\/strong>, que desean reducir el impacto de sus vacaciones. Pero \u00bfqu\u00e9 <strong>eco-requisitos<\/strong> deben cumplir los <a href=\"https:\/\/ecobnb.es\/blog\/2022\/10\/acciones-trasformar-hotel-eco-sostenible\/\" target=\"_blank\" rel=\"noopener\">hoteles<\/a>, los agroturismos y los B&amp;B que aparecen en Ecobnb? \u00bfY qui\u00e9n los controla? Aqu\u00ed encontrar\u00e1s las respuestas que estabas buscando.<\/p>\n<p><img class=\"alignnone wp-image-10894 size-full\" src=\"https:\/\/ecobnb.es\/blog\/app\/uploads\/sites\/6\/2026\/03\/big_foto_tende_lr-10-870x490-1.jpg\" alt=\"Los requisitos de los ecobnb\" width=\"870\" height=\"490\" srcset=\"https:\/\/ecobnb.es\/blog\/app\/uploads\/sites\/6\/2026\/03\/big_foto_tende_lr-10-870x490-1.jpg 870w, https:\/\/ecobnb.es\/blog\/app\/uploads\/sites\/6\/2026\/03\/big_foto_tende_lr-10-870x490-1-536x302.jpg 536w, https:\/\/ecobnb.es\/blog\/app\/uploads\/sites\/6\/2026\/03\/big_foto_tende_lr-10-870x490-1-768x433.jpg 768w, https:\/\/ecobnb.es\/blog\/app\/uploads\/sites\/6\/2026\/03\/big_foto_tende_lr-10-870x490-1-570x320.jpg 570w, https:\/\/ecobnb.es\/blog\/app\/uploads\/sites\/6\/2026\/03\/big_foto_tende_lr-10-870x490-1-344x194.jpg 344w\" sizes=\"(max-width: 870px) 100vw, 870px\" \/><\/p>\n<h2>\u00bfQu\u00e9 son los Ecobnb?<\/h2>\n<p>Los <strong>Ecobnb<\/strong> son alojamientos tur\u00edsticos que respetan el medio ambiente y desarrollan proyectos y programas destinados a <strong>proteger<\/strong> la <strong>naturaleza<\/strong> y nuestro planeta. Agroturismos ecol\u00f3gicos, bed &amp; breakfast sostenibles, hoteles dispersos en antiguos pueblos, glamping de cero emisiones, eco-hoteles, campings o refugios en alta monta\u00f1a&#8230;<\/p>\n<p><iframe loading=\"lazy\" src=\"https:\/\/www.youtube.com\/embed\/Vy2TwQw2fCo\" width=\"870\" height=\"490\" frameborder=\"0\" allowfullscreen=\"allowfullscreen\"><span data-mce-type=\"bookmark\" style=\"display: inline-block; width: 0px; overflow: hidden; line-height: 0;\" class=\"mce_SELRES_start\">\ufeff<\/span><\/iframe><\/p>\n<h2>\u00bfQu\u00e9 caracter\u00edsticas deben tener los alojamientos para aparecer en el portal?<\/h2>\n<p>Los alojamientos que forman parte de Ecobnb tienen <strong>al menos 5<\/strong> de 10 <a href=\"https:\/\/ecobnb.es\/blog\/faq\/\" target=\"_blank\" rel=\"noopener\"><strong>requisitos de<\/strong> <strong>sostenibilidad principales<\/strong><\/a>, que son:<\/p>\n<ol>\n<li>Comida ecol\u00f3gica o local<\/li>\n<li>Bioarquitectura<\/li>\n<li>Electricidad procedente al 100% de fuentes renovables<\/li>\n<li>Bombillas de bajo consumo<\/li>\n<li>Paneles solares para el agua caliente<\/li>\n<li>Productos de limpieza ecol\u00f3gicos<\/li>\n<li>Recogida selectiva de residuos superior al 80%<\/li>\n<li>Accesible sin coche<\/li>\n<li>Reductores de flujo para el agua<\/li>\n<li>Recuperaci\u00f3n y reutilizaci\u00f3n del agua de lluvia<\/li>\n<\/ol>\n\n\t\t<style type=\"text\/css\">\n\t\t\t#gallery-1 {\n\t\t\t\tmargin: auto;\n\t\t\t}\n\t\t\t#gallery-1 .gallery-item {\n\t\t\t\tfloat: left;\n\t\t\t\tmargin-top: 10px;\n\t\t\t\ttext-align: center;\n\t\t\t\twidth: 33%;\n\t\t\t}\n\t\t\t#gallery-1 img {\n\t\t\t\tborder: 2px solid #cfcfcf;\n\t\t\t}\n\t\t\t#gallery-1 .gallery-caption {\n\t\t\t\tmargin-left: 0;\n\t\t\t}\n\t\t\t\/* see gallery_shortcode() in wp-includes\/media.php *\/\n\t\t<\/style>\n\t\t<div id='gallery-1' class='gallery galleryid-10884 gallery-columns-3 gallery-size-thumbnail'><dl class='gallery-item'>\n\t\t\t<dt class='gallery-icon landscape'>\n\t\t\t\t<img width=\"270\" height=\"200\" src=\"https:\/\/ecobnb.es\/blog\/app\/uploads\/sites\/6\/2026\/03\/camylla-battani-PV4CRusn8c4-unsplash-270x200.jpg.webp\" class=\"attachment-thumbnail size-thumbnail\" alt=\"Bioarquitectura\" aria-describedby=\"gallery-1-10896\" \/>\n\t\t\t<\/dt>\n\t\t\t\t<dd class='wp-caption-text gallery-caption' id='gallery-1-10896'>\n\t\t\t\t\u00a9 Camylla Battani v\u00eda Unsplash\n\t\t\t\t<\/dd><\/dl><dl class='gallery-item'>\n\t\t\t<dt class='gallery-icon landscape'>\n\t\t\t\t<img width=\"270\" height=\"200\" src=\"https:\/\/ecobnb.es\/blog\/app\/uploads\/sites\/6\/2026\/03\/anders-jacobsen-hxUcl0nUsIY-unsplash-270x200.jpg.webp\" class=\"attachment-thumbnail size-thumbnail\" alt=\"La energ\u00eda limpia es uno de los requisitos de Ecobnb\" aria-describedby=\"gallery-1-10897\" \/>\n\t\t\t<\/dt>\n\t\t\t\t<dd class='wp-caption-text gallery-caption' id='gallery-1-10897'>\n\t\t\t\t\u00a9 Anders Jacobsen v\u00eda Unsplash\n\t\t\t\t<\/dd><\/dl><dl class='gallery-item'>\n\t\t\t<dt class='gallery-icon landscape'>\n\t\t\t\t<img width=\"270\" height=\"200\" src=\"https:\/\/ecobnb.es\/blog\/app\/uploads\/sites\/6\/2026\/03\/alex-loup-On2VseHUDXw-unsplash-270x200.jpg.webp\" class=\"attachment-thumbnail size-thumbnail\" alt=\"Comida ecol\u00f3gica\" aria-describedby=\"gallery-1-10898\" \/>\n\t\t\t<\/dt>\n\t\t\t\t<dd class='wp-caption-text gallery-caption' id='gallery-1-10898'>\n\t\t\t\t\u00a9 Alex Loup v\u00eda Unsplash\n\t\t\t\t<\/dd><\/dl><br style=\"clear: both\" \/>\n\t\t<\/div>\n\n<h2>Los requisitos ecol\u00f3gicos secundarios<\/h2>\n<p>Adem\u00e1s de los requisitos principales, los alojamientos cuentan con muchas otras caracter\u00edsticas secundarias que garantizan una mejor sostenibilidad ambiental, social y econ\u00f3mica. Entre ellas, por ejemplo:<\/p>\n<ul>\n<li>servicio de <strong>alquiler de bicicletas<\/strong><\/li>\n<li>servicio de <a href=\"https:\/\/ecobnb.es\/blog\/vehiculos-electricos-guia-estaciones-carga-alojamiento\/\" target=\"_blank\" rel=\"noopener\">recarga para veh\u00edculos el\u00e9ctricos<\/a><\/li>\n<li><a href=\"https:\/\/ecobnb.es\/blog\/2021\/05\/hotel-ecologico-9-consejos-para-elaborar-un-menu-sostenible-en-tu-restaurante\/\" target=\"_blank\" rel=\"noopener\">men\u00fas sostenibles, vegetarianos<\/a> o veganos<\/li>\n<li>hospitalidad <strong>sin pl\u00e1stico<\/strong><\/li>\n<li>eliminaci\u00f3n de envases monodosis y de un solo uso<\/li>\n<li>cambio de toallas bajo solicitud<\/li>\n<li>itinerarios de ecoturismo<\/li>\n<li>muebles realizados por <strong>artesanos locales<\/strong><\/li>\n<li>decoraci\u00f3n con materiales reciclados<\/li>\n<li>proyectos que enriquecen la comunidad local<\/li>\n<\/ul>\n\n\t\t<style type=\"text\/css\">\n\t\t\t#gallery-2 {\n\t\t\t\tmargin: auto;\n\t\t\t}\n\t\t\t#gallery-2 .gallery-item {\n\t\t\t\tfloat: left;\n\t\t\t\tmargin-top: 10px;\n\t\t\t\ttext-align: center;\n\t\t\t\twidth: 33%;\n\t\t\t}\n\t\t\t#gallery-2 img {\n\t\t\t\tborder: 2px solid #cfcfcf;\n\t\t\t}\n\t\t\t#gallery-2 .gallery-caption {\n\t\t\t\tmargin-left: 0;\n\t\t\t}\n\t\t\t\/* see gallery_shortcode() in wp-includes\/media.php *\/\n\t\t<\/style>\n\t\t<div id='gallery-2' class='gallery galleryid-10884 gallery-columns-3 gallery-size-thumbnail'><dl class='gallery-item'>\n\t\t\t<dt class='gallery-icon landscape'>\n\t\t\t\t<img width=\"270\" height=\"200\" src=\"https:\/\/ecobnb.es\/blog\/app\/uploads\/sites\/6\/2026\/03\/noleggio-bici-auralba-270x200.jpeg.webp\" class=\"attachment-thumbnail size-thumbnail\" alt=\"Alquiler de bicicletas en el eco-hotel Auralba\" aria-describedby=\"gallery-2-10899\" \/>\n\t\t\t<\/dt>\n\t\t\t\t<dd class='wp-caption-text gallery-caption' id='gallery-2-10899'>\n\t\t\t\tAlquiler de bicicletas en el eco-hotel Auralba\n\t\t\t\t<\/dd><\/dl><dl class='gallery-item'>\n\t\t\t<dt class='gallery-icon landscape'>\n\t\t\t\t<img width=\"270\" height=\"200\" src=\"https:\/\/ecobnb.es\/blog\/app\/uploads\/sites\/6\/2026\/03\/menu-vegan-270x200.jpg.webp\" class=\"attachment-thumbnail size-thumbnail\" alt=\"Men\u00fa vegano\" aria-describedby=\"gallery-2-10900\" \/>\n\t\t\t<\/dt>\n\t\t\t\t<dd class='wp-caption-text gallery-caption' id='gallery-2-10900'>\n\t\t\t\tMen\u00fa vegano\n\t\t\t\t<\/dd><\/dl><dl class='gallery-item'>\n\t\t\t<dt class='gallery-icon landscape'>\n\t\t\t\t<img width=\"270\" height=\"200\" src=\"https:\/\/ecobnb.es\/blog\/app\/uploads\/sites\/6\/2026\/03\/BMW_i3_charging_port-270x200.jpg.webp\" class=\"attachment-thumbnail size-thumbnail\" alt=\"Carga de coche el\u00e9ctrico\" aria-describedby=\"gallery-2-10901\" \/>\n\t\t\t<\/dt>\n\t\t\t\t<dd class='wp-caption-text gallery-caption' id='gallery-2-10901'>\n\t\t\t\tCarga de coche el\u00e9ctrico, foto de K\u0101rlis Dambr\u0101ns, v\u00eda Wikipedia\n\t\t\t\t<\/dd><\/dl><br style=\"clear: both\" \/>\n\t\t<\/div>\n\n<h2>\u00bfQui\u00e9n controla los requisitos?<\/h2>\n<p>Hemos elegido los requisitos entre aquellos <strong>reconocidos<\/strong> <strong>a nivel internacional<\/strong> por numerosas certificaciones y marcas dedicadas al ecoturismo.<\/p>\n<p>Los est\u00e1ndares ecol\u00f3gicos son <strong>autocertificados<\/strong> por los anfitriones y posteriormente <strong>verificados<\/strong> por los propios viajeros, que pueden dejar en nuestro sitio <strong>rese\u00f1as<\/strong> <strong>espec\u00edficas<\/strong>.<\/p>\n<h2>\u00bfCertificaciones?<\/h2>\n<p>Ecobnb no certifica los alojamientos ni se ocupa de certificaciones ambientales. Nuestro objetivo es promover la verdadera <strong>calidad ecol\u00f3gica<\/strong> de los alojamientos, conectando todas aquellas <strong>realidades virtuosas<\/strong> que respetan el medio ambiente, la econom\u00eda y las comunidades locales. Por esta raz\u00f3n, en nuestras p\u00e1ginas se destacan las caracter\u00edsticas de sostenibilidad de cada alojamiento, junto con posibles <strong>certificaciones ambientales<\/strong> nacionales o internacionales.<\/p>\n<p><em>Foto de portada \u00a9\u00a0<a href=\"https:\/\/unsplash.com\/@sarahdorweiler?utm_source=unsplash&amp;utm_medium=referral&amp;utm_content=creditCopyText\">Sarah Dorweiler<\/a>\u00a0v\u00eda Unsplash<\/em><\/p>\n","protected":false},"excerpt":{"rendered":"<p>Ecobnb es el punto de encuentro entre los alojamientos sostenibles presentes en todo el mundo y los viajeros conscientes, que desean reducir el impacto de sus vacaciones. Pero \u00bfqu\u00e9 eco-requisitos deben cumplir los hoteles, los agroturismos y los B&amp;B que aparecen en Ecobnb? \u00bfY qui\u00e9n los controla? Aqu\u00ed encontrar\u00e1s las respuestas que estabas buscando. \u00bfQu\u00e9 [&hellip;]<\/p>\n","protected":false},"author":42,"featured_media":10887,"parent":0,"menu_order":0,"comment_status":"closed","ping_status":"closed","template":"","meta":[],"acf":[],"yoast_head":"<!-- This site is optimized with the Yoast SEO plugin v19.9 - https:\/\/yoast.com\/wordpress\/plugins\/seo\/ -->\n<title>Eco-Requisitos y Certificaci\u00f3n Verde de Ecobnb - Ecobnb<\/title>\n<meta name=\"description\" content=\"\u00bfCu\u00e1les son los requisitos de sostenibilidad de Ecobnb? \u00bfQui\u00e9n los controla? \u00a1Descubre c\u00f3mo funciona nuestra comunidad de turismo sostenible!\" \/>\n<meta name=\"robots\" content=\"index, follow, max-snippet:-1, max-image-preview:large, max-video-preview:-1\" \/>\n<link rel=\"canonical\" href=\"https:\/\/ecobnb.es\/blog\/eco-requisitos-certificacion-verde\/\" \/>\n<meta property=\"og:locale\" content=\"es_ES\" \/>\n<meta property=\"og:type\" content=\"article\" \/>\n<meta property=\"og:title\" content=\"Eco-Requisitos y Certificaci\u00f3n Verde de Ecobnb - Ecobnb\" \/>\n<meta property=\"og:description\" content=\"\u00bfCu\u00e1les son los requisitos de sostenibilidad de Ecobnb? \u00bfQui\u00e9n los controla? \u00a1Descubre c\u00f3mo funciona nuestra comunidad de turismo sostenible!\" \/>\n<meta property=\"og:url\" content=\"https:\/\/ecobnb.es\/blog\/eco-requisitos-certificacion-verde\/\" \/>\n<meta property=\"og:site_name\" content=\"Ecobnb\" \/>\n<meta property=\"article:modified_time\" content=\"2026-03-15T14:26:37+00:00\" \/>\n<meta property=\"og:image\" content=\"https:\/\/ecobnb.es\/blog\/app\/uploads\/sites\/6\/2026\/03\/sarah-dorweiler-9Z1KRIfpBTM-unsplash.jpg\" \/>\n\t<meta property=\"og:image:width\" content=\"1170\" \/>\n\t<meta property=\"og:image:height\" content=\"490\" \/>\n\t<meta property=\"og:image:type\" content=\"image\/jpeg\" \/>\n<meta name=\"twitter:card\" content=\"summary_large_image\" \/>\n<meta name=\"twitter:label1\" content=\"Est. reading time\" \/>\n\t<meta name=\"twitter:data1\" content=\"2 minutes\" \/>\n<!-- \/ Yoast SEO plugin. -->","yoast_head_json":{"title":"Eco-Requisitos y Certificaci\u00f3n Verde de Ecobnb - Ecobnb","description":"\u00bfCu\u00e1les son los requisitos de sostenibilidad de Ecobnb? \u00bfQui\u00e9n los controla? \u00a1Descubre c\u00f3mo funciona nuestra comunidad de turismo sostenible!","robots":{"index":"index","follow":"follow","max-snippet":"max-snippet:-1","max-image-preview":"max-image-preview:large","max-video-preview":"max-video-preview:-1"},"canonical":"https:\/\/ecobnb.es\/blog\/eco-requisitos-certificacion-verde\/","og_locale":"es_ES","og_type":"article","og_title":"Eco-Requisitos y Certificaci\u00f3n Verde de Ecobnb - Ecobnb","og_description":"\u00bfCu\u00e1les son los requisitos de sostenibilidad de Ecobnb? \u00bfQui\u00e9n los controla? \u00a1Descubre c\u00f3mo funciona nuestra comunidad de turismo sostenible!","og_url":"https:\/\/ecobnb.es\/blog\/eco-requisitos-certificacion-verde\/","og_site_name":"Ecobnb","article_modified_time":"2026-03-15T14:26:37+00:00","og_image":[{"width":1170,"height":490,"url":"https:\/\/ecobnb.es\/blog\/app\/uploads\/sites\/6\/2026\/03\/sarah-dorweiler-9Z1KRIfpBTM-unsplash.jpg","type":"image\/jpeg"}],"twitter_card":"summary_large_image","twitter_misc":{"Est. reading time":"2 minutes"},"schema":{"@context":"https:\/\/schema.org","@graph":[{"@type":"WebPage","@id":"https:\/\/ecobnb.es\/blog\/eco-requisitos-certificacion-verde\/","url":"https:\/\/ecobnb.es\/blog\/eco-requisitos-certificacion-verde\/","name":"Eco-Requisitos y Certificaci\u00f3n Verde de Ecobnb - Ecobnb","isPartOf":{"@id":"https:\/\/ecobnb.es\/blog\/#website"},"datePublished":"2026-03-15T14:00:01+00:00","dateModified":"2026-03-15T14:26:37+00:00","description":"\u00bfCu\u00e1les son los requisitos de sostenibilidad de Ecobnb? \u00bfQui\u00e9n los controla? \u00a1Descubre c\u00f3mo funciona nuestra comunidad de turismo sostenible!","breadcrumb":{"@id":"https:\/\/ecobnb.es\/blog\/eco-requisitos-certificacion-verde\/#breadcrumb"},"inLanguage":"es-ES","potentialAction":[{"@type":"ReadAction","target":["https:\/\/ecobnb.es\/blog\/eco-requisitos-certificacion-verde\/"]}]},{"@type":"BreadcrumbList","@id":"https:\/\/ecobnb.es\/blog\/eco-requisitos-certificacion-verde\/#breadcrumb","itemListElement":[{"@type":"ListItem","position":1,"name":"Home","item":"https:\/\/ecobnb.es\/blog\/"},{"@type":"ListItem","position":2,"name":"Eco-Requisitos y Certificaci\u00f3n Verde de Ecobnb"}]},{"@type":"WebSite","@id":"https:\/\/ecobnb.es\/blog\/#website","url":"https:\/\/ecobnb.es\/blog\/","name":"Ecobnb","description":"Find sustainable accommodation","potentialAction":[{"@type":"SearchAction","target":{"@type":"EntryPoint","urlTemplate":"https:\/\/ecobnb.es\/blog\/?s={search_term_string}"},"query-input":"required name=search_term_string"}],"inLanguage":"es-ES"}]}},"_links":{"self":[{"href":"https:\/\/ecobnb.es\/blog\/wp-json\/wp\/v2\/pages\/10884"}],"collection":[{"href":"https:\/\/ecobnb.es\/blog\/wp-json\/wp\/v2\/pages"}],"about":[{"href":"https:\/\/ecobnb.es\/blog\/wp-json\/wp\/v2\/types\/page"}],"author":[{"embeddable":true,"href":"https:\/\/ecobnb.es\/blog\/wp-json\/wp\/v2\/users\/42"}],"replies":[{"embeddable":true,"href":"https:\/\/ecobnb.es\/blog\/wp-json\/wp\/v2\/comments?post=10884"}],"version-history":[{"count":7,"href":"https:\/\/ecobnb.es\/blog\/wp-json\/wp\/v2\/pages\/10884\/revisions"}],"predecessor-version":[{"id":10903,"href":"https:\/\/ecobnb.es\/blog\/wp-json\/wp\/v2\/pages\/10884\/revisions\/10903"}],"wp:featuredmedia":[{"embeddable":true,"href":"https:\/\/ecobnb.es\/blog\/wp-json\/wp\/v2\/media\/10887"}],"wp:attachment":[{"href":"https:\/\/ecobnb.es\/blog\/wp-json\/wp\/v2\/media?parent=10884"}],"curies":[{"name":"wp","href":"https:\/\/api.w.org\/{rel}","templated":true}]}}