{"id":10836,"date":"2026-02-28T17:13:12","date_gmt":"2026-02-28T17:13:12","guid":{"rendered":"https:\/\/ecobnb.es\/blog\/?page_id=10836"},"modified":"2026-02-28T17:15:16","modified_gmt":"2026-02-28T17:15:16","slug":"aviso-legal","status":"publish","type":"page","link":"https:\/\/ecobnb.es\/blog\/aviso-legal\/","title":{"rendered":"Aviso Legal"},"content":{"rendered":"\n<h3>Informaci\u00f3n de la empresa (\u00a7 5 TMG)<\/h3>\n\n\n\n<p><strong>Empresa:<\/strong><br>Ecobnb S.r.l.<\/p>\n\n\n\n<p><strong>Sede social:<\/strong><br>Piazza San Marco, 11<br>38068 Rovereto (TN)<br>Italia<\/p>\n\n\n\n<p><strong>Representante legal:<\/strong><br>Simone Riccardi<\/p>\n\n\n\n<p><strong>Contacto:<\/strong><br>Correo electr\u00f3nico: <a>info@ecobnb.com<\/a><\/p>\n\n\n\n<p><strong>N\u00famero de identificaci\u00f3n fiscal (IVA) (\u00a727 a Ley alemana de IVA):<\/strong><br>IT 02342300221<\/p>\n\n\n\n<h3>Responsable del contenido (\u00a7 55 Abs. 2 RStV)<\/h3>\n\n\n\n<p>Simone Riccardi<br>Piazza San Marco, 11<br>38068 Rovereto (TN)<br>Italia<\/p>\n\n\n\n<h3>Exenci\u00f3n de responsabilidad \u2013 Contenidos<\/h3>\n\n\n\n<p>Los contenidos de nuestro sitio web se han creado con el m\u00e1ximo cuidado. Sin embargo, no podemos garantizar ni asumir responsabilidad por la exactitud, integridad o actualidad de la informaci\u00f3n proporcionada. Nos reservamos el derecho de modificar o actualizar los contenidos del sitio web en cualquier momento sin previo aviso.<\/p>\n\n\n\n<p>Tampoco asumimos responsabilidad por los contenidos de enlaces externos. Los operadores de los sitios vinculados son los \u00fanicos responsables de sus contenidos.<\/p>\n\n\n\n<p>El uso de los contenidos del sitio web es bajo su propio riesgo. Excluimos cualquier responsabilidad por da\u00f1os directos o indirectos derivados del uso de la informaci\u00f3n, en la medida permitida por la ley.<\/p>\n\n\n\n<p>Puede encontrar m\u00e1s informaci\u00f3n legal en nuestros <a href=\"https:\/\/ecobnb.es\/blog\/terms\/\" target=\"_blank\" rel=\"noreferrer noopener\">T\u00e9rminos y Condiciones<\/a>.<\/p>\n\n\n\n<h3>Resoluci\u00f3n de disputas en l\u00ednea (ODR)<\/h3>\n\n\n\n<p>La Comisi\u00f3n Europea pone a disposici\u00f3n una plataforma para la resoluci\u00f3n de disputas en l\u00ednea (ODR):<br><a href=\"https:\/\/ec.europa.eu\/consumers\/odr\/\" target=\"_blank\" rel=\"noreferrer noopener\">https:\/\/ec.europa.eu\/consumers\/odr\/<\/a><\/p>\n","protected":false},"excerpt":{"rendered":"<p>Informaci\u00f3n de la empresa (\u00a7 5 TMG) Empresa:Ecobnb S.r.l. Sede social:Piazza San Marco, 1138068 Rovereto (TN)Italia Representante legal:Simone Riccardi Contacto:Correo electr\u00f3nico: info@ecobnb.com N\u00famero de identificaci\u00f3n fiscal (IVA) (\u00a727 a Ley alemana de IVA):IT 02342300221 Responsable del contenido (\u00a7 55 Abs. 2 RStV) Simone RiccardiPiazza San Marco, 1138068 Rovereto (TN)Italia Exenci\u00f3n de responsabilidad \u2013 Contenidos Los [&hellip;]<\/p>\n","protected":false},"author":42,"featured_media":10837,"parent":0,"menu_order":0,"comment_status":"closed","ping_status":"closed","template":"","meta":[],"acf":[],"yoast_head":"<!-- This site is optimized with the Yoast SEO plugin v19.9 - https:\/\/yoast.com\/wordpress\/plugins\/seo\/ -->\n<title>Aviso Legal \u2013 Ecobnb | Informaci\u00f3n de la empresa y contactos<\/title>\n<meta name=\"description\" content=\"Aviso Legal de Ecobnb: informaci\u00f3n de la empresa, contactos, NIF y responsable de contenidos.\" \/>\n<meta name=\"robots\" content=\"index, follow, max-snippet:-1, max-image-preview:large, max-video-preview:-1\" \/>\n<link rel=\"canonical\" href=\"https:\/\/ecobnb.es\/blog\/aviso-legal\/\" \/>\n<meta property=\"og:locale\" content=\"es_ES\" \/>\n<meta property=\"og:type\" content=\"article\" \/>\n<meta property=\"og:title\" content=\"Aviso Legal \u2013 Ecobnb | Informaci\u00f3n de la empresa y contactos\" \/>\n<meta property=\"og:description\" content=\"Aviso Legal de Ecobnb: informaci\u00f3n de la empresa, contactos, NIF y responsable de contenidos.\" \/>\n<meta property=\"og:url\" content=\"https:\/\/ecobnb.es\/blog\/aviso-legal\/\" \/>\n<meta property=\"og:site_name\" content=\"Ecobnb\" \/>\n<meta property=\"article:modified_time\" content=\"2026-02-28T17:15:16+00:00\" \/>\n<meta property=\"og:image\" content=\"https:\/\/ecobnb.es\/blog\/app\/uploads\/sites\/6\/2026\/02\/impressum-Ecobnb.png\" \/>\n\t<meta property=\"og:image:width\" content=\"1170\" \/>\n\t<meta property=\"og:image:height\" content=\"490\" \/>\n\t<meta property=\"og:image:type\" content=\"image\/png\" \/>\n<meta name=\"twitter:card\" content=\"summary_large_image\" \/>\n<meta name=\"twitter:label1\" content=\"Est. reading time\" \/>\n\t<meta name=\"twitter:data1\" content=\"1 minute\" \/>\n<!-- \/ Yoast SEO plugin. -->","yoast_head_json":{"title":"Aviso Legal \u2013 Ecobnb | Informaci\u00f3n de la empresa y contactos","description":"Aviso Legal de Ecobnb: informaci\u00f3n de la empresa, contactos, NIF y responsable de contenidos.","robots":{"index":"index","follow":"follow","max-snippet":"max-snippet:-1","max-image-preview":"max-image-preview:large","max-video-preview":"max-video-preview:-1"},"canonical":"https:\/\/ecobnb.es\/blog\/aviso-legal\/","og_locale":"es_ES","og_type":"article","og_title":"Aviso Legal \u2013 Ecobnb | Informaci\u00f3n de la empresa y contactos","og_description":"Aviso Legal de Ecobnb: informaci\u00f3n de la empresa, contactos, NIF y responsable de contenidos.","og_url":"https:\/\/ecobnb.es\/blog\/aviso-legal\/","og_site_name":"Ecobnb","article_modified_time":"2026-02-28T17:15:16+00:00","og_image":[{"width":1170,"height":490,"url":"https:\/\/ecobnb.es\/blog\/app\/uploads\/sites\/6\/2026\/02\/impressum-Ecobnb.png","type":"image\/png"}],"twitter_card":"summary_large_image","twitter_misc":{"Est. reading time":"1 minute"},"schema":{"@context":"https:\/\/schema.org","@graph":[{"@type":"WebPage","@id":"https:\/\/ecobnb.es\/blog\/aviso-legal\/","url":"https:\/\/ecobnb.es\/blog\/aviso-legal\/","name":"Aviso Legal \u2013 Ecobnb | Informaci\u00f3n de la empresa y contactos","isPartOf":{"@id":"https:\/\/ecobnb.es\/blog\/#website"},"datePublished":"2026-02-28T17:13:12+00:00","dateModified":"2026-02-28T17:15:16+00:00","description":"Aviso Legal de Ecobnb: informaci\u00f3n de la empresa, contactos, NIF y responsable de contenidos.","breadcrumb":{"@id":"https:\/\/ecobnb.es\/blog\/aviso-legal\/#breadcrumb"},"inLanguage":"es-ES","potentialAction":[{"@type":"ReadAction","target":["https:\/\/ecobnb.es\/blog\/aviso-legal\/"]}]},{"@type":"BreadcrumbList","@id":"https:\/\/ecobnb.es\/blog\/aviso-legal\/#breadcrumb","itemListElement":[{"@type":"ListItem","position":1,"name":"Home","item":"https:\/\/ecobnb.es\/blog\/"},{"@type":"ListItem","position":2,"name":"Aviso Legal"}]},{"@type":"WebSite","@id":"https:\/\/ecobnb.es\/blog\/#website","url":"https:\/\/ecobnb.es\/blog\/","name":"Ecobnb","description":"Find sustainable accommodation","potentialAction":[{"@type":"SearchAction","target":{"@type":"EntryPoint","urlTemplate":"https:\/\/ecobnb.es\/blog\/?s={search_term_string}"},"query-input":"required name=search_term_string"}],"inLanguage":"es-ES"}]}},"_links":{"self":[{"href":"https:\/\/ecobnb.es\/blog\/wp-json\/wp\/v2\/pages\/10836"}],"collection":[{"href":"https:\/\/ecobnb.es\/blog\/wp-json\/wp\/v2\/pages"}],"about":[{"href":"https:\/\/ecobnb.es\/blog\/wp-json\/wp\/v2\/types\/page"}],"author":[{"embeddable":true,"href":"https:\/\/ecobnb.es\/blog\/wp-json\/wp\/v2\/users\/42"}],"replies":[{"embeddable":true,"href":"https:\/\/ecobnb.es\/blog\/wp-json\/wp\/v2\/comments?post=10836"}],"version-history":[{"count":1,"href":"https:\/\/ecobnb.es\/blog\/wp-json\/wp\/v2\/pages\/10836\/revisions"}],"predecessor-version":[{"id":10838,"href":"https:\/\/ecobnb.es\/blog\/wp-json\/wp\/v2\/pages\/10836\/revisions\/10838"}],"wp:featuredmedia":[{"embeddable":true,"href":"https:\/\/ecobnb.es\/blog\/wp-json\/wp\/v2\/media\/10837"}],"wp:attachment":[{"href":"https:\/\/ecobnb.es\/blog\/wp-json\/wp\/v2\/media?parent=10836"}],"curies":[{"name":"wp","href":"https:\/\/api.w.org\/{rel}","templated":true}]}}