{"id":10528,"date":"2025-11-02T11:18:54","date_gmt":"2025-11-02T11:18:54","guid":{"rendered":"https:\/\/ecobnb.es\/blog\/?page_id=10528"},"modified":"2025-11-02T11:33:53","modified_gmt":"2025-11-02T11:33:53","slug":"historia","status":"publish","type":"page","link":"https:\/\/ecobnb.es\/blog\/historia\/","title":{"rendered":"Nuestra historia: c\u00f3mo naci\u00f3 Ecobnb"},"content":{"rendered":"<h2>C\u00f3mo naci\u00f3 Ecobnb, la aventura emprendida para mejorar la forma de viajar, haciendo que el turismo sea m\u00e1s sostenible, respetuoso con el medio ambiente, los lugares y las comunidades locales. Aqu\u00ed queremos contarte nuestra historia, qui\u00e9nes somos y por qu\u00e9 lo hacemos<\/h2>\n<p>Somos Simone y Silvia, y en 2013 decidimos revolucionar nuestras vidas creando <strong>Ecobnb: <\/strong>un lugar donde <strong>viajeros responsables<\/strong> se encuentran con <strong>alojamientos eco-friendly<\/strong> que invierten cada d\u00eda en un futuro mejor.<\/p>\n<p><span style=\"color: initial;\">El proyecto naci\u00f3 de nuestro <strong>camino personal<\/strong>: ya involucrados en un grupo de consumo sostenible, apasionados de la bioarquitectura, lo org\u00e1nico y el zero waste, quer\u00edamos <strong>hacer posibles mejores elecciones tambi\u00e9n durante nuestros viajes<\/strong>.<\/span><\/p>\n<div id=\"attachment_10537\" class=\"thumbnail alignnone\"><img class=\"size-large wp-image-10537\" src=\"https:\/\/ecobnb.es\/blog\/app\/uploads\/sites\/6\/2025\/11\/Silvia-Simone-Ecobnb-Ecobnb-ok-1-870x490.jpg\" alt=\"Silvia y Simone, fundadores de Ecobnb. Silvia, gran amante de la naturaleza y de los viajes, se encarga de la comunicaci\u00f3n. Simone, apasionado de la tecnolog\u00eda e inform\u00e1tica, es CEO de Ecobnb.\" width=\"870\" height=\"490\" srcset=\"https:\/\/ecobnb.es\/blog\/app\/uploads\/sites\/6\/2025\/11\/Silvia-Simone-Ecobnb-Ecobnb-ok-1-870x490.jpg 870w, https:\/\/ecobnb.es\/blog\/app\/uploads\/sites\/6\/2025\/11\/Silvia-Simone-Ecobnb-Ecobnb-ok-1-570x320.jpg 570w\" sizes=\"(max-width: 870px) 100vw, 870px\" \/><div class=\"caption\">Silvia y Simone, fundadores de Ecobnb. Silvia, gran amante de la naturaleza y de los viajes, se encarga de la comunicaci\u00f3n. Simone, apasionado de la tecnolog\u00eda e inform\u00e1tica, es CEO de Ecobnb.<\/div><\/div>\n<h2>El cambio empieza con nosotros<\/h2>\n<p data-start=\"2051\" data-end=\"2232\">Nos dimos cuenta de que muchas cosas no estaban funcionando, y ignorarlas ya no era una opci\u00f3n. As\u00ed que decidimos <strong data-start=\"2167\" data-end=\"2190\">dar el primer paso<\/strong>, convencidos de que <strong>cada peque\u00f1o gesto cuenta<\/strong> y puede marcar la diferencia. De aqu\u00ed nace nuestro compromiso diario: <strong>hacer que el turismo sea m\u00e1s sostenible<\/strong>, amable y <strong>respetuoso con el planeta<\/strong>.<\/p>\n<p data-start=\"2234\" data-end=\"2309\">Como dec\u00eda Gandhi:<br data-start=\"2253\" data-end=\"2256\" \/><strong data-start=\"2256\" data-end=\"2307\">\u201cS\u00e9 el cambio que quieres ver en el mundo.\u201d<\/strong><\/p>\n<div class=\"embed-container\"><iframe loading=\"lazy\" title=\"ViaggiVerdi\" width=\"1170\" height=\"658\" src=\"https:\/\/www.youtube.com\/embed\/BVTWCt3ic7E?feature=oembed&#038;enablejsapi=1&#038;origin=https:\/\/ecobnb.es\" frameborder=\"0\" allow=\"accelerometer; autoplay; clipboard-write; encrypted-media; gyroscope; picture-in-picture; web-share\" referrerpolicy=\"strict-origin-when-cross-origin\" allowfullscreen><\/iframe><\/div>\n<h2>D\u00f3nde empez\u00f3 todo<\/h2>\n<p><img class=\"size-full wp-image-10532 alignright\" src=\"https:\/\/ecobnb.es\/blog\/app\/uploads\/sites\/6\/2025\/11\/Simone.png\" alt=\"Simone Riccardi\" width=\"536\" height=\"421\" srcset=\"https:\/\/ecobnb.es\/blog\/app\/uploads\/sites\/6\/2025\/11\/Simone.png 536w, https:\/\/ecobnb.es\/blog\/app\/uploads\/sites\/6\/2025\/11\/Simone-344x270.png 344w\" sizes=\"(max-width: 536px) 100vw, 536px\" \/><\/p>\n<blockquote><p>&#8220;Todo comenz\u00f3 con una b\u00fasqueda frustrante: buscaba un <strong data-start=\"2529\" data-end=\"2553\">alojamiento sostenible<\/strong> para una conferencia en Potenza y, tras horas de intentos, la \u00fanica soluci\u00f3n era un convento.<\/p>\n<p><span style=\"font-size: revert; color: initial;\">En ese momento entend\u00ed que <\/span><strong style=\"font-size: revert; color: initial;\">faltaba una herramienta para hacer el<\/strong> <strong style=\"font-size: revert; color: initial;\" data-start=\"2711\" data-end=\"2756\">turismo eco-friendly f\u00e1cil y accesible<\/strong><span style=\"font-size: revert; color: initial;\">. <\/span><\/p>\n<p><span style=\"font-size: revert; color: initial;\">Unos a\u00f1os despu\u00e9s, trabajando en el sitio de Bed &amp; Breakfast de Parma, experiment\u00e9 con un <\/span><strong style=\"font-size: revert; color: initial;\">criterio de b\u00fasqueda basado en la sostenibilidad<\/strong><span style=\"font-size: revert; color: initial;\">: funcion\u00f3 tan bien que naci\u00f3 la idea de crear un portal para todos los alojamientos eco-friendly en Italia.<\/span><\/p>\n<p><span style=\"font-size: revert; color: initial;\">As\u00ed, a finales de mayo de 2013, nace <\/span><strong style=\"font-size: revert; color: initial;\" data-start=\"3041\" data-end=\"3059\">ViaggiVerdi<\/strong><span style=\"font-size: revert; color: initial;\">, que en 2014 se convierte en <\/span><strong style=\"font-size: revert; color: initial;\" data-start=\"3082\" data-end=\"3092\">Ecobnb<\/strong><span style=\"font-size: revert; color: initial;\">. Hoy somos la comunidad de <\/span><strong style=\"font-size: revert; color: initial;\" data-start=\"3132\" data-end=\"3165\">turismo sostenible m\u00e1s grande de Europa<\/strong><span style=\"font-size: revert; color: initial;\">, con m\u00e1s de 3.000 alojamientos que se distinguen por su compromiso ambiental y las <\/span><a style=\"font-size: revert;\" href=\"https:\/\/ecobnb.es\/blog\/arboles-salvas-viajando\/\" target=\"_blank\" rel=\"noopener\">acciones concretas para reducir su huella ecol\u00f3gica<\/a><span style=\"font-size: revert; color: initial;\">. <\/span><\/p>\n<p><strong style=\"font-size: revert; color: initial;\" data-start=\"3301\" data-end=\"3324\">Participa tambi\u00e9n t\u00fa:<\/strong><span style=\"font-size: revert; color: initial;\"> cu\u00e9ntalo a tus amigos, reserva tu estancia verde o se\u00f1ala alojamientos eco-friendly que conozcas. \u00a1Cada peque\u00f1o gesto cuenta!&#8221; <\/span><\/p>\n<p><span style=\"font-size: revert; color: initial;\">Simone Riccardi, fundador de Ecobnb<\/span><\/p><\/blockquote>\n<h2>Ecobnb hoy<\/h2>\n<div class=\"embed-container\"><iframe loading=\"lazy\" title=\"Ecobnb - the community of Sustainable Tourism\" width=\"1170\" height=\"658\" src=\"https:\/\/www.youtube.com\/embed\/Au1RewRlWxs?feature=oembed&#038;enablejsapi=1&#038;origin=https:\/\/ecobnb.es\" frameborder=\"0\" allow=\"accelerometer; autoplay; clipboard-write; encrypted-media; gyroscope; picture-in-picture; web-share\" referrerpolicy=\"strict-origin-when-cross-origin\" allowfullscreen><\/iframe><\/div>\n<p>Ecobnb es <strong>el referente para quienes buscan alojamientos eco-friendly<\/strong>, pero tambi\u00e9n es el lugar adecuado para encontrar todo tipo de consejos sobre:<\/p>\n<ul>\n<li><strong>Itinerarios lentos<\/strong>, para recorrer a pie, en bicicleta o a caballo,<\/li>\n<li><strong>Lugares menos conocidos<\/strong> y <strong>m\u00e1s aut\u00e9nticos<\/strong>, para descubrir de manera sostenible,<\/li>\n<li><strong>Viajar de manera m\u00e1s consciente<\/strong> y respetuosa con el planeta.<\/li>\n<\/ul>\n<p data-start=\"2657\" data-end=\"2885\">El turismo es una de las principales causas de contaminaci\u00f3n, y Ecobnb naci\u00f3 para ayudar a los viajeros conscientes a encontrar <strong data-start=\"3738\" data-end=\"3774\">peque\u00f1os alojamientos sostenibles<\/strong>, dando visibilidad a quienes ya trabajan con pasi\u00f3n por un futuro mejor. Con Ecobnb puedes reservar f\u00e1cilmente cualquier tipo de <strong data-start=\"3903\" data-end=\"3929\">estancia eco-friendly<\/strong>: agroturismos inmersos en la naturaleza, casas en los \u00e1rboles, refugios de cero emisiones o hoteles dispersos en antiguos pueblos.<\/p>\n<p data-start=\"4048\" data-end=\"4208\">Cada estancia contribuye a <a href=\"https:\/\/ecobnb.es\/blog\/arboles\/\" target=\"_blank\" rel=\"noopener\"><strong data-start=\"4078\" data-end=\"4125\">reducir el consumo, el desperdicio y las emisiones de CO\u2082<\/strong><\/a>, hasta 8 kg por persona y por d\u00eda, \u00a1el equivalente a <strong data-start=\"4179\" data-end=\"4202\">295 \u00e1rboles plantados<\/strong>!<\/p>\n<h2 data-start=\"3151\" data-end=\"3365\">Crecimiento y proyectos<\/h2>\n<p><img class=\"alignnone size-full wp-image-10530\" src=\"https:\/\/ecobnb.es\/blog\/app\/uploads\/sites\/6\/2025\/11\/untwo-2017-madrid.jpg\" alt=\"untwo 2017 madrid\" width=\"870\" height=\"490\" srcset=\"https:\/\/ecobnb.es\/blog\/app\/uploads\/sites\/6\/2025\/11\/untwo-2017-madrid.jpg 870w, https:\/\/ecobnb.es\/blog\/app\/uploads\/sites\/6\/2025\/11\/untwo-2017-madrid-536x302.jpg 536w, https:\/\/ecobnb.es\/blog\/app\/uploads\/sites\/6\/2025\/11\/untwo-2017-madrid-768x433.jpg 768w, https:\/\/ecobnb.es\/blog\/app\/uploads\/sites\/6\/2025\/11\/untwo-2017-madrid-570x320.jpg 570w, https:\/\/ecobnb.es\/blog\/app\/uploads\/sites\/6\/2025\/11\/untwo-2017-madrid-344x194.jpg 344w\" sizes=\"(max-width: 870px) 100vw, 870px\" \/><\/p>\n<p data-start=\"3402\" data-end=\"3625\"><span style=\"color: initial;\">Gracias al <\/span><a href=\"https:\/\/ecobnb.it\/blog\/2014\/05\/ecodots-unione-europea-turismo-sostenibile\/\" target=\"_blank\" rel=\"noopener\">proyecto<\/a><a href=\"https:\/\/ecobnb.it\/blog\/2014\/05\/ecodots-unione-europea-turismo-sostenibile\/\" target=\"_blank\" rel=\"noopener\"> eu<\/a><a href=\"https:\/\/ecobnb.it\/blog\/2014\/05\/ecodots-unione-europea-turismo-sostenibile\/\" target=\"_blank\" rel=\"noopener\">ropeo<\/a><a href=\"https:\/\/ecobnb.it\/blog\/2014\/05\/ecodots-unione-europea-turismo-sostenibile\/\" target=\"_blank\" rel=\"noopener\"> EcoDots<\/a><span style=\"color: initial;\">, Ecobnb ha podido expandirse internacionalmente, uniendo la hospitalidad eco-friendly de m\u00e1s de 60 pa\u00edses y alineando los criterios de sostenibilidad con las principales certificaciones ambientales.<\/span><\/p>\n<p data-start=\"3627\" data-end=\"3830\">En 2017, la <strong data-start=\"3638\" data-end=\"3677\">Organizaci\u00f3n Mundial del Turismo<\/strong> nos otorg\u00f3 el <a href=\"https:\/\/ecobnb.it\/blog\/2017\/01\/unwto-awards-turismo-sostenibile\/\" target=\"_blank\" rel=\"noopener\">Premio UNWTO<\/a> por la innovaci\u00f3n y la sostenibilidad, un hito importante que nos impuls\u00f3 a seguir innovando y fortaleciendo nuestra comunidad.<\/p>\n<p data-start=\"3832\" data-end=\"4099\">Durante la pandemia de 2020, mientras el turismo global se deten\u00eda, creci\u00f3 la conciencia de que nuestro bienestar est\u00e1 estrechamente conectado con el del planeta. As\u00ed, continuamos apoyando los alojamientos eco-friendly con <strong data-start=\"3962\" data-end=\"4026\">talleres, formaci\u00f3n online y un <\/strong><a href=\"https:\/\/ecobnb.it\/blog\/partner-convenzionati\/\" target=\"_blank\" rel=\"noopener\">cat\u00e1logo de proveedores verdes<\/a>, convirtiendo una crisis en una oportunidad de crecimiento y sostenibilidad.<\/p>\n<p data-start=\"4101\" data-end=\"4372\">En los \u00faltimos a\u00f1os hemos lanzado <strong data-start=\"4136\" data-end=\"4171\">proyectos concretos para la naturaleza<\/strong>: plantaciones de \u00e1rboles aut\u00f3ctonos con agroturismos y agricultores guardianes, y la creaci\u00f3n de <a href=\"https:\/\/ecobnb.es\/blog\/tarjeta-regalo-preservar-bosques-antiguos\/\" target=\"_blank\" rel=\"noopener\"><strong data-start=\"4262\" data-end=\"4292\">bosques centenarios en Italia<\/strong><\/a>, que los viajeros pueden visitar y apoyar gracias a las <a href=\"https:\/\/ecobnb.es\/shop\" target=\"_blank\" rel=\"noopener\"><strong>gift cards de Ecobnb<\/strong><\/a>.<\/p>\n<p><img class=\"alignnone size-full wp-image-10529\" src=\"https:\/\/ecobnb.es\/blog\/app\/uploads\/sites\/6\/2025\/11\/biodiversita-foreste-870x490-1.jpg\" alt=\"bosques y biodiversidad\" width=\"870\" height=\"490\" srcset=\"https:\/\/ecobnb.es\/blog\/app\/uploads\/sites\/6\/2025\/11\/biodiversita-foreste-870x490-1.jpg 870w, https:\/\/ecobnb.es\/blog\/app\/uploads\/sites\/6\/2025\/11\/biodiversita-foreste-870x490-1-536x302.jpg 536w, https:\/\/ecobnb.es\/blog\/app\/uploads\/sites\/6\/2025\/11\/biodiversita-foreste-870x490-1-768x433.jpg 768w, https:\/\/ecobnb.es\/blog\/app\/uploads\/sites\/6\/2025\/11\/biodiversita-foreste-870x490-1-570x320.jpg 570w, https:\/\/ecobnb.es\/blog\/app\/uploads\/sites\/6\/2025\/11\/biodiversita-foreste-870x490-1-344x194.jpg 344w\" sizes=\"(max-width: 870px) 100vw, 870px\" \/><\/p>\n<h2 data-start=\"4403\" data-end=\"4667\">Ven con nosotros<\/h2>\n<p data-start=\"4403\" data-end=\"4667\">Con Ecobnb queremos demostrar que <strong data-start=\"4438\" data-end=\"4472\">un turismo diferente es posible<\/strong>, basado en el respeto por el planeta y quienes lo habitan. <strong>Cada elecci\u00f3n sostenible<\/strong>, cada viaje consciente, cada alojamiento eco-friendly que visitamos juntos es un paso hacia un mundo mejor.<\/p>\n<p data-start=\"4669\" data-end=\"4685\">\u00bfVienes con nosotros?<\/p>\n<p style=\"text-align: right;\" data-start=\"4669\" data-end=\"4685\"><em>P\u00e1gina actualizada en septiembre de<\/em><\/p>\n","protected":false},"excerpt":{"rendered":"<p>C\u00f3mo naci\u00f3 Ecobnb, la aventura emprendida para mejorar la forma de viajar, haciendo que el turismo sea m\u00e1s sostenible, respetuoso con el medio ambiente, los lugares y las comunidades locales. Aqu\u00ed queremos contarte nuestra historia, qui\u00e9nes somos y por qu\u00e9 lo hacemos Somos Simone y Silvia, y en 2013 decidimos revolucionar nuestras vidas creando Ecobnb: [&hellip;]<\/p>\n","protected":false},"author":3,"featured_media":10531,"parent":0,"menu_order":0,"comment_status":"closed","ping_status":"closed","template":"","meta":[],"acf":[],"yoast_head":"<!-- This site is optimized with the Yoast SEO plugin v19.9 - https:\/\/yoast.com\/wordpress\/plugins\/seo\/ -->\n<title>Nuestra historia: c\u00f3mo naci\u00f3 Ecobnb - Ecobnb<\/title>\n<meta name=\"description\" content=\"Descubre la historia de Ecobnb: c\u00f3mo naci\u00f3, a partir del sue\u00f1o de Simone y Silvia, la comunidad m\u00e1s grande dedicada al turismo sostenible.\" \/>\n<meta name=\"robots\" content=\"index, follow, max-snippet:-1, max-image-preview:large, max-video-preview:-1\" \/>\n<link rel=\"canonical\" href=\"https:\/\/ecobnb.es\/blog\/historia\/\" \/>\n<meta property=\"og:locale\" content=\"es_ES\" \/>\n<meta property=\"og:type\" content=\"article\" \/>\n<meta property=\"og:title\" content=\"Nuestra historia: c\u00f3mo naci\u00f3 Ecobnb - Ecobnb\" \/>\n<meta property=\"og:description\" content=\"Descubre la historia de Ecobnb: c\u00f3mo naci\u00f3, a partir del sue\u00f1o de Simone y Silvia, la comunidad m\u00e1s grande dedicada al turismo sostenible.\" \/>\n<meta property=\"og:url\" content=\"https:\/\/ecobnb.es\/blog\/historia\/\" \/>\n<meta property=\"og:site_name\" content=\"Ecobnb\" \/>\n<meta property=\"article:modified_time\" content=\"2025-11-02T11:33:53+00:00\" \/>\n<meta property=\"og:image\" content=\"https:\/\/ecobnb.es\/blog\/app\/uploads\/sites\/6\/2025\/11\/La-Historia-de-Ecobnb.jpg\" \/>\n\t<meta property=\"og:image:width\" content=\"1170\" \/>\n\t<meta property=\"og:image:height\" content=\"490\" \/>\n\t<meta property=\"og:image:type\" content=\"image\/jpeg\" \/>\n<meta name=\"twitter:card\" content=\"summary_large_image\" \/>\n<meta name=\"twitter:label1\" content=\"Est. reading time\" \/>\n\t<meta name=\"twitter:data1\" content=\"5 minutes\" \/>\n<!-- \/ Yoast SEO plugin. -->","yoast_head_json":{"title":"Nuestra historia: c\u00f3mo naci\u00f3 Ecobnb - Ecobnb","description":"Descubre la historia de Ecobnb: c\u00f3mo naci\u00f3, a partir del sue\u00f1o de Simone y Silvia, la comunidad m\u00e1s grande dedicada al turismo sostenible.","robots":{"index":"index","follow":"follow","max-snippet":"max-snippet:-1","max-image-preview":"max-image-preview:large","max-video-preview":"max-video-preview:-1"},"canonical":"https:\/\/ecobnb.es\/blog\/historia\/","og_locale":"es_ES","og_type":"article","og_title":"Nuestra historia: c\u00f3mo naci\u00f3 Ecobnb - Ecobnb","og_description":"Descubre la historia de Ecobnb: c\u00f3mo naci\u00f3, a partir del sue\u00f1o de Simone y Silvia, la comunidad m\u00e1s grande dedicada al turismo sostenible.","og_url":"https:\/\/ecobnb.es\/blog\/historia\/","og_site_name":"Ecobnb","article_modified_time":"2025-11-02T11:33:53+00:00","og_image":[{"width":1170,"height":490,"url":"https:\/\/ecobnb.es\/blog\/app\/uploads\/sites\/6\/2025\/11\/La-Historia-de-Ecobnb.jpg","type":"image\/jpeg"}],"twitter_card":"summary_large_image","twitter_misc":{"Est. reading time":"5 minutes"},"schema":{"@context":"https:\/\/schema.org","@graph":[{"@type":"WebPage","@id":"https:\/\/ecobnb.es\/blog\/historia\/","url":"https:\/\/ecobnb.es\/blog\/historia\/","name":"Nuestra historia: c\u00f3mo naci\u00f3 Ecobnb - Ecobnb","isPartOf":{"@id":"https:\/\/ecobnb.es\/blog\/#website"},"datePublished":"2025-11-02T11:18:54+00:00","dateModified":"2025-11-02T11:33:53+00:00","description":"Descubre la historia de Ecobnb: c\u00f3mo naci\u00f3, a partir del sue\u00f1o de Simone y Silvia, la comunidad m\u00e1s grande dedicada al turismo sostenible.","breadcrumb":{"@id":"https:\/\/ecobnb.es\/blog\/historia\/#breadcrumb"},"inLanguage":"es-ES","potentialAction":[{"@type":"ReadAction","target":["https:\/\/ecobnb.es\/blog\/historia\/"]}]},{"@type":"BreadcrumbList","@id":"https:\/\/ecobnb.es\/blog\/historia\/#breadcrumb","itemListElement":[{"@type":"ListItem","position":1,"name":"Home","item":"https:\/\/ecobnb.es\/blog\/"},{"@type":"ListItem","position":2,"name":"Nuestra historia: c\u00f3mo naci\u00f3 Ecobnb"}]},{"@type":"WebSite","@id":"https:\/\/ecobnb.es\/blog\/#website","url":"https:\/\/ecobnb.es\/blog\/","name":"Ecobnb","description":"Find sustainable accommodation","potentialAction":[{"@type":"SearchAction","target":{"@type":"EntryPoint","urlTemplate":"https:\/\/ecobnb.es\/blog\/?s={search_term_string}"},"query-input":"required name=search_term_string"}],"inLanguage":"es-ES"}]}},"_links":{"self":[{"href":"https:\/\/ecobnb.es\/blog\/wp-json\/wp\/v2\/pages\/10528"}],"collection":[{"href":"https:\/\/ecobnb.es\/blog\/wp-json\/wp\/v2\/pages"}],"about":[{"href":"https:\/\/ecobnb.es\/blog\/wp-json\/wp\/v2\/types\/page"}],"author":[{"embeddable":true,"href":"https:\/\/ecobnb.es\/blog\/wp-json\/wp\/v2\/users\/3"}],"replies":[{"embeddable":true,"href":"https:\/\/ecobnb.es\/blog\/wp-json\/wp\/v2\/comments?post=10528"}],"version-history":[{"count":3,"href":"https:\/\/ecobnb.es\/blog\/wp-json\/wp\/v2\/pages\/10528\/revisions"}],"predecessor-version":[{"id":10538,"href":"https:\/\/ecobnb.es\/blog\/wp-json\/wp\/v2\/pages\/10528\/revisions\/10538"}],"wp:featuredmedia":[{"embeddable":true,"href":"https:\/\/ecobnb.es\/blog\/wp-json\/wp\/v2\/media\/10531"}],"wp:attachment":[{"href":"https:\/\/ecobnb.es\/blog\/wp-json\/wp\/v2\/media?parent=10528"}],"curies":[{"name":"wp","href":"https:\/\/api.w.org\/{rel}","templated":true}]}}